{"id":8851,"date":"2023-04-11T08:06:12","date_gmt":"2023-04-11T07:06:12","guid":{"rendered":"https:\/\/superbydot.com\/politica-de-privacidad\/"},"modified":"2024-01-22T07:27:03","modified_gmt":"2024-01-22T06:27:03","slug":"politica-de-privacidad","status":"publish","type":"page","link":"https:\/\/superbydot.com\/en\/politica-de-privacidad\/","title":{"rendered":"EN Pol\u00edtica de privacidad"},"content":{"rendered":"\t\t<div data-elementor-type=\"wp-page\" data-elementor-id=\"8851\" class=\"elementor elementor-8851 elementor-1431\" data-elementor-post-type=\"page\">\n\t\t\t\t\t\t<section class=\"elementor-section elementor-top-section elementor-element elementor-element-1e06f9f elementor-section-boxed elementor-section-height-default elementor-section-height-default\" data-id=\"1e06f9f\" data-element_type=\"section\" data-e-type=\"section\">\n\t\t\t\t\t\t<div class=\"elementor-container elementor-column-gap-default\">\n\t\t\t\t\t<div class=\"elementor-column elementor-col-100 elementor-top-column elementor-element elementor-element-cbd1d0c\" data-id=\"cbd1d0c\" data-element_type=\"column\" data-e-type=\"column\">\n\t\t\t<div class=\"elementor-widget-wrap elementor-element-populated\">\n\t\t\t\t\t\t<div class=\"elementor-element elementor-element-85f8d43 elementor-widget elementor-widget-heading\" data-id=\"85f8d43\" data-element_type=\"widget\" data-e-type=\"widget\" data-widget_type=\"heading.default\">\n\t\t\t\t<div class=\"elementor-widget-container\">\n\t\t\t\t\t<h1 class=\"elementor-heading-title elementor-size-default\">POL\u00cdTICA DE PRIVACIDAD Y PROTECCI\u00d3N DE DATOS<\/h1>\t\t\t\t<\/div>\n\t\t\t\t<\/div>\n\t\t\t\t\t<\/div>\n\t\t<\/div>\n\t\t\t\t\t<\/div>\n\t\t<\/section>\n\t\t\t\t<section class=\"elementor-section elementor-top-section elementor-element elementor-element-f41ab05 elementor-hidden-desktop elementor-hidden-tablet elementor-hidden-mobile elementor-section-boxed elementor-section-height-default elementor-section-height-default\" data-id=\"f41ab05\" data-element_type=\"section\" data-e-type=\"section\">\n\t\t\t\t\t\t<div class=\"elementor-container elementor-column-gap-default\">\n\t\t\t\t\t<div class=\"elementor-column elementor-col-100 elementor-top-column elementor-element elementor-element-b63884a\" data-id=\"b63884a\" data-element_type=\"column\" data-e-type=\"column\">\n\t\t\t<div class=\"elementor-widget-wrap elementor-element-populated\">\n\t\t\t\t\t\t<section class=\"elementor-section elementor-inner-section elementor-element elementor-element-7f60c71 elementor-section-boxed elementor-section-height-default elementor-section-height-default\" data-id=\"7f60c71\" data-element_type=\"section\" data-e-type=\"section\">\n\t\t\t\t\t\t<div class=\"elementor-container elementor-column-gap-default\">\n\t\t\t\t\t<div class=\"elementor-column elementor-col-33 elementor-inner-column elementor-element elementor-element-e94848f\" data-id=\"e94848f\" data-element_type=\"column\" data-e-type=\"column\">\n\t\t\t<div class=\"elementor-widget-wrap elementor-element-populated\">\n\t\t\t\t\t\t<div class=\"elementor-element elementor-element-caa5d4b elementor-widget elementor-widget-heading\" data-id=\"caa5d4b\" data-element_type=\"widget\" data-e-type=\"widget\" data-widget_type=\"heading.default\">\n\t\t\t\t<div class=\"elementor-widget-container\">\n\t\t\t\t\t<h2 class=\"elementor-heading-title elementor-size-default\">MENSUAL<\/h2>\t\t\t\t<\/div>\n\t\t\t\t<\/div>\n\t\t\t\t\t<\/div>\n\t\t<\/div>\n\t\t\t\t<div class=\"elementor-column elementor-col-33 elementor-inner-column elementor-element elementor-element-95a1dd6\" data-id=\"95a1dd6\" data-element_type=\"column\" data-e-type=\"column\">\n\t\t\t<div class=\"elementor-widget-wrap elementor-element-populated\">\n\t\t\t\t\t\t<div class=\"elementor-element elementor-element-a30201f elementor-widget elementor-widget-heading\" data-id=\"a30201f\" data-element_type=\"widget\" data-e-type=\"widget\" data-widget_type=\"heading.default\">\n\t\t\t\t<div class=\"elementor-widget-container\">\n\t\t\t\t\t<h2 class=\"elementor-heading-title elementor-size-default\">REGALO<\/h2>\t\t\t\t<\/div>\n\t\t\t\t<\/div>\n\t\t\t\t\t<\/div>\n\t\t<\/div>\n\t\t\t\t<div class=\"elementor-column elementor-col-33 elementor-inner-column elementor-element elementor-element-dbf10bd\" data-id=\"dbf10bd\" data-element_type=\"column\" data-e-type=\"column\">\n\t\t\t<div class=\"elementor-widget-wrap elementor-element-populated\">\n\t\t\t\t\t\t<div class=\"elementor-element elementor-element-9499a7d elementor-widget elementor-widget-heading\" data-id=\"9499a7d\" data-element_type=\"widget\" data-e-type=\"widget\" data-widget_type=\"heading.default\">\n\t\t\t\t<div class=\"elementor-widget-container\">\n\t\t\t\t\t<h2 class=\"elementor-heading-title elementor-size-default\">VINITO &amp; CAF\u00c9<\/h2>\t\t\t\t<\/div>\n\t\t\t\t<\/div>\n\t\t\t\t\t<\/div>\n\t\t<\/div>\n\t\t\t\t\t<\/div>\n\t\t<\/section>\n\t\t\t\t\t<\/div>\n\t\t<\/div>\n\t\t\t\t\t<\/div>\n\t\t<\/section>\n\t\t\t\t<section class=\"elementor-section elementor-top-section elementor-element elementor-element-fed726f elementor-section-boxed elementor-section-height-default elementor-section-height-default\" data-id=\"fed726f\" data-element_type=\"section\" data-e-type=\"section\">\n\t\t\t\t\t\t<div class=\"elementor-container elementor-column-gap-default\">\n\t\t\t\t\t<div class=\"elementor-column elementor-col-100 elementor-top-column elementor-element elementor-element-c138617\" data-id=\"c138617\" data-element_type=\"column\" data-e-type=\"column\">\n\t\t\t<div class=\"elementor-widget-wrap elementor-element-populated\">\n\t\t\t\t\t\t<div class=\"elementor-element elementor-element-0005fa0 elementor-widget elementor-widget-text-editor\" data-id=\"0005fa0\" data-element_type=\"widget\" data-e-type=\"widget\" data-widget_type=\"text-editor.default\">\n\t\t\t\t<div class=\"elementor-widget-container\">\n\t\t\t\t\t\t\t\t\t<p>DOT ensures the protection and confidentiality of personal data, of any type provided by our client companies, in accordance with the provisions of Organic Law 15\/1999, of December 13, on the Protection of Personal Data.<\/p><p>All data provided by our client companies to DOT or its personnel will be included in an automated file of personal data created and maintained under the responsibility of DOT, essential for providing the services requested by users.<\/p><p>The provided data will be processed in accordance with the Security Measures Regulation (Royal Decree 1720\/2007 of December 21). In this regard, DOT has adopted the levels of protection legally required and has implemented all technical measures at its disposal to prevent loss, misuse, alteration, and unauthorized access by third parties. However, the user should be aware that security measures on the Internet are not impregnable. In the event that the user deems it appropriate to transfer their personal data to other entities, they will be informed of the data transferred, the purpose of the file, and the name and address of the assignee, so that they can give their unequivocal consent in this regard.<\/p><p>In compliance with the provisions of the GDPR, the user may exercise their rights of access, rectification, cancellation, and opposition. To do so, they must contact us at <a href=\"mailto:hola@superbydot.com\">hola@superbydot.com.<\/a><\/p>\t\t\t\t\t\t\t\t<\/div>\n\t\t\t\t<\/div>\n\t\t\t\t\t<\/div>\n\t\t<\/div>\n\t\t\t\t\t<\/div>\n\t\t<\/section>\n\t\t\t\t<\/div>\n\t\t","protected":false},"excerpt":{"rendered":"<p>POL\u00cdTICA DE PRIVACIDAD Y PROTECCI\u00d3N DE DATOS MENSUAL REGALO VINITO &#038; CAF\u00c9 DOT ensures the protection and confidentiality of personal data, of any type provided by our client companies, in accordance with the provisions of Organic Law 15\/1999, of December 13, on the Protection of Personal Data. All data provided by our client companies to [&hellip;]<\/p>\n","protected":false},"author":1,"featured_media":0,"parent":0,"menu_order":0,"comment_status":"closed","ping_status":"closed","template":"","meta":{"site-sidebar-layout":"no-sidebar","site-content-layout":"page-builder","ast-site-content-layout":"full-width-container","site-content-style":"unboxed","site-sidebar-style":"unboxed","ast-global-header-display":"","ast-banner-title-visibility":"","ast-main-header-display":"","ast-hfb-above-header-display":"","ast-hfb-below-header-display":"","ast-hfb-mobile-header-display":"","site-post-title":"disabled","ast-breadcrumbs-content":"","ast-featured-img":"disabled","footer-sml-layout":"","ast-disable-related-posts":"","theme-transparent-header-meta":"","adv-header-id-meta":"","stick-header-meta":"","header-above-stick-meta":"","header-main-stick-meta":"","header-below-stick-meta":"","astra-migrate-meta-layouts":"set","ast-page-background-enabled":"default","ast-page-background-meta":{"desktop":{"background-color":"var(--ast-global-color-4)","background-image":"","background-repeat":"repeat","background-position":"center center","background-size":"auto","background-attachment":"scroll","background-type":"","background-media":"","overlay-type":"","overlay-color":"","overlay-opacity":"","overlay-gradient":""},"tablet":{"background-color":"","background-image":"","background-repeat":"repeat","background-position":"center center","background-size":"auto","background-attachment":"scroll","background-type":"","background-media":"","overlay-type":"","overlay-color":"","overlay-opacity":"","overlay-gradient":""},"mobile":{"background-color":"","background-image":"","background-repeat":"repeat","background-position":"center center","background-size":"auto","background-attachment":"scroll","background-type":"","background-media":"","overlay-type":"","overlay-color":"","overlay-opacity":"","overlay-gradient":""}},"ast-content-background-meta":{"desktop":{"background-color":"var(--ast-global-color-5)","background-image":"","background-repeat":"repeat","background-position":"center center","background-size":"auto","background-attachment":"scroll","background-type":"","background-media":"","overlay-type":"","overlay-color":"","overlay-opacity":"","overlay-gradient":""},"tablet":{"background-color":"var(--ast-global-color-5)","background-image":"","background-repeat":"repeat","background-position":"center center","background-size":"auto","background-attachment":"scroll","background-type":"","background-media":"","overlay-type":"","overlay-color":"","overlay-opacity":"","overlay-gradient":""},"mobile":{"background-color":"var(--ast-global-color-5)","background-image":"","background-repeat":"repeat","background-position":"center center","background-size":"auto","background-attachment":"scroll","background-type":"","background-media":"","overlay-type":"","overlay-color":"","overlay-opacity":"","overlay-gradient":""}},"footnotes":""},"class_list":["post-8851","page","type-page","status-publish","hentry"],"yoast_head":"<!-- This site is optimized with the Yoast SEO plugin v27.2 - https:\/\/yoast.com\/product\/yoast-seo-wordpress\/ -->\n<title>EN Pol\u00edtica de privacidad - Super by Dot<\/title>\n<meta name=\"robots\" content=\"index, follow, max-snippet:-1, max-image-preview:large, max-video-preview:-1\" \/>\n<link rel=\"canonical\" href=\"https:\/\/superbydot.com\/en\/politica-de-privacidad\/\" \/>\n<meta property=\"og:locale\" content=\"en_US\" \/>\n<meta property=\"og:type\" content=\"article\" \/>\n<meta property=\"og:title\" content=\"EN Pol\u00edtica de privacidad - Super by Dot\" \/>\n<meta property=\"og:description\" content=\"POL\u00cdTICA DE PRIVACIDAD Y PROTECCI\u00d3N DE DATOS MENSUAL REGALO VINITO &#038; CAF\u00c9 DOT ensures the protection and confidentiality of personal data, of any type provided by our client companies, in accordance with the provisions of Organic Law 15\/1999, of December 13, on the Protection of Personal Data. All data provided by our client companies to [&hellip;]\" \/>\n<meta property=\"og:url\" content=\"https:\/\/superbydot.com\/en\/politica-de-privacidad\/\" \/>\n<meta property=\"og:site_name\" content=\"Super by Dot\" \/>\n<meta property=\"article:modified_time\" content=\"2024-01-22T06:27:03+00:00\" \/>\n<meta name=\"twitter:card\" content=\"summary_large_image\" \/>\n<meta name=\"twitter:label1\" content=\"Est. reading time\" \/>\n\t<meta name=\"twitter:data1\" content=\"1 minute\" \/>\n<script type=\"application\/ld+json\" class=\"yoast-schema-graph\">{\"@context\":\"https:\/\/schema.org\",\"@graph\":[{\"@type\":\"WebPage\",\"@id\":\"https:\/\/superbydot.com\/en\/politica-de-privacidad\/\",\"url\":\"https:\/\/superbydot.com\/en\/politica-de-privacidad\/\",\"name\":\"EN Pol\u00edtica de privacidad - Super by Dot\",\"isPartOf\":{\"@id\":\"https:\/\/superbydot.com\/#website\"},\"datePublished\":\"2023-04-11T07:06:12+00:00\",\"dateModified\":\"2024-01-22T06:27:03+00:00\",\"breadcrumb\":{\"@id\":\"https:\/\/superbydot.com\/en\/politica-de-privacidad\/#breadcrumb\"},\"inLanguage\":\"en-US\",\"potentialAction\":[{\"@type\":\"ReadAction\",\"target\":[\"https:\/\/superbydot.com\/en\/politica-de-privacidad\/\"]}]},{\"@type\":\"BreadcrumbList\",\"@id\":\"https:\/\/superbydot.com\/en\/politica-de-privacidad\/#breadcrumb\",\"itemListElement\":[{\"@type\":\"ListItem\",\"position\":1,\"name\":\"Portada\",\"item\":\"https:\/\/superbydot.com\/\"},{\"@type\":\"ListItem\",\"position\":2,\"name\":\"EN Pol\u00edtica de privacidad\"}]},{\"@type\":\"WebSite\",\"@id\":\"https:\/\/superbydot.com\/#website\",\"url\":\"https:\/\/superbydot.com\/\",\"name\":\"Super by Dot\",\"description\":\"SUPER es un SUPER de barrio\",\"publisher\":{\"@id\":\"https:\/\/superbydot.com\/#organization\"},\"potentialAction\":[{\"@type\":\"SearchAction\",\"target\":{\"@type\":\"EntryPoint\",\"urlTemplate\":\"https:\/\/superbydot.com\/?s={search_term_string}\"},\"query-input\":{\"@type\":\"PropertyValueSpecification\",\"valueRequired\":true,\"valueName\":\"search_term_string\"}}],\"inLanguage\":\"en-US\"},{\"@type\":\"Organization\",\"@id\":\"https:\/\/superbydot.com\/#organization\",\"name\":\"Super by Dot\",\"url\":\"https:\/\/superbydot.com\/\",\"logo\":{\"@type\":\"ImageObject\",\"inLanguage\":\"en-US\",\"@id\":\"https:\/\/superbydot.com\/#\/schema\/logo\/image\/\",\"url\":\"https:\/\/superbydot.com\/wp-content\/uploads\/2023\/04\/logotipo_super_blanco.svg\",\"contentUrl\":\"https:\/\/superbydot.com\/wp-content\/uploads\/2023\/04\/logotipo_super_blanco.svg\",\"caption\":\"Super by Dot\"},\"image\":{\"@id\":\"https:\/\/superbydot.com\/#\/schema\/logo\/image\/\"}}]}<\/script>\n<!-- \/ Yoast SEO plugin. -->","yoast_head_json":{"title":"EN Pol\u00edtica de privacidad - Super by Dot","robots":{"index":"index","follow":"follow","max-snippet":"max-snippet:-1","max-image-preview":"max-image-preview:large","max-video-preview":"max-video-preview:-1"},"canonical":"https:\/\/superbydot.com\/en\/politica-de-privacidad\/","og_locale":"en_US","og_type":"article","og_title":"EN Pol\u00edtica de privacidad - Super by Dot","og_description":"POL\u00cdTICA DE PRIVACIDAD Y PROTECCI\u00d3N DE DATOS MENSUAL REGALO VINITO &#038; CAF\u00c9 DOT ensures the protection and confidentiality of personal data, of any type provided by our client companies, in accordance with the provisions of Organic Law 15\/1999, of December 13, on the Protection of Personal Data. All data provided by our client companies to [&hellip;]","og_url":"https:\/\/superbydot.com\/en\/politica-de-privacidad\/","og_site_name":"Super by Dot","article_modified_time":"2024-01-22T06:27:03+00:00","twitter_card":"summary_large_image","twitter_misc":{"Est. reading time":"1 minute"},"schema":{"@context":"https:\/\/schema.org","@graph":[{"@type":"WebPage","@id":"https:\/\/superbydot.com\/en\/politica-de-privacidad\/","url":"https:\/\/superbydot.com\/en\/politica-de-privacidad\/","name":"EN Pol\u00edtica de privacidad - Super by Dot","isPartOf":{"@id":"https:\/\/superbydot.com\/#website"},"datePublished":"2023-04-11T07:06:12+00:00","dateModified":"2024-01-22T06:27:03+00:00","breadcrumb":{"@id":"https:\/\/superbydot.com\/en\/politica-de-privacidad\/#breadcrumb"},"inLanguage":"en-US","potentialAction":[{"@type":"ReadAction","target":["https:\/\/superbydot.com\/en\/politica-de-privacidad\/"]}]},{"@type":"BreadcrumbList","@id":"https:\/\/superbydot.com\/en\/politica-de-privacidad\/#breadcrumb","itemListElement":[{"@type":"ListItem","position":1,"name":"Portada","item":"https:\/\/superbydot.com\/"},{"@type":"ListItem","position":2,"name":"EN Pol\u00edtica de privacidad"}]},{"@type":"WebSite","@id":"https:\/\/superbydot.com\/#website","url":"https:\/\/superbydot.com\/","name":"Super by Dot","description":"SUPER es un SUPER de barrio","publisher":{"@id":"https:\/\/superbydot.com\/#organization"},"potentialAction":[{"@type":"SearchAction","target":{"@type":"EntryPoint","urlTemplate":"https:\/\/superbydot.com\/?s={search_term_string}"},"query-input":{"@type":"PropertyValueSpecification","valueRequired":true,"valueName":"search_term_string"}}],"inLanguage":"en-US"},{"@type":"Organization","@id":"https:\/\/superbydot.com\/#organization","name":"Super by Dot","url":"https:\/\/superbydot.com\/","logo":{"@type":"ImageObject","inLanguage":"en-US","@id":"https:\/\/superbydot.com\/#\/schema\/logo\/image\/","url":"https:\/\/superbydot.com\/wp-content\/uploads\/2023\/04\/logotipo_super_blanco.svg","contentUrl":"https:\/\/superbydot.com\/wp-content\/uploads\/2023\/04\/logotipo_super_blanco.svg","caption":"Super by Dot"},"image":{"@id":"https:\/\/superbydot.com\/#\/schema\/logo\/image\/"}}]}},"_links":{"self":[{"href":"https:\/\/superbydot.com\/en\/wp-json\/wp\/v2\/pages\/8851","targetHints":{"allow":["GET"]}}],"collection":[{"href":"https:\/\/superbydot.com\/en\/wp-json\/wp\/v2\/pages"}],"about":[{"href":"https:\/\/superbydot.com\/en\/wp-json\/wp\/v2\/types\/page"}],"author":[{"embeddable":true,"href":"https:\/\/superbydot.com\/en\/wp-json\/wp\/v2\/users\/1"}],"replies":[{"embeddable":true,"href":"https:\/\/superbydot.com\/en\/wp-json\/wp\/v2\/comments?post=8851"}],"version-history":[{"count":5,"href":"https:\/\/superbydot.com\/en\/wp-json\/wp\/v2\/pages\/8851\/revisions"}],"predecessor-version":[{"id":8857,"href":"https:\/\/superbydot.com\/en\/wp-json\/wp\/v2\/pages\/8851\/revisions\/8857"}],"wp:attachment":[{"href":"https:\/\/superbydot.com\/en\/wp-json\/wp\/v2\/media?parent=8851"}],"curies":[{"name":"wp","href":"https:\/\/api.w.org\/{rel}","templated":true}]}}