{"id":13327,"date":"2024-07-12T17:46:14","date_gmt":"2024-07-12T16:46:14","guid":{"rendered":"https:\/\/superbydot.com\/?post_type=product&#038;p=13327"},"modified":"2026-01-08T17:12:25","modified_gmt":"2026-01-08T16:12:25","slug":"aceite-de-chile-muy-picante","status":"publish","type":"product","link":"https:\/\/superbydot.com\/en\/tienda\/food\/oils\/aceite-de-chile-muy-picante\/","title":{"rendered":"Chili Oil\u00a0&#8211; Olea Pia"},"content":{"rendered":"<p>Aceite de chile creado especialmente para pizza. Te sorprender\u00e1 c\u00f3mo es capaz de realzar al m\u00e1ximo el sabor de tu pizza con una explosi\u00f3n de aromas.<br \/>\nEste aceite s\u00faper picante nace de la infusi\u00f3n de Aceite de Oliva Virgen Extra ECOL\u00d3GICO y una mezcla equilibrada de algunos de los chiles m\u00e1s picantes del mundo, trabajados en fr\u00edo para conservar todas las propiedades nutricionales y organol\u00e9pticas.<br \/>\nAs\u00ed, dependiendo del gusto personal, se pueden obtener todos los niveles de picante hasta el m\u00e1s intenso buscado por verdaderos aficionados y conocedores.<br \/>\nDurante el proceso de elaboraci\u00f3n se han adoptado t\u00e9cnicas de procesamiento que permiten mantener intactos los aromas del chile fresco. El sabor de este aceite no s\u00f3lo satisface el paladar con la sensaci\u00f3n de calor, sino tambi\u00e9n la nariz a trav\u00e9s de las notas fragantes del aj\u00ed fresco.<\/p>\n<p>Formato 250ml<br \/>\nOrigen: Toscana<br \/>\nIngredientes: Chiles de cultivo ecol\u00f3gico\/biodin\u00e1mico, aceite de oliva virgen extra ecol\u00f3gico.<\/p>\n<p>Conservaci\u00f3n: Almacenar en un lugar fresco y alejado de fuentes de luz. Una vez abierto no es necesario conservarlo en el frigor\u00edfico.<\/p>\n","protected":false},"excerpt":{"rendered":"<p>Aceite de chile creado especialmente para pizza. Te sorprender\u00e1 c\u00f3mo es capaz de realzar al m\u00e1ximo el sabor de tu pizza con una explosi\u00f3n de aromas. Este aceite s\u00faper picante nace de la infusi\u00f3n de Aceite de Oliva Virgen Extra ECOL\u00d3GICO y una mezcla equilibrada de algunos de los chiles m\u00e1s picantes del mundo, trabajados [&hellip;]<\/p>\n","protected":false},"featured_media":15436,"template":"","meta":{"site-sidebar-layout":"default","site-content-layout":"","ast-site-content-layout":"default","site-content-style":"default","site-sidebar-style":"default","ast-global-header-display":"","ast-banner-title-visibility":"","ast-main-header-display":"","ast-hfb-above-header-display":"","ast-hfb-below-header-display":"","ast-hfb-mobile-header-display":"","site-post-title":"","ast-breadcrumbs-content":"","ast-featured-img":"","footer-sml-layout":"","ast-disable-related-posts":"","theme-transparent-header-meta":"default","adv-header-id-meta":"","stick-header-meta":"","header-above-stick-meta":"","header-main-stick-meta":"","header-below-stick-meta":"","astra-migrate-meta-layouts":"set","ast-page-background-enabled":"default","ast-page-background-meta":{"desktop":{"background-color":"var(--ast-global-color-4)","background-image":"","background-repeat":"repeat","background-position":"center center","background-size":"auto","background-attachment":"scroll","background-type":"","background-media":"","overlay-type":"","overlay-color":"","overlay-opacity":"","overlay-gradient":""},"tablet":{"background-color":"","background-image":"","background-repeat":"repeat","background-position":"center center","background-size":"auto","background-attachment":"scroll","background-type":"","background-media":"","overlay-type":"","overlay-color":"","overlay-opacity":"","overlay-gradient":""},"mobile":{"background-color":"","background-image":"","background-repeat":"repeat","background-position":"center center","background-size":"auto","background-attachment":"scroll","background-type":"","background-media":"","overlay-type":"","overlay-color":"","overlay-opacity":"","overlay-gradient":""}},"ast-content-background-meta":{"desktop":{"background-color":"var(--ast-global-color-5)","background-image":"","background-repeat":"repeat","background-position":"center center","background-size":"auto","background-attachment":"scroll","background-type":"","background-media":"","overlay-type":"","overlay-color":"","overlay-opacity":"","overlay-gradient":""},"tablet":{"background-color":"var(--ast-global-color-5)","background-image":"","background-repeat":"repeat","background-position":"center center","background-size":"auto","background-attachment":"scroll","background-type":"","background-media":"","overlay-type":"","overlay-color":"","overlay-opacity":"","overlay-gradient":""},"mobile":{"background-color":"var(--ast-global-color-5)","background-image":"","background-repeat":"repeat","background-position":"center center","background-size":"auto","background-attachment":"scroll","background-type":"","background-media":"","overlay-type":"","overlay-color":"","overlay-opacity":"","overlay-gradient":""}}},"product_brand":[],"product_cat":[39,48],"product_tag":[],"class_list":{"0":"post-13327","1":"product","2":"type-product","3":"status-publish","4":"has-post-thumbnail","6":"product_cat-aceites","7":"product_cat-comida","8":"yith_product_brand-olea-pia","9":"desktop-align-left","10":"tablet-align-left","11":"mobile-align-left","13":"first","14":"instock","15":"taxable","16":"shipping-taxable","17":"purchasable","18":"product-type-simple"},"bundled_by":["22622"],"bundle_stock_status":"instock","bundle_stock_quantity":3,"bundle_virtual":false,"bundle_layout":"","bundle_add_to_cart_form_location":"","bundle_editable_in_cart":false,"bundle_sold_individually_context":"","bundle_item_grouping":"","bundle_min_size":"","bundle_max_size":"","bundle_price":[],"bundled_items":[],"bundle_sell_ids":[],"yoast_head":"<!-- This site is optimized with the Yoast SEO plugin v27.3 - https:\/\/yoast.com\/product\/yoast-seo-wordpress\/ -->\n<title>Chili Oil\u00a0- Olea Pia - Super by Dot<\/title>\n<meta name=\"description\" content=\"Aceite de chile creado especialmente para pizza. Te sorprender\u00e1 c\u00f3mo es capaz de realzar al m\u00e1ximo el sabor de tu pizza con una explosi\u00f3n de aromas. Este aceite s\u00faper picante nace de la infusi\u00f3n de Aceite de Oliva Virgen Extra ECOL\u00d3GICO y una mezcla equilibrada de algunos de los chiles m\u00e1s picantes del mundo, trabajados en fr\u00edo para conservar todas las propiedades nutricionales y organol\u00e9pticas. As\u00ed, dependiendo del gusto personal, se pueden obtener todos los niveles de picante hasta el m\u00e1s intenso buscado por verdaderos aficionados y conocedores. Durante el proceso de elaboraci\u00f3n se han adoptado t\u00e9cnicas de procesamiento que permiten mantener intactos los aromas del chile fresco. El sabor de este aceite no s\u00f3lo satisface el paladar con la sensaci\u00f3n de calor, sino tambi\u00e9n la nariz a trav\u00e9s de las notas fragantes del aj\u00ed fresco.\" \/>\n<meta name=\"robots\" content=\"index, follow, max-snippet:-1, max-image-preview:large, max-video-preview:-1\" \/>\n<link rel=\"canonical\" href=\"https:\/\/superbydot.com\/tienda\/comida\/aceites\/aceite-de-chile-muy-picante\/\" \/>\n<meta property=\"og:locale\" content=\"en_US\" \/>\n<meta property=\"og:type\" content=\"article\" \/>\n<meta property=\"og:title\" content=\"Chili Oil\u00a0- Olea Pia - Super by Dot\" \/>\n<meta property=\"og:description\" content=\"Aceite de chile creado especialmente para pizza. Te sorprender\u00e1 c\u00f3mo es capaz de realzar al m\u00e1ximo el sabor de tu pizza con una explosi\u00f3n de aromas. Este aceite s\u00faper picante nace de la infusi\u00f3n de Aceite de Oliva Virgen Extra ECOL\u00d3GICO y una mezcla equilibrada de algunos de los chiles m\u00e1s picantes del mundo, trabajados en fr\u00edo para conservar todas las propiedades nutricionales y organol\u00e9pticas. As\u00ed, dependiendo del gusto personal, se pueden obtener todos los niveles de picante hasta el m\u00e1s intenso buscado por verdaderos aficionados y conocedores. Durante el proceso de elaboraci\u00f3n se han adoptado t\u00e9cnicas de procesamiento que permiten mantener intactos los aromas del chile fresco. El sabor de este aceite no s\u00f3lo satisface el paladar con la sensaci\u00f3n de calor, sino tambi\u00e9n la nariz a trav\u00e9s de las notas fragantes del aj\u00ed fresco.\" \/>\n<meta property=\"og:url\" content=\"https:\/\/superbydot.com\/tienda\/comida\/aceites\/aceite-de-chile-muy-picante\/\" \/>\n<meta property=\"og:site_name\" content=\"Super by Dot\" \/>\n<meta property=\"article:modified_time\" content=\"2026-01-08T16:12:25+00:00\" \/>\n<meta property=\"og:image\" content=\"https:\/\/superbydot.com\/wp-content\/uploads\/2024\/07\/olea_pia_chilli_oil.jpg\" \/>\n\t<meta property=\"og:image:width\" content=\"1080\" \/>\n\t<meta property=\"og:image:height\" content=\"1080\" \/>\n\t<meta property=\"og:image:type\" content=\"image\/jpeg\" \/>\n<meta name=\"twitter:card\" content=\"summary_large_image\" \/>\n<meta name=\"twitter:label1\" content=\"Est. reading time\" \/>\n\t<meta name=\"twitter:data1\" content=\"1 minute\" \/>\n<script type=\"application\/ld+json\" class=\"yoast-schema-graph\">{\"@context\":\"https:\\\/\\\/schema.org\",\"@graph\":[{\"@type\":\"WebPage\",\"@id\":\"https:\\\/\\\/superbydot.com\\\/tienda\\\/comida\\\/aceites\\\/aceite-de-chile-muy-picante\\\/\",\"url\":\"https:\\\/\\\/superbydot.com\\\/tienda\\\/comida\\\/aceites\\\/aceite-de-chile-muy-picante\\\/\",\"name\":\"Chili Oil\u00a0- Olea Pia - Super by Dot\",\"isPartOf\":{\"@id\":\"https:\\\/\\\/superbydot.com\\\/#website\"},\"primaryImageOfPage\":{\"@id\":\"https:\\\/\\\/superbydot.com\\\/tienda\\\/comida\\\/aceites\\\/aceite-de-chile-muy-picante\\\/#primaryimage\"},\"image\":{\"@id\":\"https:\\\/\\\/superbydot.com\\\/tienda\\\/comida\\\/aceites\\\/aceite-de-chile-muy-picante\\\/#primaryimage\"},\"thumbnailUrl\":\"https:\\\/\\\/superbydot.com\\\/wp-content\\\/uploads\\\/2024\\\/07\\\/olea_pia_chilli_oil.jpg\",\"datePublished\":\"2024-07-12T16:46:14+00:00\",\"dateModified\":\"2026-01-08T16:12:25+00:00\",\"description\":\"Aceite de chile creado especialmente para pizza. Te sorprender\u00e1 c\u00f3mo es capaz de realzar al m\u00e1ximo el sabor de tu pizza con una explosi\u00f3n de aromas. Este aceite s\u00faper picante nace de la infusi\u00f3n de Aceite de Oliva Virgen Extra ECOL\u00d3GICO y una mezcla equilibrada de algunos de los chiles m\u00e1s picantes del mundo, trabajados en fr\u00edo para conservar todas las propiedades nutricionales y organol\u00e9pticas. As\u00ed, dependiendo del gusto personal, se pueden obtener todos los niveles de picante hasta el m\u00e1s intenso buscado por verdaderos aficionados y conocedores. Durante el proceso de elaboraci\u00f3n se han adoptado t\u00e9cnicas de procesamiento que permiten mantener intactos los aromas del chile fresco. El sabor de este aceite no s\u00f3lo satisface el paladar con la sensaci\u00f3n de calor, sino tambi\u00e9n la nariz a trav\u00e9s de las notas fragantes del aj\u00ed fresco.\",\"breadcrumb\":{\"@id\":\"https:\\\/\\\/superbydot.com\\\/tienda\\\/comida\\\/aceites\\\/aceite-de-chile-muy-picante\\\/#breadcrumb\"},\"inLanguage\":\"en-US\",\"potentialAction\":[{\"@type\":\"ReadAction\",\"target\":[\"https:\\\/\\\/superbydot.com\\\/tienda\\\/comida\\\/aceites\\\/aceite-de-chile-muy-picante\\\/\"]}]},{\"@type\":\"ImageObject\",\"inLanguage\":\"en-US\",\"@id\":\"https:\\\/\\\/superbydot.com\\\/tienda\\\/comida\\\/aceites\\\/aceite-de-chile-muy-picante\\\/#primaryimage\",\"url\":\"https:\\\/\\\/superbydot.com\\\/wp-content\\\/uploads\\\/2024\\\/07\\\/olea_pia_chilli_oil.jpg\",\"contentUrl\":\"https:\\\/\\\/superbydot.com\\\/wp-content\\\/uploads\\\/2024\\\/07\\\/olea_pia_chilli_oil.jpg\",\"width\":1080,\"height\":1080},{\"@type\":\"BreadcrumbList\",\"@id\":\"https:\\\/\\\/superbydot.com\\\/tienda\\\/comida\\\/aceites\\\/aceite-de-chile-muy-picante\\\/#breadcrumb\",\"itemListElement\":[{\"@type\":\"ListItem\",\"position\":1,\"name\":\"Portada\",\"item\":\"https:\\\/\\\/superbydot.com\\\/\"},{\"@type\":\"ListItem\",\"position\":2,\"name\":\"EN Tienda\",\"item\":\"https:\\\/\\\/superbydot.com\\\/en\\\/store\\\/\"},{\"@type\":\"ListItem\",\"position\":3,\"name\":\"Chili Oil\u00a0&#8211; Olea Pia\"}]},{\"@type\":\"WebSite\",\"@id\":\"https:\\\/\\\/superbydot.com\\\/#website\",\"url\":\"https:\\\/\\\/superbydot.com\\\/\",\"name\":\"Super by Dot\",\"description\":\"SUPER es un SUPER de barrio\",\"publisher\":{\"@id\":\"https:\\\/\\\/superbydot.com\\\/#organization\"},\"potentialAction\":[{\"@type\":\"SearchAction\",\"target\":{\"@type\":\"EntryPoint\",\"urlTemplate\":\"https:\\\/\\\/superbydot.com\\\/?s={search_term_string}\"},\"query-input\":{\"@type\":\"PropertyValueSpecification\",\"valueRequired\":true,\"valueName\":\"search_term_string\"}}],\"inLanguage\":\"en-US\"},{\"@type\":\"Organization\",\"@id\":\"https:\\\/\\\/superbydot.com\\\/#organization\",\"name\":\"Super by Dot\",\"url\":\"https:\\\/\\\/superbydot.com\\\/\",\"logo\":{\"@type\":\"ImageObject\",\"inLanguage\":\"en-US\",\"@id\":\"https:\\\/\\\/superbydot.com\\\/#\\\/schema\\\/logo\\\/image\\\/\",\"url\":\"https:\\\/\\\/superbydot.com\\\/wp-content\\\/uploads\\\/2023\\\/04\\\/logotipo_super_blanco.svg\",\"contentUrl\":\"https:\\\/\\\/superbydot.com\\\/wp-content\\\/uploads\\\/2023\\\/04\\\/logotipo_super_blanco.svg\",\"caption\":\"Super by Dot\"},\"image\":{\"@id\":\"https:\\\/\\\/superbydot.com\\\/#\\\/schema\\\/logo\\\/image\\\/\"}}]}<\/script>\n<!-- \/ Yoast SEO plugin. -->","yoast_head_json":{"title":"Chili Oil\u00a0- Olea Pia - Super by Dot","description":"Aceite de chile creado especialmente para pizza. Te sorprender\u00e1 c\u00f3mo es capaz de realzar al m\u00e1ximo el sabor de tu pizza con una explosi\u00f3n de aromas. Este aceite s\u00faper picante nace de la infusi\u00f3n de Aceite de Oliva Virgen Extra ECOL\u00d3GICO y una mezcla equilibrada de algunos de los chiles m\u00e1s picantes del mundo, trabajados en fr\u00edo para conservar todas las propiedades nutricionales y organol\u00e9pticas. As\u00ed, dependiendo del gusto personal, se pueden obtener todos los niveles de picante hasta el m\u00e1s intenso buscado por verdaderos aficionados y conocedores. Durante el proceso de elaboraci\u00f3n se han adoptado t\u00e9cnicas de procesamiento que permiten mantener intactos los aromas del chile fresco. El sabor de este aceite no s\u00f3lo satisface el paladar con la sensaci\u00f3n de calor, sino tambi\u00e9n la nariz a trav\u00e9s de las notas fragantes del aj\u00ed fresco.","robots":{"index":"index","follow":"follow","max-snippet":"max-snippet:-1","max-image-preview":"max-image-preview:large","max-video-preview":"max-video-preview:-1"},"canonical":"https:\/\/superbydot.com\/tienda\/comida\/aceites\/aceite-de-chile-muy-picante\/","og_locale":"en_US","og_type":"article","og_title":"Chili Oil\u00a0- Olea Pia - Super by Dot","og_description":"Aceite de chile creado especialmente para pizza. Te sorprender\u00e1 c\u00f3mo es capaz de realzar al m\u00e1ximo el sabor de tu pizza con una explosi\u00f3n de aromas. Este aceite s\u00faper picante nace de la infusi\u00f3n de Aceite de Oliva Virgen Extra ECOL\u00d3GICO y una mezcla equilibrada de algunos de los chiles m\u00e1s picantes del mundo, trabajados en fr\u00edo para conservar todas las propiedades nutricionales y organol\u00e9pticas. As\u00ed, dependiendo del gusto personal, se pueden obtener todos los niveles de picante hasta el m\u00e1s intenso buscado por verdaderos aficionados y conocedores. Durante el proceso de elaboraci\u00f3n se han adoptado t\u00e9cnicas de procesamiento que permiten mantener intactos los aromas del chile fresco. El sabor de este aceite no s\u00f3lo satisface el paladar con la sensaci\u00f3n de calor, sino tambi\u00e9n la nariz a trav\u00e9s de las notas fragantes del aj\u00ed fresco.","og_url":"https:\/\/superbydot.com\/tienda\/comida\/aceites\/aceite-de-chile-muy-picante\/","og_site_name":"Super by Dot","article_modified_time":"2026-01-08T16:12:25+00:00","og_image":[{"width":1080,"height":1080,"url":"https:\/\/superbydot.com\/wp-content\/uploads\/2024\/07\/olea_pia_chilli_oil.jpg","type":"image\/jpeg"}],"twitter_card":"summary_large_image","twitter_misc":{"Est. reading time":"1 minute"},"schema":{"@context":"https:\/\/schema.org","@graph":[{"@type":"WebPage","@id":"https:\/\/superbydot.com\/tienda\/comida\/aceites\/aceite-de-chile-muy-picante\/","url":"https:\/\/superbydot.com\/tienda\/comida\/aceites\/aceite-de-chile-muy-picante\/","name":"Chili Oil\u00a0- Olea Pia - Super by Dot","isPartOf":{"@id":"https:\/\/superbydot.com\/#website"},"primaryImageOfPage":{"@id":"https:\/\/superbydot.com\/tienda\/comida\/aceites\/aceite-de-chile-muy-picante\/#primaryimage"},"image":{"@id":"https:\/\/superbydot.com\/tienda\/comida\/aceites\/aceite-de-chile-muy-picante\/#primaryimage"},"thumbnailUrl":"https:\/\/superbydot.com\/wp-content\/uploads\/2024\/07\/olea_pia_chilli_oil.jpg","datePublished":"2024-07-12T16:46:14+00:00","dateModified":"2026-01-08T16:12:25+00:00","description":"Aceite de chile creado especialmente para pizza. Te sorprender\u00e1 c\u00f3mo es capaz de realzar al m\u00e1ximo el sabor de tu pizza con una explosi\u00f3n de aromas. Este aceite s\u00faper picante nace de la infusi\u00f3n de Aceite de Oliva Virgen Extra ECOL\u00d3GICO y una mezcla equilibrada de algunos de los chiles m\u00e1s picantes del mundo, trabajados en fr\u00edo para conservar todas las propiedades nutricionales y organol\u00e9pticas. As\u00ed, dependiendo del gusto personal, se pueden obtener todos los niveles de picante hasta el m\u00e1s intenso buscado por verdaderos aficionados y conocedores. Durante el proceso de elaboraci\u00f3n se han adoptado t\u00e9cnicas de procesamiento que permiten mantener intactos los aromas del chile fresco. El sabor de este aceite no s\u00f3lo satisface el paladar con la sensaci\u00f3n de calor, sino tambi\u00e9n la nariz a trav\u00e9s de las notas fragantes del aj\u00ed fresco.","breadcrumb":{"@id":"https:\/\/superbydot.com\/tienda\/comida\/aceites\/aceite-de-chile-muy-picante\/#breadcrumb"},"inLanguage":"en-US","potentialAction":[{"@type":"ReadAction","target":["https:\/\/superbydot.com\/tienda\/comida\/aceites\/aceite-de-chile-muy-picante\/"]}]},{"@type":"ImageObject","inLanguage":"en-US","@id":"https:\/\/superbydot.com\/tienda\/comida\/aceites\/aceite-de-chile-muy-picante\/#primaryimage","url":"https:\/\/superbydot.com\/wp-content\/uploads\/2024\/07\/olea_pia_chilli_oil.jpg","contentUrl":"https:\/\/superbydot.com\/wp-content\/uploads\/2024\/07\/olea_pia_chilli_oil.jpg","width":1080,"height":1080},{"@type":"BreadcrumbList","@id":"https:\/\/superbydot.com\/tienda\/comida\/aceites\/aceite-de-chile-muy-picante\/#breadcrumb","itemListElement":[{"@type":"ListItem","position":1,"name":"Portada","item":"https:\/\/superbydot.com\/"},{"@type":"ListItem","position":2,"name":"EN Tienda","item":"https:\/\/superbydot.com\/en\/store\/"},{"@type":"ListItem","position":3,"name":"Chili Oil\u00a0&#8211; Olea Pia"}]},{"@type":"WebSite","@id":"https:\/\/superbydot.com\/#website","url":"https:\/\/superbydot.com\/","name":"Super by Dot","description":"SUPER es un SUPER de barrio","publisher":{"@id":"https:\/\/superbydot.com\/#organization"},"potentialAction":[{"@type":"SearchAction","target":{"@type":"EntryPoint","urlTemplate":"https:\/\/superbydot.com\/?s={search_term_string}"},"query-input":{"@type":"PropertyValueSpecification","valueRequired":true,"valueName":"search_term_string"}}],"inLanguage":"en-US"},{"@type":"Organization","@id":"https:\/\/superbydot.com\/#organization","name":"Super by Dot","url":"https:\/\/superbydot.com\/","logo":{"@type":"ImageObject","inLanguage":"en-US","@id":"https:\/\/superbydot.com\/#\/schema\/logo\/image\/","url":"https:\/\/superbydot.com\/wp-content\/uploads\/2023\/04\/logotipo_super_blanco.svg","contentUrl":"https:\/\/superbydot.com\/wp-content\/uploads\/2023\/04\/logotipo_super_blanco.svg","caption":"Super by Dot"},"image":{"@id":"https:\/\/superbydot.com\/#\/schema\/logo\/image\/"}}]}},"_links":{"self":[{"href":"https:\/\/superbydot.com\/en\/wp-json\/wp\/v2\/product\/13327","targetHints":{"allow":["GET"]}}],"collection":[{"href":"https:\/\/superbydot.com\/en\/wp-json\/wp\/v2\/product"}],"about":[{"href":"https:\/\/superbydot.com\/en\/wp-json\/wp\/v2\/types\/product"}],"wp:featuredmedia":[{"embeddable":true,"href":"https:\/\/superbydot.com\/en\/wp-json\/wp\/v2\/media\/15436"}],"wp:attachment":[{"href":"https:\/\/superbydot.com\/en\/wp-json\/wp\/v2\/media?parent=13327"}],"wp:term":[{"taxonomy":"product_brand","embeddable":true,"href":"https:\/\/superbydot.com\/en\/wp-json\/wp\/v2\/product_brand?post=13327"},{"taxonomy":"product_cat","embeddable":true,"href":"https:\/\/superbydot.com\/en\/wp-json\/wp\/v2\/product_cat?post=13327"},{"taxonomy":"product_tag","embeddable":true,"href":"https:\/\/superbydot.com\/en\/wp-json\/wp\/v2\/product_tag?post=13327"}],"curies":[{"name":"wp","href":"https:\/\/api.w.org\/{rel}","templated":true}]}}