{"id":13875,"date":"2024-09-11T17:35:42","date_gmt":"2024-09-11T16:35:42","guid":{"rendered":"https:\/\/superbydot.com\/?post_type=product&#038;p=13875"},"modified":"2026-02-22T21:06:13","modified_gmt":"2026-02-22T20:06:13","slug":"cal-ros-es-un-vino-natural-blanco-del-viticultor-marc-andreu-variedad-de-uva-xarel%c2%b7lo","status":"publish","type":"product","link":"https:\/\/superbydot.com\/en\/tienda\/drinks\/wines-ciders\/cal-ros-es-un-vino-natural-blanco-del-viticultor-marc-andreu-variedad-de-uva-xarel%c2%b7lo\/","title":{"rendered":"Cal Ros &#8211; Amor per la Terra"},"content":{"rendered":"<p>Cal Ros, es un vino natural blanco del viticultor Marc Andreu, un vino elaborado a partir de la variedad de uva xarel\u00b7lo, cultivadas en la finca de Cal Ros, en la Serra de Montmell, en Tarragona.\u00a0 Las caracter\u00edsticas de estos vi\u00f1edos es un suelo arcilloso y calc\u00e1reo, que aporta unas caracter\u00edsticas \u00fanicas al vino.<br \/>\nLa elaboraci\u00f3n de este vino empieza con una vendimia nocturna para mantener la frescura de las uvas, despu\u00e9s ser realiza una maceraci\u00f3n corta en fr\u00edo con las pieles para extraer los aromas y sabores m\u00e1s intensos. La fermentaci\u00f3n se hace en dep\u00f3sitos de acero inoxidable utilizando levaduras aut\u00f3ctonas. Por \u00faltimo el vino no se filtra, ni se clarifica.<br \/>\nEl resultado es un vino donde se notan aromas frescos de c\u00edtricos y melocot\u00f3n, y una acidez equilibrada que le da una frescura importante. Textura suave y matices minerales aportados por el suelo calc\u00e1reo.<br \/>\nPerfecto para acompa\u00f1ar mariscos, pescados, carnes blancas y ensaladas.<\/p>\n<p>Formato: 75cl<br \/>\nVariedades: Xarel\u00b7lo<br \/>\nOrigen: Serra de Montmell, Tarragona<br \/>\nA\u00f1ada: 2023<\/p>\n","protected":false},"excerpt":{"rendered":"<p>Cal Ros, es un vino natural blanco del viticultor Marc Andreu, un vino elaborado a partir de la variedad de uva xarel\u00b7lo, cultivadas en la finca de Cal Ros, en la Serra de Montmell, en Tarragona.\u00a0 Las caracter\u00edsticas de estos vi\u00f1edos es un suelo arcilloso y calc\u00e1reo, que aporta unas caracter\u00edsticas \u00fanicas al vino. La [&hellip;]<\/p>\n","protected":false},"featured_media":14794,"template":"","meta":{"site-sidebar-layout":"default","site-content-layout":"","ast-site-content-layout":"default","site-content-style":"default","site-sidebar-style":"default","ast-global-header-display":"","ast-banner-title-visibility":"","ast-main-header-display":"","ast-hfb-above-header-display":"","ast-hfb-below-header-display":"","ast-hfb-mobile-header-display":"","site-post-title":"","ast-breadcrumbs-content":"","ast-featured-img":"","footer-sml-layout":"","ast-disable-related-posts":"","theme-transparent-header-meta":"default","adv-header-id-meta":"","stick-header-meta":"","header-above-stick-meta":"","header-main-stick-meta":"","header-below-stick-meta":"","astra-migrate-meta-layouts":"set","ast-page-background-enabled":"default","ast-page-background-meta":{"desktop":{"background-color":"var(--ast-global-color-4)","background-image":"","background-repeat":"repeat","background-position":"center center","background-size":"auto","background-attachment":"scroll","background-type":"","background-media":"","overlay-type":"","overlay-color":"","overlay-opacity":"","overlay-gradient":""},"tablet":{"background-color":"","background-image":"","background-repeat":"repeat","background-position":"center center","background-size":"auto","background-attachment":"scroll","background-type":"","background-media":"","overlay-type":"","overlay-color":"","overlay-opacity":"","overlay-gradient":""},"mobile":{"background-color":"","background-image":"","background-repeat":"repeat","background-position":"center center","background-size":"auto","background-attachment":"scroll","background-type":"","background-media":"","overlay-type":"","overlay-color":"","overlay-opacity":"","overlay-gradient":""}},"ast-content-background-meta":{"desktop":{"background-color":"var(--ast-global-color-5)","background-image":"","background-repeat":"repeat","background-position":"center center","background-size":"auto","background-attachment":"scroll","background-type":"","background-media":"","overlay-type":"","overlay-color":"","overlay-opacity":"","overlay-gradient":""},"tablet":{"background-color":"var(--ast-global-color-5)","background-image":"","background-repeat":"repeat","background-position":"center center","background-size":"auto","background-attachment":"scroll","background-type":"","background-media":"","overlay-type":"","overlay-color":"","overlay-opacity":"","overlay-gradient":""},"mobile":{"background-color":"var(--ast-global-color-5)","background-image":"","background-repeat":"repeat","background-position":"center center","background-size":"auto","background-attachment":"scroll","background-type":"","background-media":"","overlay-type":"","overlay-color":"","overlay-opacity":"","overlay-gradient":""}}},"product_brand":[],"product_cat":[19,47],"product_tag":[],"class_list":{"0":"post-13875","1":"product","2":"type-product","3":"status-publish","4":"has-post-thumbnail","6":"product_cat-bebidas","7":"product_cat-vinos-sidras","8":"yith_product_brand-amor-per-la-terra","9":"desktop-align-left","10":"tablet-align-left","11":"mobile-align-left","13":"first","14":"instock","15":"taxable","16":"shipping-taxable","17":"purchasable","18":"product-type-simple"},"bundled_by":[],"bundle_stock_status":"instock","bundle_stock_quantity":3,"bundle_virtual":false,"bundle_layout":"","bundle_add_to_cart_form_location":"","bundle_editable_in_cart":false,"bundle_sold_individually_context":"","bundle_item_grouping":"","bundle_min_size":"","bundle_max_size":"","bundle_price":[],"bundled_items":[],"bundle_sell_ids":[],"yoast_head":"<!-- This site is optimized with the Yoast SEO plugin v27.2 - https:\/\/yoast.com\/product\/yoast-seo-wordpress\/ -->\n<title>Cal Ros - Amor per la Terra - Super by Dot<\/title>\n<meta name=\"description\" content=\"Cal Ros, es un vino natural blanco del viticultor Marc Andreu, un vino elaborado a partir de la variedad de uva xarel\u00b7lo, cultivadas en la finca de Cal Ros, en la Serra de Montmell, en Tarragona.\u00a0 Las caracter\u00edsticas de estos vi\u00f1edos es un suelo arcilloso y calc\u00e1reo, que aporta unas caracter\u00edsticas \u00fanicas al vino.La elaboraci\u00f3n de este vino empieza con una vendimia nocturna para mantener la frescura de las uvas, despu\u00e9s ser realiza una maceraci\u00f3n corta en fr\u00edo con las pieles para extraer los aromas y sabores m\u00e1s intensos. La fermentaci\u00f3n se hace en dep\u00f3sitos de acero inoxidable utilizando levaduras aut\u00f3ctonas. Por \u00faltimo el vino no se filtra, ni se clarifica.\" \/>\n<meta name=\"robots\" content=\"index, follow, max-snippet:-1, max-image-preview:large, max-video-preview:-1\" \/>\n<link rel=\"canonical\" href=\"https:\/\/superbydot.com\/tienda\/bebidas\/vinos-sidras\/cal-ros-es-un-vino-natural-blanco-del-viticultor-marc-andreu-variedad-de-uva-xarel\u00b7lo\/\" \/>\n<meta property=\"og:locale\" content=\"en_US\" \/>\n<meta property=\"og:type\" content=\"article\" \/>\n<meta property=\"og:title\" content=\"Cal Ros - Amor per la Terra - Super by Dot\" \/>\n<meta property=\"og:description\" content=\"Cal Ros, es un vino natural blanco del viticultor Marc Andreu, un vino elaborado a partir de la variedad de uva xarel\u00b7lo, cultivadas en la finca de Cal Ros, en la Serra de Montmell, en Tarragona.\u00a0 Las caracter\u00edsticas de estos vi\u00f1edos es un suelo arcilloso y calc\u00e1reo, que aporta unas caracter\u00edsticas \u00fanicas al vino.La elaboraci\u00f3n de este vino empieza con una vendimia nocturna para mantener la frescura de las uvas, despu\u00e9s ser realiza una maceraci\u00f3n corta en fr\u00edo con las pieles para extraer los aromas y sabores m\u00e1s intensos. La fermentaci\u00f3n se hace en dep\u00f3sitos de acero inoxidable utilizando levaduras aut\u00f3ctonas. Por \u00faltimo el vino no se filtra, ni se clarifica.\" \/>\n<meta property=\"og:url\" content=\"https:\/\/superbydot.com\/tienda\/bebidas\/vinos-sidras\/cal-ros-es-un-vino-natural-blanco-del-viticultor-marc-andreu-variedad-de-uva-xarel\u00b7lo\/\" \/>\n<meta property=\"og:site_name\" content=\"Super by Dot\" \/>\n<meta property=\"article:modified_time\" content=\"2026-02-22T20:06:13+00:00\" \/>\n<meta property=\"og:image\" content=\"https:\/\/superbydot.com\/wp-content\/uploads\/2024\/09\/AMOR-CAL-ROS.jpg\" \/>\n\t<meta property=\"og:image:width\" content=\"1080\" \/>\n\t<meta property=\"og:image:height\" content=\"1080\" \/>\n\t<meta property=\"og:image:type\" content=\"image\/jpeg\" \/>\n<meta name=\"twitter:card\" content=\"summary_large_image\" \/>\n<meta name=\"twitter:label1\" content=\"Est. reading time\" \/>\n\t<meta name=\"twitter:data1\" content=\"1 minute\" \/>\n<script type=\"application\/ld+json\" class=\"yoast-schema-graph\">{\"@context\":\"https:\/\/schema.org\",\"@graph\":[{\"@type\":\"WebPage\",\"@id\":\"https:\/\/superbydot.com\/tienda\/bebidas\/vinos-sidras\/cal-ros-es-un-vino-natural-blanco-del-viticultor-marc-andreu-variedad-de-uva-xarel%c2%b7lo\/\",\"url\":\"https:\/\/superbydot.com\/tienda\/bebidas\/vinos-sidras\/cal-ros-es-un-vino-natural-blanco-del-viticultor-marc-andreu-variedad-de-uva-xarel%c2%b7lo\/\",\"name\":\"Cal Ros - Amor per la Terra - Super by Dot\",\"isPartOf\":{\"@id\":\"https:\/\/superbydot.com\/#website\"},\"primaryImageOfPage\":{\"@id\":\"https:\/\/superbydot.com\/tienda\/bebidas\/vinos-sidras\/cal-ros-es-un-vino-natural-blanco-del-viticultor-marc-andreu-variedad-de-uva-xarel%c2%b7lo\/#primaryimage\"},\"image\":{\"@id\":\"https:\/\/superbydot.com\/tienda\/bebidas\/vinos-sidras\/cal-ros-es-un-vino-natural-blanco-del-viticultor-marc-andreu-variedad-de-uva-xarel%c2%b7lo\/#primaryimage\"},\"thumbnailUrl\":\"https:\/\/superbydot.com\/wp-content\/uploads\/2024\/09\/AMOR-CAL-ROS.jpg\",\"datePublished\":\"2024-09-11T16:35:42+00:00\",\"dateModified\":\"2026-02-22T20:06:13+00:00\",\"description\":\"Cal Ros, es un vino natural blanco del viticultor Marc Andreu, un vino elaborado a partir de la variedad de uva xarel\u00b7lo, cultivadas en la finca de Cal Ros, en la Serra de Montmell, en Tarragona.\u00a0 Las caracter\u00edsticas de estos vi\u00f1edos es un suelo arcilloso y calc\u00e1reo, que aporta unas caracter\u00edsticas \u00fanicas al vino.La elaboraci\u00f3n de este vino empieza con una vendimia nocturna para mantener la frescura de las uvas, despu\u00e9s ser realiza una maceraci\u00f3n corta en fr\u00edo con las pieles para extraer los aromas y sabores m\u00e1s intensos. La fermentaci\u00f3n se hace en dep\u00f3sitos de acero inoxidable utilizando levaduras aut\u00f3ctonas. Por \u00faltimo el vino no se filtra, ni se clarifica.\",\"breadcrumb\":{\"@id\":\"https:\/\/superbydot.com\/tienda\/bebidas\/vinos-sidras\/cal-ros-es-un-vino-natural-blanco-del-viticultor-marc-andreu-variedad-de-uva-xarel%c2%b7lo\/#breadcrumb\"},\"inLanguage\":\"en-US\",\"potentialAction\":[{\"@type\":\"ReadAction\",\"target\":[\"https:\/\/superbydot.com\/tienda\/bebidas\/vinos-sidras\/cal-ros-es-un-vino-natural-blanco-del-viticultor-marc-andreu-variedad-de-uva-xarel%c2%b7lo\/\"]}]},{\"@type\":\"ImageObject\",\"inLanguage\":\"en-US\",\"@id\":\"https:\/\/superbydot.com\/tienda\/bebidas\/vinos-sidras\/cal-ros-es-un-vino-natural-blanco-del-viticultor-marc-andreu-variedad-de-uva-xarel%c2%b7lo\/#primaryimage\",\"url\":\"https:\/\/superbydot.com\/wp-content\/uploads\/2024\/09\/AMOR-CAL-ROS.jpg\",\"contentUrl\":\"https:\/\/superbydot.com\/wp-content\/uploads\/2024\/09\/AMOR-CAL-ROS.jpg\",\"width\":1080,\"height\":1080,\"caption\":\"cal ros amor per la terra\"},{\"@type\":\"BreadcrumbList\",\"@id\":\"https:\/\/superbydot.com\/tienda\/bebidas\/vinos-sidras\/cal-ros-es-un-vino-natural-blanco-del-viticultor-marc-andreu-variedad-de-uva-xarel%c2%b7lo\/#breadcrumb\",\"itemListElement\":[{\"@type\":\"ListItem\",\"position\":1,\"name\":\"Portada\",\"item\":\"https:\/\/superbydot.com\/\"},{\"@type\":\"ListItem\",\"position\":2,\"name\":\"EN Tienda\",\"item\":\"https:\/\/superbydot.com\/en\/store\/\"},{\"@type\":\"ListItem\",\"position\":3,\"name\":\"Cal Ros &#8211; Amor per la Terra\"}]},{\"@type\":\"WebSite\",\"@id\":\"https:\/\/superbydot.com\/#website\",\"url\":\"https:\/\/superbydot.com\/\",\"name\":\"Super by Dot\",\"description\":\"SUPER es un SUPER de barrio\",\"publisher\":{\"@id\":\"https:\/\/superbydot.com\/#organization\"},\"potentialAction\":[{\"@type\":\"SearchAction\",\"target\":{\"@type\":\"EntryPoint\",\"urlTemplate\":\"https:\/\/superbydot.com\/?s={search_term_string}\"},\"query-input\":{\"@type\":\"PropertyValueSpecification\",\"valueRequired\":true,\"valueName\":\"search_term_string\"}}],\"inLanguage\":\"en-US\"},{\"@type\":\"Organization\",\"@id\":\"https:\/\/superbydot.com\/#organization\",\"name\":\"Super by Dot\",\"url\":\"https:\/\/superbydot.com\/\",\"logo\":{\"@type\":\"ImageObject\",\"inLanguage\":\"en-US\",\"@id\":\"https:\/\/superbydot.com\/#\/schema\/logo\/image\/\",\"url\":\"https:\/\/superbydot.com\/wp-content\/uploads\/2023\/04\/logotipo_super_blanco.svg\",\"contentUrl\":\"https:\/\/superbydot.com\/wp-content\/uploads\/2023\/04\/logotipo_super_blanco.svg\",\"caption\":\"Super by Dot\"},\"image\":{\"@id\":\"https:\/\/superbydot.com\/#\/schema\/logo\/image\/\"}}]}<\/script>\n<!-- \/ Yoast SEO plugin. -->","yoast_head_json":{"title":"Cal Ros - Amor per la Terra - Super by Dot","description":"Cal Ros, es un vino natural blanco del viticultor Marc Andreu, un vino elaborado a partir de la variedad de uva xarel\u00b7lo, cultivadas en la finca de Cal Ros, en la Serra de Montmell, en Tarragona.\u00a0 Las caracter\u00edsticas de estos vi\u00f1edos es un suelo arcilloso y calc\u00e1reo, que aporta unas caracter\u00edsticas \u00fanicas al vino.La elaboraci\u00f3n de este vino empieza con una vendimia nocturna para mantener la frescura de las uvas, despu\u00e9s ser realiza una maceraci\u00f3n corta en fr\u00edo con las pieles para extraer los aromas y sabores m\u00e1s intensos. La fermentaci\u00f3n se hace en dep\u00f3sitos de acero inoxidable utilizando levaduras aut\u00f3ctonas. Por \u00faltimo el vino no se filtra, ni se clarifica.","robots":{"index":"index","follow":"follow","max-snippet":"max-snippet:-1","max-image-preview":"max-image-preview:large","max-video-preview":"max-video-preview:-1"},"canonical":"https:\/\/superbydot.com\/tienda\/bebidas\/vinos-sidras\/cal-ros-es-un-vino-natural-blanco-del-viticultor-marc-andreu-variedad-de-uva-xarel\u00b7lo\/","og_locale":"en_US","og_type":"article","og_title":"Cal Ros - Amor per la Terra - Super by Dot","og_description":"Cal Ros, es un vino natural blanco del viticultor Marc Andreu, un vino elaborado a partir de la variedad de uva xarel\u00b7lo, cultivadas en la finca de Cal Ros, en la Serra de Montmell, en Tarragona.\u00a0 Las caracter\u00edsticas de estos vi\u00f1edos es un suelo arcilloso y calc\u00e1reo, que aporta unas caracter\u00edsticas \u00fanicas al vino.La elaboraci\u00f3n de este vino empieza con una vendimia nocturna para mantener la frescura de las uvas, despu\u00e9s ser realiza una maceraci\u00f3n corta en fr\u00edo con las pieles para extraer los aromas y sabores m\u00e1s intensos. La fermentaci\u00f3n se hace en dep\u00f3sitos de acero inoxidable utilizando levaduras aut\u00f3ctonas. Por \u00faltimo el vino no se filtra, ni se clarifica.","og_url":"https:\/\/superbydot.com\/tienda\/bebidas\/vinos-sidras\/cal-ros-es-un-vino-natural-blanco-del-viticultor-marc-andreu-variedad-de-uva-xarel\u00b7lo\/","og_site_name":"Super by Dot","article_modified_time":"2026-02-22T20:06:13+00:00","og_image":[{"width":1080,"height":1080,"url":"https:\/\/superbydot.com\/wp-content\/uploads\/2024\/09\/AMOR-CAL-ROS.jpg","type":"image\/jpeg"}],"twitter_card":"summary_large_image","twitter_misc":{"Est. reading time":"1 minute"},"schema":{"@context":"https:\/\/schema.org","@graph":[{"@type":"WebPage","@id":"https:\/\/superbydot.com\/tienda\/bebidas\/vinos-sidras\/cal-ros-es-un-vino-natural-blanco-del-viticultor-marc-andreu-variedad-de-uva-xarel%c2%b7lo\/","url":"https:\/\/superbydot.com\/tienda\/bebidas\/vinos-sidras\/cal-ros-es-un-vino-natural-blanco-del-viticultor-marc-andreu-variedad-de-uva-xarel%c2%b7lo\/","name":"Cal Ros - Amor per la Terra - Super by Dot","isPartOf":{"@id":"https:\/\/superbydot.com\/#website"},"primaryImageOfPage":{"@id":"https:\/\/superbydot.com\/tienda\/bebidas\/vinos-sidras\/cal-ros-es-un-vino-natural-blanco-del-viticultor-marc-andreu-variedad-de-uva-xarel%c2%b7lo\/#primaryimage"},"image":{"@id":"https:\/\/superbydot.com\/tienda\/bebidas\/vinos-sidras\/cal-ros-es-un-vino-natural-blanco-del-viticultor-marc-andreu-variedad-de-uva-xarel%c2%b7lo\/#primaryimage"},"thumbnailUrl":"https:\/\/superbydot.com\/wp-content\/uploads\/2024\/09\/AMOR-CAL-ROS.jpg","datePublished":"2024-09-11T16:35:42+00:00","dateModified":"2026-02-22T20:06:13+00:00","description":"Cal Ros, es un vino natural blanco del viticultor Marc Andreu, un vino elaborado a partir de la variedad de uva xarel\u00b7lo, cultivadas en la finca de Cal Ros, en la Serra de Montmell, en Tarragona.\u00a0 Las caracter\u00edsticas de estos vi\u00f1edos es un suelo arcilloso y calc\u00e1reo, que aporta unas caracter\u00edsticas \u00fanicas al vino.La elaboraci\u00f3n de este vino empieza con una vendimia nocturna para mantener la frescura de las uvas, despu\u00e9s ser realiza una maceraci\u00f3n corta en fr\u00edo con las pieles para extraer los aromas y sabores m\u00e1s intensos. La fermentaci\u00f3n se hace en dep\u00f3sitos de acero inoxidable utilizando levaduras aut\u00f3ctonas. Por \u00faltimo el vino no se filtra, ni se clarifica.","breadcrumb":{"@id":"https:\/\/superbydot.com\/tienda\/bebidas\/vinos-sidras\/cal-ros-es-un-vino-natural-blanco-del-viticultor-marc-andreu-variedad-de-uva-xarel%c2%b7lo\/#breadcrumb"},"inLanguage":"en-US","potentialAction":[{"@type":"ReadAction","target":["https:\/\/superbydot.com\/tienda\/bebidas\/vinos-sidras\/cal-ros-es-un-vino-natural-blanco-del-viticultor-marc-andreu-variedad-de-uva-xarel%c2%b7lo\/"]}]},{"@type":"ImageObject","inLanguage":"en-US","@id":"https:\/\/superbydot.com\/tienda\/bebidas\/vinos-sidras\/cal-ros-es-un-vino-natural-blanco-del-viticultor-marc-andreu-variedad-de-uva-xarel%c2%b7lo\/#primaryimage","url":"https:\/\/superbydot.com\/wp-content\/uploads\/2024\/09\/AMOR-CAL-ROS.jpg","contentUrl":"https:\/\/superbydot.com\/wp-content\/uploads\/2024\/09\/AMOR-CAL-ROS.jpg","width":1080,"height":1080,"caption":"cal ros amor per la terra"},{"@type":"BreadcrumbList","@id":"https:\/\/superbydot.com\/tienda\/bebidas\/vinos-sidras\/cal-ros-es-un-vino-natural-blanco-del-viticultor-marc-andreu-variedad-de-uva-xarel%c2%b7lo\/#breadcrumb","itemListElement":[{"@type":"ListItem","position":1,"name":"Portada","item":"https:\/\/superbydot.com\/"},{"@type":"ListItem","position":2,"name":"EN Tienda","item":"https:\/\/superbydot.com\/en\/store\/"},{"@type":"ListItem","position":3,"name":"Cal Ros &#8211; Amor per la Terra"}]},{"@type":"WebSite","@id":"https:\/\/superbydot.com\/#website","url":"https:\/\/superbydot.com\/","name":"Super by Dot","description":"SUPER es un SUPER de barrio","publisher":{"@id":"https:\/\/superbydot.com\/#organization"},"potentialAction":[{"@type":"SearchAction","target":{"@type":"EntryPoint","urlTemplate":"https:\/\/superbydot.com\/?s={search_term_string}"},"query-input":{"@type":"PropertyValueSpecification","valueRequired":true,"valueName":"search_term_string"}}],"inLanguage":"en-US"},{"@type":"Organization","@id":"https:\/\/superbydot.com\/#organization","name":"Super by Dot","url":"https:\/\/superbydot.com\/","logo":{"@type":"ImageObject","inLanguage":"en-US","@id":"https:\/\/superbydot.com\/#\/schema\/logo\/image\/","url":"https:\/\/superbydot.com\/wp-content\/uploads\/2023\/04\/logotipo_super_blanco.svg","contentUrl":"https:\/\/superbydot.com\/wp-content\/uploads\/2023\/04\/logotipo_super_blanco.svg","caption":"Super by Dot"},"image":{"@id":"https:\/\/superbydot.com\/#\/schema\/logo\/image\/"}}]}},"_links":{"self":[{"href":"https:\/\/superbydot.com\/en\/wp-json\/wp\/v2\/product\/13875","targetHints":{"allow":["GET"]}}],"collection":[{"href":"https:\/\/superbydot.com\/en\/wp-json\/wp\/v2\/product"}],"about":[{"href":"https:\/\/superbydot.com\/en\/wp-json\/wp\/v2\/types\/product"}],"wp:featuredmedia":[{"embeddable":true,"href":"https:\/\/superbydot.com\/en\/wp-json\/wp\/v2\/media\/14794"}],"wp:attachment":[{"href":"https:\/\/superbydot.com\/en\/wp-json\/wp\/v2\/media?parent=13875"}],"wp:term":[{"taxonomy":"product_brand","embeddable":true,"href":"https:\/\/superbydot.com\/en\/wp-json\/wp\/v2\/product_brand?post=13875"},{"taxonomy":"product_cat","embeddable":true,"href":"https:\/\/superbydot.com\/en\/wp-json\/wp\/v2\/product_cat?post=13875"},{"taxonomy":"product_tag","embeddable":true,"href":"https:\/\/superbydot.com\/en\/wp-json\/wp\/v2\/product_tag?post=13875"}],"curies":[{"name":"wp","href":"https:\/\/api.w.org\/{rel}","templated":true}]}}