{"id":13878,"date":"2024-09-11T17:43:44","date_gmt":"2024-09-11T16:43:44","guid":{"rendered":"https:\/\/superbydot.com\/?post_type=product&#038;p=13878"},"modified":"2026-02-08T12:16:47","modified_gmt":"2026-02-08T11:16:47","slug":"rouge-maison-troupeau","status":"publish","type":"product","link":"https:\/\/superbydot.com\/en\/tienda\/drinks\/wines-ciders\/rouge-maison-troupeau\/","title":{"rendered":"Rouge &#8211; Maison Troupeau"},"content":{"rendered":"<p>Maison Tropeau rouge, un vino con un de un rojo claro, pero con la frescura de un rosado, para beber durante todo el verano. Ligero y afrutado, revela sutiles notas de fresa y tiene una buena longitud en boca. Entre el rojo claro y el rosado oscuro, es ideal durante todo el a\u00f1o para tomar un aperitivo, pero tambi\u00e9n para acompa\u00f1ar tus carnes a la brasa, ensaladas, tablas de quesos y tambi\u00e9n mariscos.<\/p>\n<p>Formato: 75cl<br \/>\nVariedades: Syrah<br \/>\nOrigen: Valle\u00e9 du Rh\u00f4ne, Francia<br \/>\nA\u00f1ada: 2022<\/p>\n","protected":false},"excerpt":{"rendered":"<p>Maison Tropeau rouge, un vino con un de un rojo claro, pero con la frescura de un rosado, para beber durante todo el verano. Ligero y afrutado, revela sutiles notas de fresa y tiene una buena longitud en boca. Entre el rojo claro y el rosado oscuro, es ideal durante todo el a\u00f1o para tomar [&hellip;]<\/p>\n","protected":false},"featured_media":14134,"template":"","meta":{"site-sidebar-layout":"default","site-content-layout":"","ast-site-content-layout":"default","site-content-style":"default","site-sidebar-style":"default","ast-global-header-display":"","ast-banner-title-visibility":"","ast-main-header-display":"","ast-hfb-above-header-display":"","ast-hfb-below-header-display":"","ast-hfb-mobile-header-display":"","site-post-title":"","ast-breadcrumbs-content":"","ast-featured-img":"","footer-sml-layout":"","ast-disable-related-posts":"","theme-transparent-header-meta":"default","adv-header-id-meta":"","stick-header-meta":"","header-above-stick-meta":"","header-main-stick-meta":"","header-below-stick-meta":"","astra-migrate-meta-layouts":"set","ast-page-background-enabled":"default","ast-page-background-meta":{"desktop":{"background-color":"var(--ast-global-color-4)","background-image":"","background-repeat":"repeat","background-position":"center center","background-size":"auto","background-attachment":"scroll","background-type":"","background-media":"","overlay-type":"","overlay-color":"","overlay-opacity":"","overlay-gradient":""},"tablet":{"background-color":"","background-image":"","background-repeat":"repeat","background-position":"center center","background-size":"auto","background-attachment":"scroll","background-type":"","background-media":"","overlay-type":"","overlay-color":"","overlay-opacity":"","overlay-gradient":""},"mobile":{"background-color":"","background-image":"","background-repeat":"repeat","background-position":"center center","background-size":"auto","background-attachment":"scroll","background-type":"","background-media":"","overlay-type":"","overlay-color":"","overlay-opacity":"","overlay-gradient":""}},"ast-content-background-meta":{"desktop":{"background-color":"var(--ast-global-color-5)","background-image":"","background-repeat":"repeat","background-position":"center center","background-size":"auto","background-attachment":"scroll","background-type":"","background-media":"","overlay-type":"","overlay-color":"","overlay-opacity":"","overlay-gradient":""},"tablet":{"background-color":"var(--ast-global-color-5)","background-image":"","background-repeat":"repeat","background-position":"center center","background-size":"auto","background-attachment":"scroll","background-type":"","background-media":"","overlay-type":"","overlay-color":"","overlay-opacity":"","overlay-gradient":""},"mobile":{"background-color":"var(--ast-global-color-5)","background-image":"","background-repeat":"repeat","background-position":"center center","background-size":"auto","background-attachment":"scroll","background-type":"","background-media":"","overlay-type":"","overlay-color":"","overlay-opacity":"","overlay-gradient":""}}},"product_brand":[],"product_cat":[19,47],"product_tag":[],"class_list":{"0":"post-13878","1":"product","2":"type-product","3":"status-publish","4":"has-post-thumbnail","6":"product_cat-bebidas","7":"product_cat-vinos-sidras","8":"yith_product_brand-maison-troupeau","9":"desktop-align-left","10":"tablet-align-left","11":"mobile-align-left","13":"first","14":"instock","15":"taxable","16":"shipping-taxable","17":"purchasable","18":"product-type-simple"},"bundled_by":[],"bundle_stock_status":"instock","bundle_stock_quantity":3,"bundle_virtual":false,"bundle_layout":"","bundle_add_to_cart_form_location":"","bundle_editable_in_cart":false,"bundle_sold_individually_context":"","bundle_item_grouping":"","bundle_min_size":"","bundle_max_size":"","bundle_price":[],"bundled_items":[],"bundle_sell_ids":[],"yoast_head":"<!-- This site is optimized with the Yoast SEO plugin v27.2 - https:\/\/yoast.com\/product\/yoast-seo-wordpress\/ -->\n<title>Rouge - Maison Troupeau - Super by Dot<\/title>\n<meta name=\"description\" content=\"Maison Tropeau rouge, un vino con un de un rojo claro, pero con la frescura de un rosado, para beber durante todo el verano. Ligero y afrutado, revela sutiles notas de fresa y tiene una buena longitud en boca. Entre el rojo claro y el rosado oscuro, es ideal durante todo el a\u00f1o para tomar un aperitivo, pero tambi\u00e9n para acompa\u00f1ar tus carnes a la brasa, ensaladas, tablas de quesos y tambi\u00e9n mariscos.\" \/>\n<meta name=\"robots\" content=\"index, follow, max-snippet:-1, max-image-preview:large, max-video-preview:-1\" \/>\n<link rel=\"canonical\" href=\"https:\/\/superbydot.com\/tienda\/bebidas\/vinos-sidras\/rouge-maison-troupeau\/\" \/>\n<meta property=\"og:locale\" content=\"en_US\" \/>\n<meta property=\"og:type\" content=\"article\" \/>\n<meta property=\"og:title\" content=\"Rouge - Maison Troupeau - Super by Dot\" \/>\n<meta property=\"og:description\" content=\"Maison Tropeau rouge, un vino con un de un rojo claro, pero con la frescura de un rosado, para beber durante todo el verano. Ligero y afrutado, revela sutiles notas de fresa y tiene una buena longitud en boca. Entre el rojo claro y el rosado oscuro, es ideal durante todo el a\u00f1o para tomar un aperitivo, pero tambi\u00e9n para acompa\u00f1ar tus carnes a la brasa, ensaladas, tablas de quesos y tambi\u00e9n mariscos.\" \/>\n<meta property=\"og:url\" content=\"https:\/\/superbydot.com\/tienda\/bebidas\/vinos-sidras\/rouge-maison-troupeau\/\" \/>\n<meta property=\"og:site_name\" content=\"Super by Dot\" \/>\n<meta property=\"article:modified_time\" content=\"2026-02-08T11:16:47+00:00\" \/>\n<meta property=\"og:image\" content=\"https:\/\/superbydot.com\/wp-content\/uploads\/2024\/10\/MAISON-TROPEAU-ROUGE.jpg\" \/>\n\t<meta property=\"og:image:width\" content=\"1080\" \/>\n\t<meta property=\"og:image:height\" content=\"1080\" \/>\n\t<meta property=\"og:image:type\" content=\"image\/jpeg\" \/>\n<meta name=\"twitter:card\" content=\"summary_large_image\" \/>\n<meta name=\"twitter:label1\" content=\"Est. reading time\" \/>\n\t<meta name=\"twitter:data1\" content=\"1 minute\" \/>\n<script type=\"application\/ld+json\" class=\"yoast-schema-graph\">{\"@context\":\"https:\/\/schema.org\",\"@graph\":[{\"@type\":\"WebPage\",\"@id\":\"https:\/\/superbydot.com\/tienda\/bebidas\/vinos-sidras\/rouge-maison-troupeau\/\",\"url\":\"https:\/\/superbydot.com\/tienda\/bebidas\/vinos-sidras\/rouge-maison-troupeau\/\",\"name\":\"Rouge - Maison Troupeau - Super by Dot\",\"isPartOf\":{\"@id\":\"https:\/\/superbydot.com\/#website\"},\"primaryImageOfPage\":{\"@id\":\"https:\/\/superbydot.com\/tienda\/bebidas\/vinos-sidras\/rouge-maison-troupeau\/#primaryimage\"},\"image\":{\"@id\":\"https:\/\/superbydot.com\/tienda\/bebidas\/vinos-sidras\/rouge-maison-troupeau\/#primaryimage\"},\"thumbnailUrl\":\"https:\/\/superbydot.com\/wp-content\/uploads\/2024\/10\/MAISON-TROPEAU-ROUGE.jpg\",\"datePublished\":\"2024-09-11T16:43:44+00:00\",\"dateModified\":\"2026-02-08T11:16:47+00:00\",\"description\":\"Maison Tropeau rouge, un vino con un de un rojo claro, pero con la frescura de un rosado, para beber durante todo el verano. Ligero y afrutado, revela sutiles notas de fresa y tiene una buena longitud en boca. Entre el rojo claro y el rosado oscuro, es ideal durante todo el a\u00f1o para tomar un aperitivo, pero tambi\u00e9n para acompa\u00f1ar tus carnes a la brasa, ensaladas, tablas de quesos y tambi\u00e9n mariscos.\",\"breadcrumb\":{\"@id\":\"https:\/\/superbydot.com\/tienda\/bebidas\/vinos-sidras\/rouge-maison-troupeau\/#breadcrumb\"},\"inLanguage\":\"en-US\",\"potentialAction\":[{\"@type\":\"ReadAction\",\"target\":[\"https:\/\/superbydot.com\/tienda\/bebidas\/vinos-sidras\/rouge-maison-troupeau\/\"]}]},{\"@type\":\"ImageObject\",\"inLanguage\":\"en-US\",\"@id\":\"https:\/\/superbydot.com\/tienda\/bebidas\/vinos-sidras\/rouge-maison-troupeau\/#primaryimage\",\"url\":\"https:\/\/superbydot.com\/wp-content\/uploads\/2024\/10\/MAISON-TROPEAU-ROUGE.jpg\",\"contentUrl\":\"https:\/\/superbydot.com\/wp-content\/uploads\/2024\/10\/MAISON-TROPEAU-ROUGE.jpg\",\"width\":1080,\"height\":1080},{\"@type\":\"BreadcrumbList\",\"@id\":\"https:\/\/superbydot.com\/tienda\/bebidas\/vinos-sidras\/rouge-maison-troupeau\/#breadcrumb\",\"itemListElement\":[{\"@type\":\"ListItem\",\"position\":1,\"name\":\"Portada\",\"item\":\"https:\/\/superbydot.com\/\"},{\"@type\":\"ListItem\",\"position\":2,\"name\":\"EN Tienda\",\"item\":\"https:\/\/superbydot.com\/en\/store\/\"},{\"@type\":\"ListItem\",\"position\":3,\"name\":\"Rouge &#8211; Maison Troupeau\"}]},{\"@type\":\"WebSite\",\"@id\":\"https:\/\/superbydot.com\/#website\",\"url\":\"https:\/\/superbydot.com\/\",\"name\":\"Super by Dot\",\"description\":\"SUPER es un SUPER de barrio\",\"publisher\":{\"@id\":\"https:\/\/superbydot.com\/#organization\"},\"potentialAction\":[{\"@type\":\"SearchAction\",\"target\":{\"@type\":\"EntryPoint\",\"urlTemplate\":\"https:\/\/superbydot.com\/?s={search_term_string}\"},\"query-input\":{\"@type\":\"PropertyValueSpecification\",\"valueRequired\":true,\"valueName\":\"search_term_string\"}}],\"inLanguage\":\"en-US\"},{\"@type\":\"Organization\",\"@id\":\"https:\/\/superbydot.com\/#organization\",\"name\":\"Super by Dot\",\"url\":\"https:\/\/superbydot.com\/\",\"logo\":{\"@type\":\"ImageObject\",\"inLanguage\":\"en-US\",\"@id\":\"https:\/\/superbydot.com\/#\/schema\/logo\/image\/\",\"url\":\"https:\/\/superbydot.com\/wp-content\/uploads\/2023\/04\/logotipo_super_blanco.svg\",\"contentUrl\":\"https:\/\/superbydot.com\/wp-content\/uploads\/2023\/04\/logotipo_super_blanco.svg\",\"caption\":\"Super by Dot\"},\"image\":{\"@id\":\"https:\/\/superbydot.com\/#\/schema\/logo\/image\/\"}}]}<\/script>\n<!-- \/ Yoast SEO plugin. -->","yoast_head_json":{"title":"Rouge - Maison Troupeau - Super by Dot","description":"Maison Tropeau rouge, un vino con un de un rojo claro, pero con la frescura de un rosado, para beber durante todo el verano. Ligero y afrutado, revela sutiles notas de fresa y tiene una buena longitud en boca. Entre el rojo claro y el rosado oscuro, es ideal durante todo el a\u00f1o para tomar un aperitivo, pero tambi\u00e9n para acompa\u00f1ar tus carnes a la brasa, ensaladas, tablas de quesos y tambi\u00e9n mariscos.","robots":{"index":"index","follow":"follow","max-snippet":"max-snippet:-1","max-image-preview":"max-image-preview:large","max-video-preview":"max-video-preview:-1"},"canonical":"https:\/\/superbydot.com\/tienda\/bebidas\/vinos-sidras\/rouge-maison-troupeau\/","og_locale":"en_US","og_type":"article","og_title":"Rouge - Maison Troupeau - Super by Dot","og_description":"Maison Tropeau rouge, un vino con un de un rojo claro, pero con la frescura de un rosado, para beber durante todo el verano. Ligero y afrutado, revela sutiles notas de fresa y tiene una buena longitud en boca. Entre el rojo claro y el rosado oscuro, es ideal durante todo el a\u00f1o para tomar un aperitivo, pero tambi\u00e9n para acompa\u00f1ar tus carnes a la brasa, ensaladas, tablas de quesos y tambi\u00e9n mariscos.","og_url":"https:\/\/superbydot.com\/tienda\/bebidas\/vinos-sidras\/rouge-maison-troupeau\/","og_site_name":"Super by Dot","article_modified_time":"2026-02-08T11:16:47+00:00","og_image":[{"width":1080,"height":1080,"url":"https:\/\/superbydot.com\/wp-content\/uploads\/2024\/10\/MAISON-TROPEAU-ROUGE.jpg","type":"image\/jpeg"}],"twitter_card":"summary_large_image","twitter_misc":{"Est. reading time":"1 minute"},"schema":{"@context":"https:\/\/schema.org","@graph":[{"@type":"WebPage","@id":"https:\/\/superbydot.com\/tienda\/bebidas\/vinos-sidras\/rouge-maison-troupeau\/","url":"https:\/\/superbydot.com\/tienda\/bebidas\/vinos-sidras\/rouge-maison-troupeau\/","name":"Rouge - Maison Troupeau - Super by Dot","isPartOf":{"@id":"https:\/\/superbydot.com\/#website"},"primaryImageOfPage":{"@id":"https:\/\/superbydot.com\/tienda\/bebidas\/vinos-sidras\/rouge-maison-troupeau\/#primaryimage"},"image":{"@id":"https:\/\/superbydot.com\/tienda\/bebidas\/vinos-sidras\/rouge-maison-troupeau\/#primaryimage"},"thumbnailUrl":"https:\/\/superbydot.com\/wp-content\/uploads\/2024\/10\/MAISON-TROPEAU-ROUGE.jpg","datePublished":"2024-09-11T16:43:44+00:00","dateModified":"2026-02-08T11:16:47+00:00","description":"Maison Tropeau rouge, un vino con un de un rojo claro, pero con la frescura de un rosado, para beber durante todo el verano. Ligero y afrutado, revela sutiles notas de fresa y tiene una buena longitud en boca. Entre el rojo claro y el rosado oscuro, es ideal durante todo el a\u00f1o para tomar un aperitivo, pero tambi\u00e9n para acompa\u00f1ar tus carnes a la brasa, ensaladas, tablas de quesos y tambi\u00e9n mariscos.","breadcrumb":{"@id":"https:\/\/superbydot.com\/tienda\/bebidas\/vinos-sidras\/rouge-maison-troupeau\/#breadcrumb"},"inLanguage":"en-US","potentialAction":[{"@type":"ReadAction","target":["https:\/\/superbydot.com\/tienda\/bebidas\/vinos-sidras\/rouge-maison-troupeau\/"]}]},{"@type":"ImageObject","inLanguage":"en-US","@id":"https:\/\/superbydot.com\/tienda\/bebidas\/vinos-sidras\/rouge-maison-troupeau\/#primaryimage","url":"https:\/\/superbydot.com\/wp-content\/uploads\/2024\/10\/MAISON-TROPEAU-ROUGE.jpg","contentUrl":"https:\/\/superbydot.com\/wp-content\/uploads\/2024\/10\/MAISON-TROPEAU-ROUGE.jpg","width":1080,"height":1080},{"@type":"BreadcrumbList","@id":"https:\/\/superbydot.com\/tienda\/bebidas\/vinos-sidras\/rouge-maison-troupeau\/#breadcrumb","itemListElement":[{"@type":"ListItem","position":1,"name":"Portada","item":"https:\/\/superbydot.com\/"},{"@type":"ListItem","position":2,"name":"EN Tienda","item":"https:\/\/superbydot.com\/en\/store\/"},{"@type":"ListItem","position":3,"name":"Rouge &#8211; Maison Troupeau"}]},{"@type":"WebSite","@id":"https:\/\/superbydot.com\/#website","url":"https:\/\/superbydot.com\/","name":"Super by Dot","description":"SUPER es un SUPER de barrio","publisher":{"@id":"https:\/\/superbydot.com\/#organization"},"potentialAction":[{"@type":"SearchAction","target":{"@type":"EntryPoint","urlTemplate":"https:\/\/superbydot.com\/?s={search_term_string}"},"query-input":{"@type":"PropertyValueSpecification","valueRequired":true,"valueName":"search_term_string"}}],"inLanguage":"en-US"},{"@type":"Organization","@id":"https:\/\/superbydot.com\/#organization","name":"Super by Dot","url":"https:\/\/superbydot.com\/","logo":{"@type":"ImageObject","inLanguage":"en-US","@id":"https:\/\/superbydot.com\/#\/schema\/logo\/image\/","url":"https:\/\/superbydot.com\/wp-content\/uploads\/2023\/04\/logotipo_super_blanco.svg","contentUrl":"https:\/\/superbydot.com\/wp-content\/uploads\/2023\/04\/logotipo_super_blanco.svg","caption":"Super by Dot"},"image":{"@id":"https:\/\/superbydot.com\/#\/schema\/logo\/image\/"}}]}},"_links":{"self":[{"href":"https:\/\/superbydot.com\/en\/wp-json\/wp\/v2\/product\/13878","targetHints":{"allow":["GET"]}}],"collection":[{"href":"https:\/\/superbydot.com\/en\/wp-json\/wp\/v2\/product"}],"about":[{"href":"https:\/\/superbydot.com\/en\/wp-json\/wp\/v2\/types\/product"}],"wp:featuredmedia":[{"embeddable":true,"href":"https:\/\/superbydot.com\/en\/wp-json\/wp\/v2\/media\/14134"}],"wp:attachment":[{"href":"https:\/\/superbydot.com\/en\/wp-json\/wp\/v2\/media?parent=13878"}],"wp:term":[{"taxonomy":"product_brand","embeddable":true,"href":"https:\/\/superbydot.com\/en\/wp-json\/wp\/v2\/product_brand?post=13878"},{"taxonomy":"product_cat","embeddable":true,"href":"https:\/\/superbydot.com\/en\/wp-json\/wp\/v2\/product_cat?post=13878"},{"taxonomy":"product_tag","embeddable":true,"href":"https:\/\/superbydot.com\/en\/wp-json\/wp\/v2\/product_tag?post=13878"}],"curies":[{"name":"wp","href":"https:\/\/api.w.org\/{rel}","templated":true}]}}