{"id":13893,"date":"2024-09-12T16:24:49","date_gmt":"2024-09-12T15:24:49","guid":{"rendered":"https:\/\/superbydot.com\/?post_type=product&#038;p=13893"},"modified":"2026-02-06T19:27:22","modified_gmt":"2026-02-06T18:27:22","slug":"sonora","status":"publish","type":"product","link":"https:\/\/superbydot.com\/en\/tienda\/drinks\/beers\/sonora\/","title":{"rendered":"Things We&#8217;ve Done Double Black IPA &#8211; Oddity"},"content":{"rendered":"<div class=\"elementor-element elementor-element-722ce17 elementor-widget elementor-widget-wl-single-product-short-description\" data-id=\"722ce17\" data-element_type=\"widget\" data-widget_type=\"wl-single-product-short-description.default\">\n<div class=\"elementor-widget-container\">\n<div class=\"woocommerce-product-details__short-description\">\n<p>Suave y moderna, tiene algo de caramelo y un toque amargo. En nariz es compleja y llena de capas; d\u00e1tiles y moka reci\u00e9n hecho, un poco de naranja y pomelo combinan con notas de abeto oto\u00f1al y ar\u00e1ndanos de invierno.<\/p>\n<\/div>\n<\/div>\n<\/div>\n<div class=\"elementor-element elementor-element-b9b7f11 elementor-widget-divider--view-line elementor-widget elementor-widget-divider\" data-id=\"b9b7f11\" data-element_type=\"widget\" data-widget_type=\"divider.default\">\n<div class=\"elementor-widget-container\">\n<div class=\"elementor-divider\">\n<p>Estilo:\u00a0 Double Black IPA\u00a0<span class=\"value leading-tight mt-1 block\"><br \/>\nL\u00fapulos: Centennial, cashmere y sabro\u00a0<\/span><\/p>\n<p>Formato 44cl<\/p>\n<p>Ingredientes: agua, cebada, trigo, avena, l\u00fapulo y levadura<\/p>\n<p>Alcohol: 8%<\/p>\n<p>Origen: Espa\u00f1a<\/p>\n<\/div>\n<\/div>\n<\/div>\n","protected":false},"excerpt":{"rendered":"<p>Suave y moderna, tiene algo de caramelo y un toque amargo. En nariz es compleja y llena de capas; d\u00e1tiles y moka reci\u00e9n hecho, un poco de naranja y pomelo combinan con notas de abeto oto\u00f1al y ar\u00e1ndanos de invierno. Estilo:\u00a0 Double Black IPA\u00a0 L\u00fapulos: Centennial, cashmere y sabro\u00a0 Formato 44cl Ingredientes: agua, cebada, trigo, [&hellip;]<\/p>\n","protected":false},"featured_media":14062,"template":"","meta":{"site-sidebar-layout":"default","site-content-layout":"","ast-site-content-layout":"default","site-content-style":"default","site-sidebar-style":"default","ast-global-header-display":"","ast-banner-title-visibility":"","ast-main-header-display":"","ast-hfb-above-header-display":"","ast-hfb-below-header-display":"","ast-hfb-mobile-header-display":"","site-post-title":"","ast-breadcrumbs-content":"","ast-featured-img":"","footer-sml-layout":"","ast-disable-related-posts":"","theme-transparent-header-meta":"default","adv-header-id-meta":"","stick-header-meta":"","header-above-stick-meta":"","header-main-stick-meta":"","header-below-stick-meta":"","astra-migrate-meta-layouts":"set","ast-page-background-enabled":"default","ast-page-background-meta":{"desktop":{"background-color":"var(--ast-global-color-4)","background-image":"","background-repeat":"repeat","background-position":"center center","background-size":"auto","background-attachment":"scroll","background-type":"","background-media":"","overlay-type":"","overlay-color":"","overlay-opacity":"","overlay-gradient":""},"tablet":{"background-color":"","background-image":"","background-repeat":"repeat","background-position":"center center","background-size":"auto","background-attachment":"scroll","background-type":"","background-media":"","overlay-type":"","overlay-color":"","overlay-opacity":"","overlay-gradient":""},"mobile":{"background-color":"","background-image":"","background-repeat":"repeat","background-position":"center center","background-size":"auto","background-attachment":"scroll","background-type":"","background-media":"","overlay-type":"","overlay-color":"","overlay-opacity":"","overlay-gradient":""}},"ast-content-background-meta":{"desktop":{"background-color":"var(--ast-global-color-5)","background-image":"","background-repeat":"repeat","background-position":"center center","background-size":"auto","background-attachment":"scroll","background-type":"","background-media":"","overlay-type":"","overlay-color":"","overlay-opacity":"","overlay-gradient":""},"tablet":{"background-color":"var(--ast-global-color-5)","background-image":"","background-repeat":"repeat","background-position":"center center","background-size":"auto","background-attachment":"scroll","background-type":"","background-media":"","overlay-type":"","overlay-color":"","overlay-opacity":"","overlay-gradient":""},"mobile":{"background-color":"var(--ast-global-color-5)","background-image":"","background-repeat":"repeat","background-position":"center center","background-size":"auto","background-attachment":"scroll","background-type":"","background-media":"","overlay-type":"","overlay-color":"","overlay-opacity":"","overlay-gradient":""}}},"product_brand":[],"product_cat":[19,36],"product_tag":[],"class_list":{"0":"post-13893","1":"product","2":"type-product","3":"status-publish","4":"has-post-thumbnail","6":"product_cat-bebidas","7":"product_cat-cervezas","8":"yith_product_brand-oddity","9":"desktop-align-left","10":"tablet-align-left","11":"mobile-align-left","13":"first","14":"instock","15":"taxable","16":"shipping-taxable","17":"purchasable","18":"product-type-simple"},"bundled_by":[],"bundle_stock_status":"instock","bundle_stock_quantity":1,"bundle_virtual":false,"bundle_layout":"","bundle_add_to_cart_form_location":"","bundle_editable_in_cart":false,"bundle_sold_individually_context":"","bundle_item_grouping":"","bundle_min_size":"","bundle_max_size":"","bundle_price":[],"bundled_items":[],"bundle_sell_ids":[],"yoast_head":"<!-- This site is optimized with the Yoast SEO plugin v27.3 - https:\/\/yoast.com\/product\/yoast-seo-wordpress\/ -->\n<title>Things We&#039;ve Done Double Black IPA - Oddity - Super by Dot<\/title>\n<meta name=\"robots\" content=\"index, follow, max-snippet:-1, max-image-preview:large, max-video-preview:-1\" \/>\n<link rel=\"canonical\" href=\"https:\/\/superbydot.com\/tienda\/bebidas\/cervezas\/sonora\/\" \/>\n<meta property=\"og:locale\" content=\"en_US\" \/>\n<meta property=\"og:type\" content=\"article\" \/>\n<meta property=\"og:title\" content=\"Things We&#039;ve Done Double Black IPA - Oddity - Super by Dot\" \/>\n<meta property=\"og:description\" content=\"Suave y moderna, tiene algo de caramelo y un toque amargo. En nariz es compleja y llena de capas; d\u00e1tiles y moka reci\u00e9n hecho, un poco de naranja y pomelo combinan con notas de abeto oto\u00f1al y ar\u00e1ndanos de invierno. Estilo:\u00a0 Double Black IPA\u00a0 L\u00fapulos: Centennial, cashmere y sabro\u00a0 Formato 44cl Ingredientes: agua, cebada, trigo, [&hellip;]\" \/>\n<meta property=\"og:url\" content=\"https:\/\/superbydot.com\/tienda\/bebidas\/cervezas\/sonora\/\" \/>\n<meta property=\"og:site_name\" content=\"Super by Dot\" \/>\n<meta property=\"article:modified_time\" content=\"2026-02-06T18:27:22+00:00\" \/>\n<meta property=\"og:image\" content=\"https:\/\/superbydot.com\/wp-content\/uploads\/2024\/10\/SUPERSINFOTO.jpg\" \/>\n\t<meta property=\"og:image:width\" content=\"500\" \/>\n\t<meta property=\"og:image:height\" content=\"500\" \/>\n\t<meta property=\"og:image:type\" content=\"image\/jpeg\" \/>\n<meta name=\"twitter:card\" content=\"summary_large_image\" \/>\n<meta name=\"twitter:label1\" content=\"Est. reading time\" \/>\n\t<meta name=\"twitter:data1\" content=\"1 minute\" \/>\n<script type=\"application\/ld+json\" class=\"yoast-schema-graph\">{\"@context\":\"https:\\\/\\\/schema.org\",\"@graph\":[{\"@type\":\"WebPage\",\"@id\":\"https:\\\/\\\/superbydot.com\\\/tienda\\\/bebidas\\\/cervezas\\\/sonora\\\/\",\"url\":\"https:\\\/\\\/superbydot.com\\\/tienda\\\/bebidas\\\/cervezas\\\/sonora\\\/\",\"name\":\"Things We've Done Double Black IPA - Oddity - Super by Dot\",\"isPartOf\":{\"@id\":\"https:\\\/\\\/superbydot.com\\\/#website\"},\"primaryImageOfPage\":{\"@id\":\"https:\\\/\\\/superbydot.com\\\/tienda\\\/bebidas\\\/cervezas\\\/sonora\\\/#primaryimage\"},\"image\":{\"@id\":\"https:\\\/\\\/superbydot.com\\\/tienda\\\/bebidas\\\/cervezas\\\/sonora\\\/#primaryimage\"},\"thumbnailUrl\":\"https:\\\/\\\/superbydot.com\\\/wp-content\\\/uploads\\\/2024\\\/10\\\/SUPERSINFOTO.jpg\",\"datePublished\":\"2024-09-12T15:24:49+00:00\",\"dateModified\":\"2026-02-06T18:27:22+00:00\",\"breadcrumb\":{\"@id\":\"https:\\\/\\\/superbydot.com\\\/tienda\\\/bebidas\\\/cervezas\\\/sonora\\\/#breadcrumb\"},\"inLanguage\":\"en-US\",\"potentialAction\":[{\"@type\":\"ReadAction\",\"target\":[\"https:\\\/\\\/superbydot.com\\\/tienda\\\/bebidas\\\/cervezas\\\/sonora\\\/\"]}]},{\"@type\":\"ImageObject\",\"inLanguage\":\"en-US\",\"@id\":\"https:\\\/\\\/superbydot.com\\\/tienda\\\/bebidas\\\/cervezas\\\/sonora\\\/#primaryimage\",\"url\":\"https:\\\/\\\/superbydot.com\\\/wp-content\\\/uploads\\\/2024\\\/10\\\/SUPERSINFOTO.jpg\",\"contentUrl\":\"https:\\\/\\\/superbydot.com\\\/wp-content\\\/uploads\\\/2024\\\/10\\\/SUPERSINFOTO.jpg\",\"width\":500,\"height\":500},{\"@type\":\"BreadcrumbList\",\"@id\":\"https:\\\/\\\/superbydot.com\\\/tienda\\\/bebidas\\\/cervezas\\\/sonora\\\/#breadcrumb\",\"itemListElement\":[{\"@type\":\"ListItem\",\"position\":1,\"name\":\"Portada\",\"item\":\"https:\\\/\\\/superbydot.com\\\/\"},{\"@type\":\"ListItem\",\"position\":2,\"name\":\"EN Tienda\",\"item\":\"https:\\\/\\\/superbydot.com\\\/en\\\/store\\\/\"},{\"@type\":\"ListItem\",\"position\":3,\"name\":\"Things We&#8217;ve Done Double Black IPA &#8211; Oddity\"}]},{\"@type\":\"WebSite\",\"@id\":\"https:\\\/\\\/superbydot.com\\\/#website\",\"url\":\"https:\\\/\\\/superbydot.com\\\/\",\"name\":\"Super by Dot\",\"description\":\"SUPER es un SUPER de barrio\",\"publisher\":{\"@id\":\"https:\\\/\\\/superbydot.com\\\/#organization\"},\"potentialAction\":[{\"@type\":\"SearchAction\",\"target\":{\"@type\":\"EntryPoint\",\"urlTemplate\":\"https:\\\/\\\/superbydot.com\\\/?s={search_term_string}\"},\"query-input\":{\"@type\":\"PropertyValueSpecification\",\"valueRequired\":true,\"valueName\":\"search_term_string\"}}],\"inLanguage\":\"en-US\"},{\"@type\":\"Organization\",\"@id\":\"https:\\\/\\\/superbydot.com\\\/#organization\",\"name\":\"Super by Dot\",\"url\":\"https:\\\/\\\/superbydot.com\\\/\",\"logo\":{\"@type\":\"ImageObject\",\"inLanguage\":\"en-US\",\"@id\":\"https:\\\/\\\/superbydot.com\\\/#\\\/schema\\\/logo\\\/image\\\/\",\"url\":\"https:\\\/\\\/superbydot.com\\\/wp-content\\\/uploads\\\/2023\\\/04\\\/logotipo_super_blanco.svg\",\"contentUrl\":\"https:\\\/\\\/superbydot.com\\\/wp-content\\\/uploads\\\/2023\\\/04\\\/logotipo_super_blanco.svg\",\"caption\":\"Super by Dot\"},\"image\":{\"@id\":\"https:\\\/\\\/superbydot.com\\\/#\\\/schema\\\/logo\\\/image\\\/\"}}]}<\/script>\n<!-- \/ Yoast SEO plugin. -->","yoast_head_json":{"title":"Things We've Done Double Black IPA - Oddity - Super by Dot","robots":{"index":"index","follow":"follow","max-snippet":"max-snippet:-1","max-image-preview":"max-image-preview:large","max-video-preview":"max-video-preview:-1"},"canonical":"https:\/\/superbydot.com\/tienda\/bebidas\/cervezas\/sonora\/","og_locale":"en_US","og_type":"article","og_title":"Things We've Done Double Black IPA - Oddity - Super by Dot","og_description":"Suave y moderna, tiene algo de caramelo y un toque amargo. En nariz es compleja y llena de capas; d\u00e1tiles y moka reci\u00e9n hecho, un poco de naranja y pomelo combinan con notas de abeto oto\u00f1al y ar\u00e1ndanos de invierno. Estilo:\u00a0 Double Black IPA\u00a0 L\u00fapulos: Centennial, cashmere y sabro\u00a0 Formato 44cl Ingredientes: agua, cebada, trigo, [&hellip;]","og_url":"https:\/\/superbydot.com\/tienda\/bebidas\/cervezas\/sonora\/","og_site_name":"Super by Dot","article_modified_time":"2026-02-06T18:27:22+00:00","og_image":[{"width":500,"height":500,"url":"https:\/\/superbydot.com\/wp-content\/uploads\/2024\/10\/SUPERSINFOTO.jpg","type":"image\/jpeg"}],"twitter_card":"summary_large_image","twitter_misc":{"Est. reading time":"1 minute"},"schema":{"@context":"https:\/\/schema.org","@graph":[{"@type":"WebPage","@id":"https:\/\/superbydot.com\/tienda\/bebidas\/cervezas\/sonora\/","url":"https:\/\/superbydot.com\/tienda\/bebidas\/cervezas\/sonora\/","name":"Things We've Done Double Black IPA - Oddity - Super by Dot","isPartOf":{"@id":"https:\/\/superbydot.com\/#website"},"primaryImageOfPage":{"@id":"https:\/\/superbydot.com\/tienda\/bebidas\/cervezas\/sonora\/#primaryimage"},"image":{"@id":"https:\/\/superbydot.com\/tienda\/bebidas\/cervezas\/sonora\/#primaryimage"},"thumbnailUrl":"https:\/\/superbydot.com\/wp-content\/uploads\/2024\/10\/SUPERSINFOTO.jpg","datePublished":"2024-09-12T15:24:49+00:00","dateModified":"2026-02-06T18:27:22+00:00","breadcrumb":{"@id":"https:\/\/superbydot.com\/tienda\/bebidas\/cervezas\/sonora\/#breadcrumb"},"inLanguage":"en-US","potentialAction":[{"@type":"ReadAction","target":["https:\/\/superbydot.com\/tienda\/bebidas\/cervezas\/sonora\/"]}]},{"@type":"ImageObject","inLanguage":"en-US","@id":"https:\/\/superbydot.com\/tienda\/bebidas\/cervezas\/sonora\/#primaryimage","url":"https:\/\/superbydot.com\/wp-content\/uploads\/2024\/10\/SUPERSINFOTO.jpg","contentUrl":"https:\/\/superbydot.com\/wp-content\/uploads\/2024\/10\/SUPERSINFOTO.jpg","width":500,"height":500},{"@type":"BreadcrumbList","@id":"https:\/\/superbydot.com\/tienda\/bebidas\/cervezas\/sonora\/#breadcrumb","itemListElement":[{"@type":"ListItem","position":1,"name":"Portada","item":"https:\/\/superbydot.com\/"},{"@type":"ListItem","position":2,"name":"EN Tienda","item":"https:\/\/superbydot.com\/en\/store\/"},{"@type":"ListItem","position":3,"name":"Things We&#8217;ve Done Double Black IPA &#8211; Oddity"}]},{"@type":"WebSite","@id":"https:\/\/superbydot.com\/#website","url":"https:\/\/superbydot.com\/","name":"Super by Dot","description":"SUPER es un SUPER de barrio","publisher":{"@id":"https:\/\/superbydot.com\/#organization"},"potentialAction":[{"@type":"SearchAction","target":{"@type":"EntryPoint","urlTemplate":"https:\/\/superbydot.com\/?s={search_term_string}"},"query-input":{"@type":"PropertyValueSpecification","valueRequired":true,"valueName":"search_term_string"}}],"inLanguage":"en-US"},{"@type":"Organization","@id":"https:\/\/superbydot.com\/#organization","name":"Super by Dot","url":"https:\/\/superbydot.com\/","logo":{"@type":"ImageObject","inLanguage":"en-US","@id":"https:\/\/superbydot.com\/#\/schema\/logo\/image\/","url":"https:\/\/superbydot.com\/wp-content\/uploads\/2023\/04\/logotipo_super_blanco.svg","contentUrl":"https:\/\/superbydot.com\/wp-content\/uploads\/2023\/04\/logotipo_super_blanco.svg","caption":"Super by Dot"},"image":{"@id":"https:\/\/superbydot.com\/#\/schema\/logo\/image\/"}}]}},"_links":{"self":[{"href":"https:\/\/superbydot.com\/en\/wp-json\/wp\/v2\/product\/13893","targetHints":{"allow":["GET"]}}],"collection":[{"href":"https:\/\/superbydot.com\/en\/wp-json\/wp\/v2\/product"}],"about":[{"href":"https:\/\/superbydot.com\/en\/wp-json\/wp\/v2\/types\/product"}],"wp:featuredmedia":[{"embeddable":true,"href":"https:\/\/superbydot.com\/en\/wp-json\/wp\/v2\/media\/14062"}],"wp:attachment":[{"href":"https:\/\/superbydot.com\/en\/wp-json\/wp\/v2\/media?parent=13893"}],"wp:term":[{"taxonomy":"product_brand","embeddable":true,"href":"https:\/\/superbydot.com\/en\/wp-json\/wp\/v2\/product_brand?post=13893"},{"taxonomy":"product_cat","embeddable":true,"href":"https:\/\/superbydot.com\/en\/wp-json\/wp\/v2\/product_cat?post=13893"},{"taxonomy":"product_tag","embeddable":true,"href":"https:\/\/superbydot.com\/en\/wp-json\/wp\/v2\/product_tag?post=13893"}],"curies":[{"name":"wp","href":"https:\/\/api.w.org\/{rel}","templated":true}]}}