{"id":19521,"date":"2025-04-02T18:58:37","date_gmt":"2025-04-02T17:58:37","guid":{"rendered":"https:\/\/superbydot.com\/?post_type=product&#038;p=19521"},"modified":"2026-02-20T17:56:34","modified_gmt":"2026-02-20T16:56:34","slug":"champu-solido-wondr-care","status":"publish","type":"product","link":"https:\/\/superbydot.com\/en\/tienda\/home\/cosmetics\/champu-solido-wondr-care\/","title":{"rendered":"Champ\u00fa S\u00f3lido &#8211; Wondr Care"},"content":{"rendered":"<p>Barras de champ\u00fa con ingredientes naturales que nutren, hidratan y limpian profundamente el cabello y el cuero cabelludo. Todos los champ\u00fas en barra se fabrican en B\u00e9lgica y adem\u00e1s no contienen aceite de palma, parabenos ni siliconas.<\/p>\n<p>Ocean Breeze: champ\u00fa para cabello graso.<br \/>\nSweet Melon: champ\u00fa para todo tipo de cabello, pero especialmente para personas con cuero cabelludo sensible por su efecto profundamente hidratante.<br \/>\nLavander: champ\u00fa para cabello seco, esta barra es altamente nutritiva.<br \/>\nFlower Power: champ\u00fa especialmente para personas con cuero cabelludo sensible debido a su efecto profundamente nutritivo.<br \/>\nJuicy Orange:\u00a0 champ\u00fa para cuando sufres de caspa en el cabello.<br \/>\nCrazy in the Coconut: champ\u00fa que puedes usar en todo tipo de cabello, es muy hidratante y tiene un incre\u00edble aroma tropical.<br \/>\nMiel vegana: este champ\u00fa tiene como objetivo la restauraci\u00f3n del cabello. Con mol\u00e9culas reparadoras da un cuidado intenso al cabello seco y da\u00f1ado.<\/p>\n","protected":false},"excerpt":{"rendered":"<p>Barras de champ\u00fa con ingredientes naturales que nutren, hidratan y limpian profundamente el cabello y el cuero cabelludo. Todos los champ\u00fas en barra se fabrican en B\u00e9lgica y adem\u00e1s no contienen aceite de palma, parabenos ni siliconas. Ocean Breeze: champ\u00fa para cabello graso. Sweet Melon: champ\u00fa para todo tipo de cabello, pero especialmente para personas [&hellip;]<\/p>\n","protected":false},"featured_media":19974,"template":"","meta":{"site-sidebar-layout":"default","site-content-layout":"","ast-site-content-layout":"default","site-content-style":"default","site-sidebar-style":"default","ast-global-header-display":"","ast-banner-title-visibility":"","ast-main-header-display":"","ast-hfb-above-header-display":"","ast-hfb-below-header-display":"","ast-hfb-mobile-header-display":"","site-post-title":"","ast-breadcrumbs-content":"","ast-featured-img":"","footer-sml-layout":"","ast-disable-related-posts":"","theme-transparent-header-meta":"default","adv-header-id-meta":"","stick-header-meta":"","header-above-stick-meta":"","header-main-stick-meta":"","header-below-stick-meta":"","astra-migrate-meta-layouts":"set","ast-page-background-enabled":"default","ast-page-background-meta":{"desktop":{"background-color":"var(--ast-global-color-4)","background-image":"","background-repeat":"repeat","background-position":"center center","background-size":"auto","background-attachment":"scroll","background-type":"","background-media":"","overlay-type":"","overlay-color":"","overlay-opacity":"","overlay-gradient":""},"tablet":{"background-color":"","background-image":"","background-repeat":"repeat","background-position":"center center","background-size":"auto","background-attachment":"scroll","background-type":"","background-media":"","overlay-type":"","overlay-color":"","overlay-opacity":"","overlay-gradient":""},"mobile":{"background-color":"","background-image":"","background-repeat":"repeat","background-position":"center center","background-size":"auto","background-attachment":"scroll","background-type":"","background-media":"","overlay-type":"","overlay-color":"","overlay-opacity":"","overlay-gradient":""}},"ast-content-background-meta":{"desktop":{"background-color":"var(--ast-global-color-5)","background-image":"","background-repeat":"repeat","background-position":"center center","background-size":"auto","background-attachment":"scroll","background-type":"","background-media":"","overlay-type":"","overlay-color":"","overlay-opacity":"","overlay-gradient":""},"tablet":{"background-color":"var(--ast-global-color-5)","background-image":"","background-repeat":"repeat","background-position":"center center","background-size":"auto","background-attachment":"scroll","background-type":"","background-media":"","overlay-type":"","overlay-color":"","overlay-opacity":"","overlay-gradient":""},"mobile":{"background-color":"var(--ast-global-color-5)","background-image":"","background-repeat":"repeat","background-position":"center center","background-size":"auto","background-attachment":"scroll","background-type":"","background-media":"","overlay-type":"","overlay-color":"","overlay-opacity":"","overlay-gradient":""}}},"product_brand":[],"product_cat":[71],"product_tag":[],"class_list":{"0":"post-19521","1":"product","2":"type-product","3":"status-publish","4":"has-post-thumbnail","6":"product_cat-cosmetica","7":"yith_product_brand-wondr-care","8":"desktop-align-left","9":"tablet-align-left","10":"mobile-align-left","12":"first","13":"instock","14":"taxable","15":"shipping-taxable","16":"purchasable","17":"product-type-variable"},"bundled_by":[],"bundle_stock_status":"instock","bundle_stock_quantity":1,"bundle_virtual":false,"bundle_layout":"","bundle_add_to_cart_form_location":"","bundle_editable_in_cart":false,"bundle_sold_individually_context":"","bundle_item_grouping":"","bundle_min_size":"","bundle_max_size":"","bundle_price":[],"bundled_items":[],"bundle_sell_ids":[],"yoast_head":"<!-- This site is optimized with the Yoast SEO plugin v27.2 - https:\/\/yoast.com\/product\/yoast-seo-wordpress\/ -->\n<title>Champ\u00fa S\u00f3lido - Wondr Care - Super by Dot<\/title>\n<meta name=\"robots\" content=\"index, follow, max-snippet:-1, max-image-preview:large, max-video-preview:-1\" \/>\n<link rel=\"canonical\" href=\"https:\/\/superbydot.com\/tienda\/casa\/cosmetica\/champu-solido-wondr-care\/\" \/>\n<meta property=\"og:locale\" content=\"en_US\" \/>\n<meta property=\"og:type\" content=\"article\" \/>\n<meta property=\"og:title\" content=\"Champ\u00fa S\u00f3lido - Wondr Care - Super by Dot\" \/>\n<meta property=\"og:description\" content=\"Barras de champ\u00fa con ingredientes naturales que nutren, hidratan y limpian profundamente el cabello y el cuero cabelludo. Todos los champ\u00fas en barra se fabrican en B\u00e9lgica y adem\u00e1s no contienen aceite de palma, parabenos ni siliconas. Ocean Breeze: champ\u00fa para cabello graso. Sweet Melon: champ\u00fa para todo tipo de cabello, pero especialmente para personas [&hellip;]\" \/>\n<meta property=\"og:url\" content=\"https:\/\/superbydot.com\/tienda\/casa\/cosmetica\/champu-solido-wondr-care\/\" \/>\n<meta property=\"og:site_name\" content=\"Super by Dot\" \/>\n<meta property=\"article:modified_time\" content=\"2026-02-20T16:56:34+00:00\" \/>\n<meta property=\"og:image\" content=\"https:\/\/superbydot.com\/wp-content\/uploads\/2025\/04\/wondr.webp\" \/>\n\t<meta property=\"og:image:width\" content=\"1080\" \/>\n\t<meta property=\"og:image:height\" content=\"1080\" \/>\n\t<meta property=\"og:image:type\" content=\"image\/webp\" \/>\n<meta name=\"twitter:card\" content=\"summary_large_image\" \/>\n<meta name=\"twitter:label1\" content=\"Est. reading time\" \/>\n\t<meta name=\"twitter:data1\" content=\"1 minute\" \/>\n<script type=\"application\/ld+json\" class=\"yoast-schema-graph\">{\"@context\":\"https:\/\/schema.org\",\"@graph\":[{\"@type\":\"WebPage\",\"@id\":\"https:\/\/superbydot.com\/tienda\/casa\/cosmetica\/champu-solido-wondr-care\/\",\"url\":\"https:\/\/superbydot.com\/tienda\/casa\/cosmetica\/champu-solido-wondr-care\/\",\"name\":\"Champ\u00fa S\u00f3lido - Wondr Care - Super by Dot\",\"isPartOf\":{\"@id\":\"https:\/\/superbydot.com\/#website\"},\"primaryImageOfPage\":{\"@id\":\"https:\/\/superbydot.com\/tienda\/casa\/cosmetica\/champu-solido-wondr-care\/#primaryimage\"},\"image\":{\"@id\":\"https:\/\/superbydot.com\/tienda\/casa\/cosmetica\/champu-solido-wondr-care\/#primaryimage\"},\"thumbnailUrl\":\"https:\/\/superbydot.com\/wp-content\/uploads\/2025\/04\/wondr.webp\",\"datePublished\":\"2025-04-02T17:58:37+00:00\",\"dateModified\":\"2026-02-20T16:56:34+00:00\",\"breadcrumb\":{\"@id\":\"https:\/\/superbydot.com\/tienda\/casa\/cosmetica\/champu-solido-wondr-care\/#breadcrumb\"},\"inLanguage\":\"en-US\",\"potentialAction\":[{\"@type\":\"ReadAction\",\"target\":[\"https:\/\/superbydot.com\/tienda\/casa\/cosmetica\/champu-solido-wondr-care\/\"]}]},{\"@type\":\"ImageObject\",\"inLanguage\":\"en-US\",\"@id\":\"https:\/\/superbydot.com\/tienda\/casa\/cosmetica\/champu-solido-wondr-care\/#primaryimage\",\"url\":\"https:\/\/superbydot.com\/wp-content\/uploads\/2025\/04\/wondr.webp\",\"contentUrl\":\"https:\/\/superbydot.com\/wp-content\/uploads\/2025\/04\/wondr.webp\",\"width\":1080,\"height\":1080},{\"@type\":\"BreadcrumbList\",\"@id\":\"https:\/\/superbydot.com\/tienda\/casa\/cosmetica\/champu-solido-wondr-care\/#breadcrumb\",\"itemListElement\":[{\"@type\":\"ListItem\",\"position\":1,\"name\":\"Portada\",\"item\":\"https:\/\/superbydot.com\/\"},{\"@type\":\"ListItem\",\"position\":2,\"name\":\"EN Tienda\",\"item\":\"https:\/\/superbydot.com\/en\/store\/\"},{\"@type\":\"ListItem\",\"position\":3,\"name\":\"Champ\u00fa S\u00f3lido &#8211; Wondr Care\"}]},{\"@type\":\"WebSite\",\"@id\":\"https:\/\/superbydot.com\/#website\",\"url\":\"https:\/\/superbydot.com\/\",\"name\":\"Super by Dot\",\"description\":\"SUPER es un SUPER de barrio\",\"publisher\":{\"@id\":\"https:\/\/superbydot.com\/#organization\"},\"potentialAction\":[{\"@type\":\"SearchAction\",\"target\":{\"@type\":\"EntryPoint\",\"urlTemplate\":\"https:\/\/superbydot.com\/?s={search_term_string}\"},\"query-input\":{\"@type\":\"PropertyValueSpecification\",\"valueRequired\":true,\"valueName\":\"search_term_string\"}}],\"inLanguage\":\"en-US\"},{\"@type\":\"Organization\",\"@id\":\"https:\/\/superbydot.com\/#organization\",\"name\":\"Super by Dot\",\"url\":\"https:\/\/superbydot.com\/\",\"logo\":{\"@type\":\"ImageObject\",\"inLanguage\":\"en-US\",\"@id\":\"https:\/\/superbydot.com\/#\/schema\/logo\/image\/\",\"url\":\"https:\/\/superbydot.com\/wp-content\/uploads\/2023\/04\/logotipo_super_blanco.svg\",\"contentUrl\":\"https:\/\/superbydot.com\/wp-content\/uploads\/2023\/04\/logotipo_super_blanco.svg\",\"caption\":\"Super by Dot\"},\"image\":{\"@id\":\"https:\/\/superbydot.com\/#\/schema\/logo\/image\/\"}}]}<\/script>\n<!-- \/ Yoast SEO plugin. -->","yoast_head_json":{"title":"Champ\u00fa S\u00f3lido - Wondr Care - Super by Dot","robots":{"index":"index","follow":"follow","max-snippet":"max-snippet:-1","max-image-preview":"max-image-preview:large","max-video-preview":"max-video-preview:-1"},"canonical":"https:\/\/superbydot.com\/tienda\/casa\/cosmetica\/champu-solido-wondr-care\/","og_locale":"en_US","og_type":"article","og_title":"Champ\u00fa S\u00f3lido - Wondr Care - Super by Dot","og_description":"Barras de champ\u00fa con ingredientes naturales que nutren, hidratan y limpian profundamente el cabello y el cuero cabelludo. Todos los champ\u00fas en barra se fabrican en B\u00e9lgica y adem\u00e1s no contienen aceite de palma, parabenos ni siliconas. Ocean Breeze: champ\u00fa para cabello graso. Sweet Melon: champ\u00fa para todo tipo de cabello, pero especialmente para personas [&hellip;]","og_url":"https:\/\/superbydot.com\/tienda\/casa\/cosmetica\/champu-solido-wondr-care\/","og_site_name":"Super by Dot","article_modified_time":"2026-02-20T16:56:34+00:00","og_image":[{"width":1080,"height":1080,"url":"https:\/\/superbydot.com\/wp-content\/uploads\/2025\/04\/wondr.webp","type":"image\/webp"}],"twitter_card":"summary_large_image","twitter_misc":{"Est. reading time":"1 minute"},"schema":{"@context":"https:\/\/schema.org","@graph":[{"@type":"WebPage","@id":"https:\/\/superbydot.com\/tienda\/casa\/cosmetica\/champu-solido-wondr-care\/","url":"https:\/\/superbydot.com\/tienda\/casa\/cosmetica\/champu-solido-wondr-care\/","name":"Champ\u00fa S\u00f3lido - Wondr Care - Super by Dot","isPartOf":{"@id":"https:\/\/superbydot.com\/#website"},"primaryImageOfPage":{"@id":"https:\/\/superbydot.com\/tienda\/casa\/cosmetica\/champu-solido-wondr-care\/#primaryimage"},"image":{"@id":"https:\/\/superbydot.com\/tienda\/casa\/cosmetica\/champu-solido-wondr-care\/#primaryimage"},"thumbnailUrl":"https:\/\/superbydot.com\/wp-content\/uploads\/2025\/04\/wondr.webp","datePublished":"2025-04-02T17:58:37+00:00","dateModified":"2026-02-20T16:56:34+00:00","breadcrumb":{"@id":"https:\/\/superbydot.com\/tienda\/casa\/cosmetica\/champu-solido-wondr-care\/#breadcrumb"},"inLanguage":"en-US","potentialAction":[{"@type":"ReadAction","target":["https:\/\/superbydot.com\/tienda\/casa\/cosmetica\/champu-solido-wondr-care\/"]}]},{"@type":"ImageObject","inLanguage":"en-US","@id":"https:\/\/superbydot.com\/tienda\/casa\/cosmetica\/champu-solido-wondr-care\/#primaryimage","url":"https:\/\/superbydot.com\/wp-content\/uploads\/2025\/04\/wondr.webp","contentUrl":"https:\/\/superbydot.com\/wp-content\/uploads\/2025\/04\/wondr.webp","width":1080,"height":1080},{"@type":"BreadcrumbList","@id":"https:\/\/superbydot.com\/tienda\/casa\/cosmetica\/champu-solido-wondr-care\/#breadcrumb","itemListElement":[{"@type":"ListItem","position":1,"name":"Portada","item":"https:\/\/superbydot.com\/"},{"@type":"ListItem","position":2,"name":"EN Tienda","item":"https:\/\/superbydot.com\/en\/store\/"},{"@type":"ListItem","position":3,"name":"Champ\u00fa S\u00f3lido &#8211; Wondr Care"}]},{"@type":"WebSite","@id":"https:\/\/superbydot.com\/#website","url":"https:\/\/superbydot.com\/","name":"Super by Dot","description":"SUPER es un SUPER de barrio","publisher":{"@id":"https:\/\/superbydot.com\/#organization"},"potentialAction":[{"@type":"SearchAction","target":{"@type":"EntryPoint","urlTemplate":"https:\/\/superbydot.com\/?s={search_term_string}"},"query-input":{"@type":"PropertyValueSpecification","valueRequired":true,"valueName":"search_term_string"}}],"inLanguage":"en-US"},{"@type":"Organization","@id":"https:\/\/superbydot.com\/#organization","name":"Super by Dot","url":"https:\/\/superbydot.com\/","logo":{"@type":"ImageObject","inLanguage":"en-US","@id":"https:\/\/superbydot.com\/#\/schema\/logo\/image\/","url":"https:\/\/superbydot.com\/wp-content\/uploads\/2023\/04\/logotipo_super_blanco.svg","contentUrl":"https:\/\/superbydot.com\/wp-content\/uploads\/2023\/04\/logotipo_super_blanco.svg","caption":"Super by Dot"},"image":{"@id":"https:\/\/superbydot.com\/#\/schema\/logo\/image\/"}}]}},"_links":{"self":[{"href":"https:\/\/superbydot.com\/en\/wp-json\/wp\/v2\/product\/19521","targetHints":{"allow":["GET"]}}],"collection":[{"href":"https:\/\/superbydot.com\/en\/wp-json\/wp\/v2\/product"}],"about":[{"href":"https:\/\/superbydot.com\/en\/wp-json\/wp\/v2\/types\/product"}],"wp:featuredmedia":[{"embeddable":true,"href":"https:\/\/superbydot.com\/en\/wp-json\/wp\/v2\/media\/19974"}],"wp:attachment":[{"href":"https:\/\/superbydot.com\/en\/wp-json\/wp\/v2\/media?parent=19521"}],"wp:term":[{"taxonomy":"product_brand","embeddable":true,"href":"https:\/\/superbydot.com\/en\/wp-json\/wp\/v2\/product_brand?post=19521"},{"taxonomy":"product_cat","embeddable":true,"href":"https:\/\/superbydot.com\/en\/wp-json\/wp\/v2\/product_cat?post=19521"},{"taxonomy":"product_tag","embeddable":true,"href":"https:\/\/superbydot.com\/en\/wp-json\/wp\/v2\/product_tag?post=19521"}],"curies":[{"name":"wp","href":"https:\/\/api.w.org\/{rel}","templated":true}]}}