{"id":21754,"date":"2025-10-01T11:20:59","date_gmt":"2025-10-01T10:20:59","guid":{"rendered":"https:\/\/superbydot.com\/?post_type=product&#038;p=21754"},"modified":"2025-10-05T11:22:38","modified_gmt":"2025-10-05T10:22:38","slug":"jabon-natural-argan-essabo","status":"publish","type":"product","link":"https:\/\/superbydot.com\/en\/tienda\/home\/cosmetics\/jabon-natural-argan-essabo\/","title":{"rendered":"Jab\u00f3n Natural Arg\u00e1n &#8211; Essab\u00f3"},"content":{"rendered":"<p>Jab\u00f3n de ba\u00f1o con\u00a0<b>ingredientes 100% de origen natural<\/b>. Vegano.<\/p>\n<p>Aceite de\u00a0<b>arg\u00e1n, aceite esencial de lim\u00f3n y canela<\/b>. Base de\u00a0<b>aceite de coco.<\/b><\/p>\n<p>Indicado para\u00a0<b>pieles maduras y\/o normales.<\/b><\/p>\n<p>Elaboraci\u00f3n tradicional mediante<b>\u00a0saponificaci\u00f3n en fr\u00edo.<\/b><\/p>\n<p>Certificado cosm\u00e9tico\u00a0<b>natural NATRUE.<\/b><\/p>\n","protected":false},"excerpt":{"rendered":"<p>Jab\u00f3n de ba\u00f1o con\u00a0ingredientes 100% de origen natural. Vegano. Aceite de\u00a0arg\u00e1n, aceite esencial de lim\u00f3n y canela. Base de\u00a0aceite de coco. Indicado para\u00a0pieles maduras y\/o normales. Elaboraci\u00f3n tradicional mediante\u00a0saponificaci\u00f3n en fr\u00edo. Certificado cosm\u00e9tico\u00a0natural NATRUE.<\/p>\n","protected":false},"featured_media":0,"template":"","meta":{"site-sidebar-layout":"default","site-content-layout":"default","ast-site-content-layout":"default","site-content-style":"default","site-sidebar-style":"default","ast-global-header-display":"","ast-banner-title-visibility":"","ast-main-header-display":"","ast-hfb-above-header-display":"","ast-hfb-below-header-display":"","ast-hfb-mobile-header-display":"","site-post-title":"","ast-breadcrumbs-content":"","ast-featured-img":"","footer-sml-layout":"","ast-disable-related-posts":"","theme-transparent-header-meta":"default","adv-header-id-meta":"","stick-header-meta":"","header-above-stick-meta":"","header-main-stick-meta":"","header-below-stick-meta":"","astra-migrate-meta-layouts":"set","ast-page-background-enabled":"default","ast-page-background-meta":{"desktop":{"background-color":"var(--ast-global-color-4)","background-image":"","background-repeat":"repeat","background-position":"center center","background-size":"auto","background-attachment":"scroll","background-type":"","background-media":"","overlay-type":"","overlay-color":"","overlay-opacity":"","overlay-gradient":""},"tablet":{"background-color":"","background-image":"","background-repeat":"repeat","background-position":"center center","background-size":"auto","background-attachment":"scroll","background-type":"","background-media":"","overlay-type":"","overlay-color":"","overlay-opacity":"","overlay-gradient":""},"mobile":{"background-color":"","background-image":"","background-repeat":"repeat","background-position":"center center","background-size":"auto","background-attachment":"scroll","background-type":"","background-media":"","overlay-type":"","overlay-color":"","overlay-opacity":"","overlay-gradient":""}},"ast-content-background-meta":{"desktop":{"background-color":"var(--ast-global-color-5)","background-image":"","background-repeat":"repeat","background-position":"center center","background-size":"auto","background-attachment":"scroll","background-type":"","background-media":"","overlay-type":"","overlay-color":"","overlay-opacity":"","overlay-gradient":""},"tablet":{"background-color":"var(--ast-global-color-5)","background-image":"","background-repeat":"repeat","background-position":"center center","background-size":"auto","background-attachment":"scroll","background-type":"","background-media":"","overlay-type":"","overlay-color":"","overlay-opacity":"","overlay-gradient":""},"mobile":{"background-color":"var(--ast-global-color-5)","background-image":"","background-repeat":"repeat","background-position":"center center","background-size":"auto","background-attachment":"scroll","background-type":"","background-media":"","overlay-type":"","overlay-color":"","overlay-opacity":"","overlay-gradient":""}}},"product_brand":[],"product_cat":[53,71],"product_tag":[],"class_list":{"0":"post-21754","1":"product","2":"type-product","3":"status-publish","5":"product_cat-casa","6":"product_cat-cosmetica","7":"yith_product_brand-essabo","8":"desktop-align-left","9":"tablet-align-left","10":"mobile-align-left","12":"first","13":"instock","14":"taxable","15":"shipping-taxable","16":"purchasable","17":"product-type-simple"},"bundled_by":[],"bundle_stock_status":"instock","bundle_stock_quantity":4,"bundle_virtual":false,"bundle_layout":"","bundle_add_to_cart_form_location":"","bundle_editable_in_cart":false,"bundle_sold_individually_context":"","bundle_item_grouping":"","bundle_min_size":"","bundle_max_size":"","bundle_price":[],"bundled_items":[],"bundle_sell_ids":[],"yoast_head":"<!-- This site is optimized with the Yoast SEO plugin v27.2 - https:\/\/yoast.com\/product\/yoast-seo-wordpress\/ -->\n<title>Jab\u00f3n Natural Arg\u00e1n - Essab\u00f3 - Super by Dot<\/title>\n<meta name=\"robots\" content=\"index, follow, max-snippet:-1, max-image-preview:large, max-video-preview:-1\" \/>\n<link rel=\"canonical\" href=\"https:\/\/superbydot.com\/tienda\/casa\/cosmetica\/jabon-natural-argan-essabo\/\" \/>\n<meta property=\"og:locale\" content=\"en_US\" \/>\n<meta property=\"og:type\" content=\"article\" \/>\n<meta property=\"og:title\" content=\"Jab\u00f3n Natural Arg\u00e1n - Essab\u00f3 - Super by Dot\" \/>\n<meta property=\"og:description\" content=\"Jab\u00f3n de ba\u00f1o con\u00a0ingredientes 100% de origen natural. Vegano. Aceite de\u00a0arg\u00e1n, aceite esencial de lim\u00f3n y canela. Base de\u00a0aceite de coco. Indicado para\u00a0pieles maduras y\/o normales. Elaboraci\u00f3n tradicional mediante\u00a0saponificaci\u00f3n en fr\u00edo. Certificado cosm\u00e9tico\u00a0natural NATRUE.\" \/>\n<meta property=\"og:url\" content=\"https:\/\/superbydot.com\/tienda\/casa\/cosmetica\/jabon-natural-argan-essabo\/\" \/>\n<meta property=\"og:site_name\" content=\"Super by Dot\" \/>\n<meta property=\"article:modified_time\" content=\"2025-10-05T10:22:38+00:00\" \/>\n<meta name=\"twitter:card\" content=\"summary_large_image\" \/>\n<meta name=\"twitter:label1\" content=\"Est. reading time\" \/>\n\t<meta name=\"twitter:data1\" content=\"1 minute\" \/>\n<script type=\"application\/ld+json\" class=\"yoast-schema-graph\">{\"@context\":\"https:\/\/schema.org\",\"@graph\":[{\"@type\":\"WebPage\",\"@id\":\"https:\/\/superbydot.com\/tienda\/casa\/cosmetica\/jabon-natural-argan-essabo\/\",\"url\":\"https:\/\/superbydot.com\/tienda\/casa\/cosmetica\/jabon-natural-argan-essabo\/\",\"name\":\"Jab\u00f3n Natural Arg\u00e1n - Essab\u00f3 - Super by Dot\",\"isPartOf\":{\"@id\":\"https:\/\/superbydot.com\/#website\"},\"datePublished\":\"2025-10-01T10:20:59+00:00\",\"dateModified\":\"2025-10-05T10:22:38+00:00\",\"breadcrumb\":{\"@id\":\"https:\/\/superbydot.com\/tienda\/casa\/cosmetica\/jabon-natural-argan-essabo\/#breadcrumb\"},\"inLanguage\":\"en-US\",\"potentialAction\":[{\"@type\":\"ReadAction\",\"target\":[\"https:\/\/superbydot.com\/tienda\/casa\/cosmetica\/jabon-natural-argan-essabo\/\"]}]},{\"@type\":\"BreadcrumbList\",\"@id\":\"https:\/\/superbydot.com\/tienda\/casa\/cosmetica\/jabon-natural-argan-essabo\/#breadcrumb\",\"itemListElement\":[{\"@type\":\"ListItem\",\"position\":1,\"name\":\"Portada\",\"item\":\"https:\/\/superbydot.com\/\"},{\"@type\":\"ListItem\",\"position\":2,\"name\":\"EN Tienda\",\"item\":\"https:\/\/superbydot.com\/en\/store\/\"},{\"@type\":\"ListItem\",\"position\":3,\"name\":\"Jab\u00f3n Natural Arg\u00e1n &#8211; Essab\u00f3\"}]},{\"@type\":\"WebSite\",\"@id\":\"https:\/\/superbydot.com\/#website\",\"url\":\"https:\/\/superbydot.com\/\",\"name\":\"Super by Dot\",\"description\":\"SUPER es un SUPER de barrio\",\"publisher\":{\"@id\":\"https:\/\/superbydot.com\/#organization\"},\"potentialAction\":[{\"@type\":\"SearchAction\",\"target\":{\"@type\":\"EntryPoint\",\"urlTemplate\":\"https:\/\/superbydot.com\/?s={search_term_string}\"},\"query-input\":{\"@type\":\"PropertyValueSpecification\",\"valueRequired\":true,\"valueName\":\"search_term_string\"}}],\"inLanguage\":\"en-US\"},{\"@type\":\"Organization\",\"@id\":\"https:\/\/superbydot.com\/#organization\",\"name\":\"Super by Dot\",\"url\":\"https:\/\/superbydot.com\/\",\"logo\":{\"@type\":\"ImageObject\",\"inLanguage\":\"en-US\",\"@id\":\"https:\/\/superbydot.com\/#\/schema\/logo\/image\/\",\"url\":\"https:\/\/superbydot.com\/wp-content\/uploads\/2023\/04\/logotipo_super_blanco.svg\",\"contentUrl\":\"https:\/\/superbydot.com\/wp-content\/uploads\/2023\/04\/logotipo_super_blanco.svg\",\"caption\":\"Super by Dot\"},\"image\":{\"@id\":\"https:\/\/superbydot.com\/#\/schema\/logo\/image\/\"}}]}<\/script>\n<!-- \/ Yoast SEO plugin. -->","yoast_head_json":{"title":"Jab\u00f3n Natural Arg\u00e1n - Essab\u00f3 - Super by Dot","robots":{"index":"index","follow":"follow","max-snippet":"max-snippet:-1","max-image-preview":"max-image-preview:large","max-video-preview":"max-video-preview:-1"},"canonical":"https:\/\/superbydot.com\/tienda\/casa\/cosmetica\/jabon-natural-argan-essabo\/","og_locale":"en_US","og_type":"article","og_title":"Jab\u00f3n Natural Arg\u00e1n - Essab\u00f3 - Super by Dot","og_description":"Jab\u00f3n de ba\u00f1o con\u00a0ingredientes 100% de origen natural. Vegano. Aceite de\u00a0arg\u00e1n, aceite esencial de lim\u00f3n y canela. Base de\u00a0aceite de coco. Indicado para\u00a0pieles maduras y\/o normales. Elaboraci\u00f3n tradicional mediante\u00a0saponificaci\u00f3n en fr\u00edo. Certificado cosm\u00e9tico\u00a0natural NATRUE.","og_url":"https:\/\/superbydot.com\/tienda\/casa\/cosmetica\/jabon-natural-argan-essabo\/","og_site_name":"Super by Dot","article_modified_time":"2025-10-05T10:22:38+00:00","twitter_card":"summary_large_image","twitter_misc":{"Est. reading time":"1 minute"},"schema":{"@context":"https:\/\/schema.org","@graph":[{"@type":"WebPage","@id":"https:\/\/superbydot.com\/tienda\/casa\/cosmetica\/jabon-natural-argan-essabo\/","url":"https:\/\/superbydot.com\/tienda\/casa\/cosmetica\/jabon-natural-argan-essabo\/","name":"Jab\u00f3n Natural Arg\u00e1n - Essab\u00f3 - Super by Dot","isPartOf":{"@id":"https:\/\/superbydot.com\/#website"},"datePublished":"2025-10-01T10:20:59+00:00","dateModified":"2025-10-05T10:22:38+00:00","breadcrumb":{"@id":"https:\/\/superbydot.com\/tienda\/casa\/cosmetica\/jabon-natural-argan-essabo\/#breadcrumb"},"inLanguage":"en-US","potentialAction":[{"@type":"ReadAction","target":["https:\/\/superbydot.com\/tienda\/casa\/cosmetica\/jabon-natural-argan-essabo\/"]}]},{"@type":"BreadcrumbList","@id":"https:\/\/superbydot.com\/tienda\/casa\/cosmetica\/jabon-natural-argan-essabo\/#breadcrumb","itemListElement":[{"@type":"ListItem","position":1,"name":"Portada","item":"https:\/\/superbydot.com\/"},{"@type":"ListItem","position":2,"name":"EN Tienda","item":"https:\/\/superbydot.com\/en\/store\/"},{"@type":"ListItem","position":3,"name":"Jab\u00f3n Natural Arg\u00e1n &#8211; Essab\u00f3"}]},{"@type":"WebSite","@id":"https:\/\/superbydot.com\/#website","url":"https:\/\/superbydot.com\/","name":"Super by Dot","description":"SUPER es un SUPER de barrio","publisher":{"@id":"https:\/\/superbydot.com\/#organization"},"potentialAction":[{"@type":"SearchAction","target":{"@type":"EntryPoint","urlTemplate":"https:\/\/superbydot.com\/?s={search_term_string}"},"query-input":{"@type":"PropertyValueSpecification","valueRequired":true,"valueName":"search_term_string"}}],"inLanguage":"en-US"},{"@type":"Organization","@id":"https:\/\/superbydot.com\/#organization","name":"Super by Dot","url":"https:\/\/superbydot.com\/","logo":{"@type":"ImageObject","inLanguage":"en-US","@id":"https:\/\/superbydot.com\/#\/schema\/logo\/image\/","url":"https:\/\/superbydot.com\/wp-content\/uploads\/2023\/04\/logotipo_super_blanco.svg","contentUrl":"https:\/\/superbydot.com\/wp-content\/uploads\/2023\/04\/logotipo_super_blanco.svg","caption":"Super by Dot"},"image":{"@id":"https:\/\/superbydot.com\/#\/schema\/logo\/image\/"}}]}},"_links":{"self":[{"href":"https:\/\/superbydot.com\/en\/wp-json\/wp\/v2\/product\/21754","targetHints":{"allow":["GET"]}}],"collection":[{"href":"https:\/\/superbydot.com\/en\/wp-json\/wp\/v2\/product"}],"about":[{"href":"https:\/\/superbydot.com\/en\/wp-json\/wp\/v2\/types\/product"}],"wp:attachment":[{"href":"https:\/\/superbydot.com\/en\/wp-json\/wp\/v2\/media?parent=21754"}],"wp:term":[{"taxonomy":"product_brand","embeddable":true,"href":"https:\/\/superbydot.com\/en\/wp-json\/wp\/v2\/product_brand?post=21754"},{"taxonomy":"product_cat","embeddable":true,"href":"https:\/\/superbydot.com\/en\/wp-json\/wp\/v2\/product_cat?post=21754"},{"taxonomy":"product_tag","embeddable":true,"href":"https:\/\/superbydot.com\/en\/wp-json\/wp\/v2\/product_tag?post=21754"}],"curies":[{"name":"wp","href":"https:\/\/api.w.org\/{rel}","templated":true}]}}