{"id":22902,"date":"2025-12-18T13:59:06","date_gmt":"2025-12-18T12:59:06","guid":{"rendered":"https:\/\/superbydot.com\/?post_type=product&#038;p=22902"},"modified":"2025-12-18T14:02:54","modified_gmt":"2025-12-18T13:02:54","slug":"de-la-finca-a-la-taza-descubre-el-viaje-del-cafe-de-especialidad-yassir-rais","status":"publish","type":"product","link":"https:\/\/superbydot.com\/en\/tienda\/home\/magazines-paper\/de-la-finca-a-la-taza-descubre-el-viaje-del-cafe-de-especialidad-yassir-rais\/","title":{"rendered":"De la finca a la taza. Descubre el viaje del caf\u00e9 de especialidad &#8211; Yassir Ra\u00efs"},"content":{"rendered":"<p>Al saborear cada sorbo de caf\u00e9 de especialidad, est\u00e1s ayudando a cambiar una industria hacia pr\u00e1cticas m\u00e1s respetuosas con el planeta y apoyando con cada caf\u00e9 a comunidades locales de todo el mundo.<\/p>\n<p>\u00bfQue es el caf\u00e9 de especialidad? Te invitamos a descubrir la fascinante historia del caf\u00e9, desde su origen hasta la taza. Explora cada etapa que hace que un grano de caf\u00e9 se convierta en caf\u00e9 de especialidad desde su cultivo, su cata y su tueste hasta llegar a tus manos en cafeter\u00edas o en casa.<\/p>\n<p>Explora c\u00f3mo cada etapa y cada mano que interviene hacen que cada sorbo sea una experiencia \u00fanica.<\/p>\n<p>Octubre de 2024, tapa dura, 200 p\u00e1ginas, 17 \u00d7 22cm<br \/>\nISBN 978-84-19043-50-4<\/p>\n","protected":false},"excerpt":{"rendered":"<p>Al saborear cada sorbo de caf\u00e9 de especialidad, est\u00e1s ayudando a cambiar una industria hacia pr\u00e1cticas m\u00e1s respetuosas con el planeta y apoyando con cada caf\u00e9 a comunidades locales de todo el mundo. \u00bfQue es el caf\u00e9 de especialidad? Te invitamos a descubrir la fascinante historia del caf\u00e9, desde su origen hasta la taza. Explora [&hellip;]<\/p>\n","protected":false},"featured_media":22903,"template":"","meta":{"site-sidebar-layout":"default","site-content-layout":"default","ast-site-content-layout":"default","site-content-style":"default","site-sidebar-style":"default","ast-global-header-display":"","ast-banner-title-visibility":"","ast-main-header-display":"","ast-hfb-above-header-display":"","ast-hfb-below-header-display":"","ast-hfb-mobile-header-display":"","site-post-title":"","ast-breadcrumbs-content":"","ast-featured-img":"","footer-sml-layout":"","ast-disable-related-posts":"","theme-transparent-header-meta":"default","adv-header-id-meta":"","stick-header-meta":"","header-above-stick-meta":"","header-main-stick-meta":"","header-below-stick-meta":"","astra-migrate-meta-layouts":"set","ast-page-background-enabled":"default","ast-page-background-meta":{"desktop":{"background-color":"var(--ast-global-color-4)","background-image":"","background-repeat":"repeat","background-position":"center center","background-size":"auto","background-attachment":"scroll","background-type":"","background-media":"","overlay-type":"","overlay-color":"","overlay-opacity":"","overlay-gradient":""},"tablet":{"background-color":"","background-image":"","background-repeat":"repeat","background-position":"center center","background-size":"auto","background-attachment":"scroll","background-type":"","background-media":"","overlay-type":"","overlay-color":"","overlay-opacity":"","overlay-gradient":""},"mobile":{"background-color":"","background-image":"","background-repeat":"repeat","background-position":"center center","background-size":"auto","background-attachment":"scroll","background-type":"","background-media":"","overlay-type":"","overlay-color":"","overlay-opacity":"","overlay-gradient":""}},"ast-content-background-meta":{"desktop":{"background-color":"var(--ast-global-color-5)","background-image":"","background-repeat":"repeat","background-position":"center center","background-size":"auto","background-attachment":"scroll","background-type":"","background-media":"","overlay-type":"","overlay-color":"","overlay-opacity":"","overlay-gradient":""},"tablet":{"background-color":"var(--ast-global-color-5)","background-image":"","background-repeat":"repeat","background-position":"center center","background-size":"auto","background-attachment":"scroll","background-type":"","background-media":"","overlay-type":"","overlay-color":"","overlay-opacity":"","overlay-gradient":""},"mobile":{"background-color":"var(--ast-global-color-5)","background-image":"","background-repeat":"repeat","background-position":"center center","background-size":"auto","background-attachment":"scroll","background-type":"","background-media":"","overlay-type":"","overlay-color":"","overlay-opacity":"","overlay-gradient":""}}},"product_brand":[],"product_cat":[53,59],"product_tag":[],"class_list":{"0":"post-22902","1":"product","2":"type-product","3":"status-publish","4":"has-post-thumbnail","6":"product_cat-casa","7":"product_cat-revistas-papeleria","8":"desktop-align-left","9":"tablet-align-left","10":"mobile-align-left","12":"first","13":"instock","14":"taxable","15":"shipping-taxable","16":"purchasable","17":"product-type-simple"},"bundled_by":[],"bundle_stock_status":"instock","bundle_stock_quantity":1,"bundle_virtual":false,"bundle_layout":"","bundle_add_to_cart_form_location":"","bundle_editable_in_cart":false,"bundle_sold_individually_context":"","bundle_item_grouping":"","bundle_min_size":"","bundle_max_size":"","bundle_price":[],"bundled_items":[],"bundle_sell_ids":[],"yoast_head":"<!-- This site is optimized with the Yoast SEO plugin v27.2 - https:\/\/yoast.com\/product\/yoast-seo-wordpress\/ -->\n<title>De la finca a la taza. Descubre el viaje del caf\u00e9 de especialidad - Yassir Ra\u00efs - Super by Dot<\/title>\n<meta name=\"description\" content=\"Una gu\u00eda b\u00e1sica para plantar y cosechar hierbas arom\u00e1ticas en el espacio que tengas. Este libro contiene toda la informaci\u00f3n que necesitas para plantar maravillosas hierbas arom\u00e1ticas, por peque\u00f1o que sea el espacio de que dispones.\" \/>\n<meta name=\"robots\" content=\"index, follow, max-snippet:-1, max-image-preview:large, max-video-preview:-1\" \/>\n<link rel=\"canonical\" href=\"https:\/\/superbydot.com\/tienda\/casa\/revistas-papeleria\/de-la-finca-a-la-taza-descubre-el-viaje-del-cafe-de-especialidad-yassir-rais\/\" \/>\n<meta property=\"og:locale\" content=\"en_US\" \/>\n<meta property=\"og:type\" content=\"article\" \/>\n<meta property=\"og:title\" content=\"De la finca a la taza. Descubre el viaje del caf\u00e9 de especialidad - Yassir Ra\u00efs - Super by Dot\" \/>\n<meta property=\"og:description\" content=\"Una gu\u00eda b\u00e1sica para plantar y cosechar hierbas arom\u00e1ticas en el espacio que tengas. Este libro contiene toda la informaci\u00f3n que necesitas para plantar maravillosas hierbas arom\u00e1ticas, por peque\u00f1o que sea el espacio de que dispones.\" \/>\n<meta property=\"og:url\" content=\"https:\/\/superbydot.com\/tienda\/casa\/revistas-papeleria\/de-la-finca-a-la-taza-descubre-el-viaje-del-cafe-de-especialidad-yassir-rais\/\" \/>\n<meta property=\"og:site_name\" content=\"Super by Dot\" \/>\n<meta property=\"article:modified_time\" content=\"2025-12-18T13:02:54+00:00\" \/>\n<meta property=\"og:image\" content=\"https:\/\/superbydot.com\/wp-content\/uploads\/2025\/12\/finca.jpg\" \/>\n\t<meta property=\"og:image:width\" content=\"1080\" \/>\n\t<meta property=\"og:image:height\" content=\"1080\" \/>\n\t<meta property=\"og:image:type\" content=\"image\/jpeg\" \/>\n<meta name=\"twitter:card\" content=\"summary_large_image\" \/>\n<meta name=\"twitter:label1\" content=\"Est. reading time\" \/>\n\t<meta name=\"twitter:data1\" content=\"1 minute\" \/>\n<script type=\"application\/ld+json\" class=\"yoast-schema-graph\">{\"@context\":\"https:\/\/schema.org\",\"@graph\":[{\"@type\":\"WebPage\",\"@id\":\"https:\/\/superbydot.com\/tienda\/casa\/revistas-papeleria\/de-la-finca-a-la-taza-descubre-el-viaje-del-cafe-de-especialidad-yassir-rais\/\",\"url\":\"https:\/\/superbydot.com\/tienda\/casa\/revistas-papeleria\/de-la-finca-a-la-taza-descubre-el-viaje-del-cafe-de-especialidad-yassir-rais\/\",\"name\":\"De la finca a la taza. Descubre el viaje del caf\u00e9 de especialidad - Yassir Ra\u00efs - Super by Dot\",\"isPartOf\":{\"@id\":\"https:\/\/superbydot.com\/#website\"},\"primaryImageOfPage\":{\"@id\":\"https:\/\/superbydot.com\/tienda\/casa\/revistas-papeleria\/de-la-finca-a-la-taza-descubre-el-viaje-del-cafe-de-especialidad-yassir-rais\/#primaryimage\"},\"image\":{\"@id\":\"https:\/\/superbydot.com\/tienda\/casa\/revistas-papeleria\/de-la-finca-a-la-taza-descubre-el-viaje-del-cafe-de-especialidad-yassir-rais\/#primaryimage\"},\"thumbnailUrl\":\"https:\/\/superbydot.com\/wp-content\/uploads\/2025\/12\/finca.jpg\",\"datePublished\":\"2025-12-18T12:59:06+00:00\",\"dateModified\":\"2025-12-18T13:02:54+00:00\",\"description\":\"Una gu\u00eda b\u00e1sica para plantar y cosechar hierbas arom\u00e1ticas en el espacio que tengas. Este libro contiene toda la informaci\u00f3n que necesitas para plantar maravillosas hierbas arom\u00e1ticas, por peque\u00f1o que sea el espacio de que dispones.\",\"breadcrumb\":{\"@id\":\"https:\/\/superbydot.com\/tienda\/casa\/revistas-papeleria\/de-la-finca-a-la-taza-descubre-el-viaje-del-cafe-de-especialidad-yassir-rais\/#breadcrumb\"},\"inLanguage\":\"en-US\",\"potentialAction\":[{\"@type\":\"ReadAction\",\"target\":[\"https:\/\/superbydot.com\/tienda\/casa\/revistas-papeleria\/de-la-finca-a-la-taza-descubre-el-viaje-del-cafe-de-especialidad-yassir-rais\/\"]}]},{\"@type\":\"ImageObject\",\"inLanguage\":\"en-US\",\"@id\":\"https:\/\/superbydot.com\/tienda\/casa\/revistas-papeleria\/de-la-finca-a-la-taza-descubre-el-viaje-del-cafe-de-especialidad-yassir-rais\/#primaryimage\",\"url\":\"https:\/\/superbydot.com\/wp-content\/uploads\/2025\/12\/finca.jpg\",\"contentUrl\":\"https:\/\/superbydot.com\/wp-content\/uploads\/2025\/12\/finca.jpg\",\"width\":1080,\"height\":1080},{\"@type\":\"BreadcrumbList\",\"@id\":\"https:\/\/superbydot.com\/tienda\/casa\/revistas-papeleria\/de-la-finca-a-la-taza-descubre-el-viaje-del-cafe-de-especialidad-yassir-rais\/#breadcrumb\",\"itemListElement\":[{\"@type\":\"ListItem\",\"position\":1,\"name\":\"Portada\",\"item\":\"https:\/\/superbydot.com\/\"},{\"@type\":\"ListItem\",\"position\":2,\"name\":\"EN Tienda\",\"item\":\"https:\/\/superbydot.com\/en\/store\/\"},{\"@type\":\"ListItem\",\"position\":3,\"name\":\"De la finca a la taza. Descubre el viaje del caf\u00e9 de especialidad &#8211; Yassir Ra\u00efs\"}]},{\"@type\":\"WebSite\",\"@id\":\"https:\/\/superbydot.com\/#website\",\"url\":\"https:\/\/superbydot.com\/\",\"name\":\"Super by Dot\",\"description\":\"SUPER es un SUPER de barrio\",\"publisher\":{\"@id\":\"https:\/\/superbydot.com\/#organization\"},\"potentialAction\":[{\"@type\":\"SearchAction\",\"target\":{\"@type\":\"EntryPoint\",\"urlTemplate\":\"https:\/\/superbydot.com\/?s={search_term_string}\"},\"query-input\":{\"@type\":\"PropertyValueSpecification\",\"valueRequired\":true,\"valueName\":\"search_term_string\"}}],\"inLanguage\":\"en-US\"},{\"@type\":\"Organization\",\"@id\":\"https:\/\/superbydot.com\/#organization\",\"name\":\"Super by Dot\",\"url\":\"https:\/\/superbydot.com\/\",\"logo\":{\"@type\":\"ImageObject\",\"inLanguage\":\"en-US\",\"@id\":\"https:\/\/superbydot.com\/#\/schema\/logo\/image\/\",\"url\":\"https:\/\/superbydot.com\/wp-content\/uploads\/2023\/04\/logotipo_super_blanco.svg\",\"contentUrl\":\"https:\/\/superbydot.com\/wp-content\/uploads\/2023\/04\/logotipo_super_blanco.svg\",\"caption\":\"Super by Dot\"},\"image\":{\"@id\":\"https:\/\/superbydot.com\/#\/schema\/logo\/image\/\"}}]}<\/script>\n<!-- \/ Yoast SEO plugin. -->","yoast_head_json":{"title":"De la finca a la taza. Descubre el viaje del caf\u00e9 de especialidad - Yassir Ra\u00efs - Super by Dot","description":"Una gu\u00eda b\u00e1sica para plantar y cosechar hierbas arom\u00e1ticas en el espacio que tengas. Este libro contiene toda la informaci\u00f3n que necesitas para plantar maravillosas hierbas arom\u00e1ticas, por peque\u00f1o que sea el espacio de que dispones.","robots":{"index":"index","follow":"follow","max-snippet":"max-snippet:-1","max-image-preview":"max-image-preview:large","max-video-preview":"max-video-preview:-1"},"canonical":"https:\/\/superbydot.com\/tienda\/casa\/revistas-papeleria\/de-la-finca-a-la-taza-descubre-el-viaje-del-cafe-de-especialidad-yassir-rais\/","og_locale":"en_US","og_type":"article","og_title":"De la finca a la taza. Descubre el viaje del caf\u00e9 de especialidad - Yassir Ra\u00efs - Super by Dot","og_description":"Una gu\u00eda b\u00e1sica para plantar y cosechar hierbas arom\u00e1ticas en el espacio que tengas. Este libro contiene toda la informaci\u00f3n que necesitas para plantar maravillosas hierbas arom\u00e1ticas, por peque\u00f1o que sea el espacio de que dispones.","og_url":"https:\/\/superbydot.com\/tienda\/casa\/revistas-papeleria\/de-la-finca-a-la-taza-descubre-el-viaje-del-cafe-de-especialidad-yassir-rais\/","og_site_name":"Super by Dot","article_modified_time":"2025-12-18T13:02:54+00:00","og_image":[{"width":1080,"height":1080,"url":"https:\/\/superbydot.com\/wp-content\/uploads\/2025\/12\/finca.jpg","type":"image\/jpeg"}],"twitter_card":"summary_large_image","twitter_misc":{"Est. reading time":"1 minute"},"schema":{"@context":"https:\/\/schema.org","@graph":[{"@type":"WebPage","@id":"https:\/\/superbydot.com\/tienda\/casa\/revistas-papeleria\/de-la-finca-a-la-taza-descubre-el-viaje-del-cafe-de-especialidad-yassir-rais\/","url":"https:\/\/superbydot.com\/tienda\/casa\/revistas-papeleria\/de-la-finca-a-la-taza-descubre-el-viaje-del-cafe-de-especialidad-yassir-rais\/","name":"De la finca a la taza. Descubre el viaje del caf\u00e9 de especialidad - Yassir Ra\u00efs - Super by Dot","isPartOf":{"@id":"https:\/\/superbydot.com\/#website"},"primaryImageOfPage":{"@id":"https:\/\/superbydot.com\/tienda\/casa\/revistas-papeleria\/de-la-finca-a-la-taza-descubre-el-viaje-del-cafe-de-especialidad-yassir-rais\/#primaryimage"},"image":{"@id":"https:\/\/superbydot.com\/tienda\/casa\/revistas-papeleria\/de-la-finca-a-la-taza-descubre-el-viaje-del-cafe-de-especialidad-yassir-rais\/#primaryimage"},"thumbnailUrl":"https:\/\/superbydot.com\/wp-content\/uploads\/2025\/12\/finca.jpg","datePublished":"2025-12-18T12:59:06+00:00","dateModified":"2025-12-18T13:02:54+00:00","description":"Una gu\u00eda b\u00e1sica para plantar y cosechar hierbas arom\u00e1ticas en el espacio que tengas. Este libro contiene toda la informaci\u00f3n que necesitas para plantar maravillosas hierbas arom\u00e1ticas, por peque\u00f1o que sea el espacio de que dispones.","breadcrumb":{"@id":"https:\/\/superbydot.com\/tienda\/casa\/revistas-papeleria\/de-la-finca-a-la-taza-descubre-el-viaje-del-cafe-de-especialidad-yassir-rais\/#breadcrumb"},"inLanguage":"en-US","potentialAction":[{"@type":"ReadAction","target":["https:\/\/superbydot.com\/tienda\/casa\/revistas-papeleria\/de-la-finca-a-la-taza-descubre-el-viaje-del-cafe-de-especialidad-yassir-rais\/"]}]},{"@type":"ImageObject","inLanguage":"en-US","@id":"https:\/\/superbydot.com\/tienda\/casa\/revistas-papeleria\/de-la-finca-a-la-taza-descubre-el-viaje-del-cafe-de-especialidad-yassir-rais\/#primaryimage","url":"https:\/\/superbydot.com\/wp-content\/uploads\/2025\/12\/finca.jpg","contentUrl":"https:\/\/superbydot.com\/wp-content\/uploads\/2025\/12\/finca.jpg","width":1080,"height":1080},{"@type":"BreadcrumbList","@id":"https:\/\/superbydot.com\/tienda\/casa\/revistas-papeleria\/de-la-finca-a-la-taza-descubre-el-viaje-del-cafe-de-especialidad-yassir-rais\/#breadcrumb","itemListElement":[{"@type":"ListItem","position":1,"name":"Portada","item":"https:\/\/superbydot.com\/"},{"@type":"ListItem","position":2,"name":"EN Tienda","item":"https:\/\/superbydot.com\/en\/store\/"},{"@type":"ListItem","position":3,"name":"De la finca a la taza. Descubre el viaje del caf\u00e9 de especialidad &#8211; Yassir Ra\u00efs"}]},{"@type":"WebSite","@id":"https:\/\/superbydot.com\/#website","url":"https:\/\/superbydot.com\/","name":"Super by Dot","description":"SUPER es un SUPER de barrio","publisher":{"@id":"https:\/\/superbydot.com\/#organization"},"potentialAction":[{"@type":"SearchAction","target":{"@type":"EntryPoint","urlTemplate":"https:\/\/superbydot.com\/?s={search_term_string}"},"query-input":{"@type":"PropertyValueSpecification","valueRequired":true,"valueName":"search_term_string"}}],"inLanguage":"en-US"},{"@type":"Organization","@id":"https:\/\/superbydot.com\/#organization","name":"Super by Dot","url":"https:\/\/superbydot.com\/","logo":{"@type":"ImageObject","inLanguage":"en-US","@id":"https:\/\/superbydot.com\/#\/schema\/logo\/image\/","url":"https:\/\/superbydot.com\/wp-content\/uploads\/2023\/04\/logotipo_super_blanco.svg","contentUrl":"https:\/\/superbydot.com\/wp-content\/uploads\/2023\/04\/logotipo_super_blanco.svg","caption":"Super by Dot"},"image":{"@id":"https:\/\/superbydot.com\/#\/schema\/logo\/image\/"}}]}},"_links":{"self":[{"href":"https:\/\/superbydot.com\/en\/wp-json\/wp\/v2\/product\/22902","targetHints":{"allow":["GET"]}}],"collection":[{"href":"https:\/\/superbydot.com\/en\/wp-json\/wp\/v2\/product"}],"about":[{"href":"https:\/\/superbydot.com\/en\/wp-json\/wp\/v2\/types\/product"}],"wp:featuredmedia":[{"embeddable":true,"href":"https:\/\/superbydot.com\/en\/wp-json\/wp\/v2\/media\/22903"}],"wp:attachment":[{"href":"https:\/\/superbydot.com\/en\/wp-json\/wp\/v2\/media?parent=22902"}],"wp:term":[{"taxonomy":"product_brand","embeddable":true,"href":"https:\/\/superbydot.com\/en\/wp-json\/wp\/v2\/product_brand?post=22902"},{"taxonomy":"product_cat","embeddable":true,"href":"https:\/\/superbydot.com\/en\/wp-json\/wp\/v2\/product_cat?post=22902"},{"taxonomy":"product_tag","embeddable":true,"href":"https:\/\/superbydot.com\/en\/wp-json\/wp\/v2\/product_tag?post=22902"}],"curies":[{"name":"wp","href":"https:\/\/api.w.org\/{rel}","templated":true}]}}