{"id":22961,"date":"2025-12-19T12:45:29","date_gmt":"2025-12-19T11:45:29","guid":{"rendered":"https:\/\/superbydot.com\/?post_type=product&#038;p=22961"},"modified":"2026-01-05T17:31:36","modified_gmt":"2026-01-05T16:31:36","slug":"hero-radler-sin-05-basqueland","status":"publish","type":"product","link":"https:\/\/superbydot.com\/en\/tienda\/drinks\/beers\/hero-radler-sin-05-basqueland\/","title":{"rendered":"Hero Radler Sin 0,5% &#8211; Basqueland"},"content":{"rendered":"<p>Una Radler es una cerveza refrescante elaborada con lim\u00f3n.\u00a0 Aqu\u00ed en Basqueland acabamos de crear nuestra primera Radler para todos esos h\u00e9roes que busc\u00e1is una bebida refrescante sin complicaciones, pero con todo el magn\u00edfico sabor de la cerveza Basqueland que ya conoc\u00e9is.<\/p>\n<p>Es una doble dosis de c\u00edtricos gracias al lim\u00f3n y a los l\u00fapulos Citra, que se unen para crear capas de deliciosos aromas c\u00edtricos.<\/p>\n<p>Al paladar, tiene un ligero dulzor equilibrado por la acidez del lim\u00f3n, cuidadosamente a\u00f1adido para lograr un trago refrescante y redondo.<\/p>\n<p class=\"query-text-line ng-star-inserted\">Esta es la elecci\u00f3n perfecta para esos momentos en los que buscas una deliciosa radler, sin importar la ocasi\u00f3n.<\/p>\n<p>Estilo: Radler Sin Alcohol<br \/>\n<span class=\"value leading-tight mt-1 block\">L\u00fapulos: Citra<\/span><span class=\"value leading-tight mt-1 block\"><br \/>\n<\/span>Graduaci\u00f3n alcoh\u00f3lica: 0,5%<span class=\"value leading-tight mt-1 block\"><br \/>\n<\/span>Formato:\u00a0<span class=\"value leading-tight mt-1 block\">Lata 33 cl<br \/>\n<\/span>Origen: Espa\u00f1a<\/p>\n","protected":false},"excerpt":{"rendered":"<p>Una Radler es una cerveza refrescante elaborada con lim\u00f3n.\u00a0 Aqu\u00ed en Basqueland acabamos de crear nuestra primera Radler para todos esos h\u00e9roes que busc\u00e1is una bebida refrescante sin complicaciones, pero con todo el magn\u00edfico sabor de la cerveza Basqueland que ya conoc\u00e9is. Es una doble dosis de c\u00edtricos gracias al lim\u00f3n y a los l\u00fapulos [&hellip;]<\/p>\n","protected":false},"featured_media":22962,"template":"","meta":{"site-sidebar-layout":"default","site-content-layout":"","ast-site-content-layout":"default","site-content-style":"default","site-sidebar-style":"default","ast-global-header-display":"","ast-banner-title-visibility":"","ast-main-header-display":"","ast-hfb-above-header-display":"","ast-hfb-below-header-display":"","ast-hfb-mobile-header-display":"","site-post-title":"","ast-breadcrumbs-content":"","ast-featured-img":"","footer-sml-layout":"","ast-disable-related-posts":"","theme-transparent-header-meta":"default","adv-header-id-meta":"","stick-header-meta":"","header-above-stick-meta":"","header-main-stick-meta":"","header-below-stick-meta":"","astra-migrate-meta-layouts":"set","ast-page-background-enabled":"default","ast-page-background-meta":{"desktop":{"background-color":"var(--ast-global-color-4)","background-image":"","background-repeat":"repeat","background-position":"center center","background-size":"auto","background-attachment":"scroll","background-type":"","background-media":"","overlay-type":"","overlay-color":"","overlay-opacity":"","overlay-gradient":""},"tablet":{"background-color":"","background-image":"","background-repeat":"repeat","background-position":"center center","background-size":"auto","background-attachment":"scroll","background-type":"","background-media":"","overlay-type":"","overlay-color":"","overlay-opacity":"","overlay-gradient":""},"mobile":{"background-color":"","background-image":"","background-repeat":"repeat","background-position":"center center","background-size":"auto","background-attachment":"scroll","background-type":"","background-media":"","overlay-type":"","overlay-color":"","overlay-opacity":"","overlay-gradient":""}},"ast-content-background-meta":{"desktop":{"background-color":"var(--ast-global-color-5)","background-image":"","background-repeat":"repeat","background-position":"center center","background-size":"auto","background-attachment":"scroll","background-type":"","background-media":"","overlay-type":"","overlay-color":"","overlay-opacity":"","overlay-gradient":""},"tablet":{"background-color":"var(--ast-global-color-5)","background-image":"","background-repeat":"repeat","background-position":"center center","background-size":"auto","background-attachment":"scroll","background-type":"","background-media":"","overlay-type":"","overlay-color":"","overlay-opacity":"","overlay-gradient":""},"mobile":{"background-color":"var(--ast-global-color-5)","background-image":"","background-repeat":"repeat","background-position":"center center","background-size":"auto","background-attachment":"scroll","background-type":"","background-media":"","overlay-type":"","overlay-color":"","overlay-opacity":"","overlay-gradient":""}}},"product_brand":[],"product_cat":[19,36],"product_tag":[],"class_list":{"0":"post-22961","1":"product","2":"type-product","3":"status-publish","4":"has-post-thumbnail","6":"product_cat-bebidas","7":"product_cat-cervezas","8":"yith_product_brand-basqueland","9":"desktop-align-left","10":"tablet-align-left","11":"mobile-align-left","13":"first","14":"instock","15":"taxable","16":"shipping-taxable","17":"purchasable","18":"product-type-simple"},"bundled_by":[],"bundle_stock_status":"instock","bundle_stock_quantity":5,"bundle_virtual":false,"bundle_layout":"","bundle_add_to_cart_form_location":"","bundle_editable_in_cart":false,"bundle_sold_individually_context":"","bundle_item_grouping":"","bundle_min_size":"","bundle_max_size":"","bundle_price":[],"bundled_items":[],"bundle_sell_ids":[],"yoast_head":"<!-- This site is optimized with the Yoast SEO plugin v27.3 - https:\/\/yoast.com\/product\/yoast-seo-wordpress\/ -->\n<title>Hero Radler Sin 0,5% - Basqueland - Super by Dot<\/title>\n<meta name=\"robots\" content=\"index, follow, max-snippet:-1, max-image-preview:large, max-video-preview:-1\" \/>\n<link rel=\"canonical\" href=\"https:\/\/superbydot.com\/tienda\/bebidas\/cervezas\/hero-radler-sin-05-basqueland\/\" \/>\n<meta property=\"og:locale\" content=\"en_US\" \/>\n<meta property=\"og:type\" content=\"article\" \/>\n<meta property=\"og:title\" content=\"Hero Radler Sin 0,5% - Basqueland - Super by Dot\" \/>\n<meta property=\"og:description\" content=\"Una Radler es una cerveza refrescante elaborada con lim\u00f3n.\u00a0 Aqu\u00ed en Basqueland acabamos de crear nuestra primera Radler para todos esos h\u00e9roes que busc\u00e1is una bebida refrescante sin complicaciones, pero con todo el magn\u00edfico sabor de la cerveza Basqueland que ya conoc\u00e9is. Es una doble dosis de c\u00edtricos gracias al lim\u00f3n y a los l\u00fapulos [&hellip;]\" \/>\n<meta property=\"og:url\" content=\"https:\/\/superbydot.com\/tienda\/bebidas\/cervezas\/hero-radler-sin-05-basqueland\/\" \/>\n<meta property=\"og:site_name\" content=\"Super by Dot\" \/>\n<meta property=\"article:modified_time\" content=\"2026-01-05T16:31:36+00:00\" \/>\n<meta property=\"og:image\" content=\"https:\/\/superbydot.com\/wp-content\/uploads\/2025\/12\/basqueland-radler.jpg\" \/>\n\t<meta property=\"og:image:width\" content=\"1080\" \/>\n\t<meta property=\"og:image:height\" content=\"1080\" \/>\n\t<meta property=\"og:image:type\" content=\"image\/jpeg\" \/>\n<meta name=\"twitter:card\" content=\"summary_large_image\" \/>\n<meta name=\"twitter:label1\" content=\"Est. reading time\" \/>\n\t<meta name=\"twitter:data1\" content=\"1 minute\" \/>\n<script type=\"application\/ld+json\" class=\"yoast-schema-graph\">{\"@context\":\"https:\\\/\\\/schema.org\",\"@graph\":[{\"@type\":\"WebPage\",\"@id\":\"https:\\\/\\\/superbydot.com\\\/tienda\\\/bebidas\\\/cervezas\\\/hero-radler-sin-05-basqueland\\\/\",\"url\":\"https:\\\/\\\/superbydot.com\\\/tienda\\\/bebidas\\\/cervezas\\\/hero-radler-sin-05-basqueland\\\/\",\"name\":\"Hero Radler Sin 0,5% - Basqueland - Super by Dot\",\"isPartOf\":{\"@id\":\"https:\\\/\\\/superbydot.com\\\/#website\"},\"primaryImageOfPage\":{\"@id\":\"https:\\\/\\\/superbydot.com\\\/tienda\\\/bebidas\\\/cervezas\\\/hero-radler-sin-05-basqueland\\\/#primaryimage\"},\"image\":{\"@id\":\"https:\\\/\\\/superbydot.com\\\/tienda\\\/bebidas\\\/cervezas\\\/hero-radler-sin-05-basqueland\\\/#primaryimage\"},\"thumbnailUrl\":\"https:\\\/\\\/superbydot.com\\\/wp-content\\\/uploads\\\/2025\\\/12\\\/basqueland-radler.jpg\",\"datePublished\":\"2025-12-19T11:45:29+00:00\",\"dateModified\":\"2026-01-05T16:31:36+00:00\",\"breadcrumb\":{\"@id\":\"https:\\\/\\\/superbydot.com\\\/tienda\\\/bebidas\\\/cervezas\\\/hero-radler-sin-05-basqueland\\\/#breadcrumb\"},\"inLanguage\":\"en-US\",\"potentialAction\":[{\"@type\":\"ReadAction\",\"target\":[\"https:\\\/\\\/superbydot.com\\\/tienda\\\/bebidas\\\/cervezas\\\/hero-radler-sin-05-basqueland\\\/\"]}]},{\"@type\":\"ImageObject\",\"inLanguage\":\"en-US\",\"@id\":\"https:\\\/\\\/superbydot.com\\\/tienda\\\/bebidas\\\/cervezas\\\/hero-radler-sin-05-basqueland\\\/#primaryimage\",\"url\":\"https:\\\/\\\/superbydot.com\\\/wp-content\\\/uploads\\\/2025\\\/12\\\/basqueland-radler.jpg\",\"contentUrl\":\"https:\\\/\\\/superbydot.com\\\/wp-content\\\/uploads\\\/2025\\\/12\\\/basqueland-radler.jpg\",\"width\":1080,\"height\":1080},{\"@type\":\"BreadcrumbList\",\"@id\":\"https:\\\/\\\/superbydot.com\\\/tienda\\\/bebidas\\\/cervezas\\\/hero-radler-sin-05-basqueland\\\/#breadcrumb\",\"itemListElement\":[{\"@type\":\"ListItem\",\"position\":1,\"name\":\"Portada\",\"item\":\"https:\\\/\\\/superbydot.com\\\/\"},{\"@type\":\"ListItem\",\"position\":2,\"name\":\"EN Tienda\",\"item\":\"https:\\\/\\\/superbydot.com\\\/en\\\/store\\\/\"},{\"@type\":\"ListItem\",\"position\":3,\"name\":\"Hero Radler Sin 0,5% &#8211; Basqueland\"}]},{\"@type\":\"WebSite\",\"@id\":\"https:\\\/\\\/superbydot.com\\\/#website\",\"url\":\"https:\\\/\\\/superbydot.com\\\/\",\"name\":\"Super by Dot\",\"description\":\"SUPER es un SUPER de barrio\",\"publisher\":{\"@id\":\"https:\\\/\\\/superbydot.com\\\/#organization\"},\"potentialAction\":[{\"@type\":\"SearchAction\",\"target\":{\"@type\":\"EntryPoint\",\"urlTemplate\":\"https:\\\/\\\/superbydot.com\\\/?s={search_term_string}\"},\"query-input\":{\"@type\":\"PropertyValueSpecification\",\"valueRequired\":true,\"valueName\":\"search_term_string\"}}],\"inLanguage\":\"en-US\"},{\"@type\":\"Organization\",\"@id\":\"https:\\\/\\\/superbydot.com\\\/#organization\",\"name\":\"Super by Dot\",\"url\":\"https:\\\/\\\/superbydot.com\\\/\",\"logo\":{\"@type\":\"ImageObject\",\"inLanguage\":\"en-US\",\"@id\":\"https:\\\/\\\/superbydot.com\\\/#\\\/schema\\\/logo\\\/image\\\/\",\"url\":\"https:\\\/\\\/superbydot.com\\\/wp-content\\\/uploads\\\/2023\\\/04\\\/logotipo_super_blanco.svg\",\"contentUrl\":\"https:\\\/\\\/superbydot.com\\\/wp-content\\\/uploads\\\/2023\\\/04\\\/logotipo_super_blanco.svg\",\"caption\":\"Super by Dot\"},\"image\":{\"@id\":\"https:\\\/\\\/superbydot.com\\\/#\\\/schema\\\/logo\\\/image\\\/\"}}]}<\/script>\n<!-- \/ Yoast SEO plugin. -->","yoast_head_json":{"title":"Hero Radler Sin 0,5% - Basqueland - Super by Dot","robots":{"index":"index","follow":"follow","max-snippet":"max-snippet:-1","max-image-preview":"max-image-preview:large","max-video-preview":"max-video-preview:-1"},"canonical":"https:\/\/superbydot.com\/tienda\/bebidas\/cervezas\/hero-radler-sin-05-basqueland\/","og_locale":"en_US","og_type":"article","og_title":"Hero Radler Sin 0,5% - Basqueland - Super by Dot","og_description":"Una Radler es una cerveza refrescante elaborada con lim\u00f3n.\u00a0 Aqu\u00ed en Basqueland acabamos de crear nuestra primera Radler para todos esos h\u00e9roes que busc\u00e1is una bebida refrescante sin complicaciones, pero con todo el magn\u00edfico sabor de la cerveza Basqueland que ya conoc\u00e9is. Es una doble dosis de c\u00edtricos gracias al lim\u00f3n y a los l\u00fapulos [&hellip;]","og_url":"https:\/\/superbydot.com\/tienda\/bebidas\/cervezas\/hero-radler-sin-05-basqueland\/","og_site_name":"Super by Dot","article_modified_time":"2026-01-05T16:31:36+00:00","og_image":[{"width":1080,"height":1080,"url":"https:\/\/superbydot.com\/wp-content\/uploads\/2025\/12\/basqueland-radler.jpg","type":"image\/jpeg"}],"twitter_card":"summary_large_image","twitter_misc":{"Est. reading time":"1 minute"},"schema":{"@context":"https:\/\/schema.org","@graph":[{"@type":"WebPage","@id":"https:\/\/superbydot.com\/tienda\/bebidas\/cervezas\/hero-radler-sin-05-basqueland\/","url":"https:\/\/superbydot.com\/tienda\/bebidas\/cervezas\/hero-radler-sin-05-basqueland\/","name":"Hero Radler Sin 0,5% - Basqueland - Super by Dot","isPartOf":{"@id":"https:\/\/superbydot.com\/#website"},"primaryImageOfPage":{"@id":"https:\/\/superbydot.com\/tienda\/bebidas\/cervezas\/hero-radler-sin-05-basqueland\/#primaryimage"},"image":{"@id":"https:\/\/superbydot.com\/tienda\/bebidas\/cervezas\/hero-radler-sin-05-basqueland\/#primaryimage"},"thumbnailUrl":"https:\/\/superbydot.com\/wp-content\/uploads\/2025\/12\/basqueland-radler.jpg","datePublished":"2025-12-19T11:45:29+00:00","dateModified":"2026-01-05T16:31:36+00:00","breadcrumb":{"@id":"https:\/\/superbydot.com\/tienda\/bebidas\/cervezas\/hero-radler-sin-05-basqueland\/#breadcrumb"},"inLanguage":"en-US","potentialAction":[{"@type":"ReadAction","target":["https:\/\/superbydot.com\/tienda\/bebidas\/cervezas\/hero-radler-sin-05-basqueland\/"]}]},{"@type":"ImageObject","inLanguage":"en-US","@id":"https:\/\/superbydot.com\/tienda\/bebidas\/cervezas\/hero-radler-sin-05-basqueland\/#primaryimage","url":"https:\/\/superbydot.com\/wp-content\/uploads\/2025\/12\/basqueland-radler.jpg","contentUrl":"https:\/\/superbydot.com\/wp-content\/uploads\/2025\/12\/basqueland-radler.jpg","width":1080,"height":1080},{"@type":"BreadcrumbList","@id":"https:\/\/superbydot.com\/tienda\/bebidas\/cervezas\/hero-radler-sin-05-basqueland\/#breadcrumb","itemListElement":[{"@type":"ListItem","position":1,"name":"Portada","item":"https:\/\/superbydot.com\/"},{"@type":"ListItem","position":2,"name":"EN Tienda","item":"https:\/\/superbydot.com\/en\/store\/"},{"@type":"ListItem","position":3,"name":"Hero Radler Sin 0,5% &#8211; Basqueland"}]},{"@type":"WebSite","@id":"https:\/\/superbydot.com\/#website","url":"https:\/\/superbydot.com\/","name":"Super by Dot","description":"SUPER es un SUPER de barrio","publisher":{"@id":"https:\/\/superbydot.com\/#organization"},"potentialAction":[{"@type":"SearchAction","target":{"@type":"EntryPoint","urlTemplate":"https:\/\/superbydot.com\/?s={search_term_string}"},"query-input":{"@type":"PropertyValueSpecification","valueRequired":true,"valueName":"search_term_string"}}],"inLanguage":"en-US"},{"@type":"Organization","@id":"https:\/\/superbydot.com\/#organization","name":"Super by Dot","url":"https:\/\/superbydot.com\/","logo":{"@type":"ImageObject","inLanguage":"en-US","@id":"https:\/\/superbydot.com\/#\/schema\/logo\/image\/","url":"https:\/\/superbydot.com\/wp-content\/uploads\/2023\/04\/logotipo_super_blanco.svg","contentUrl":"https:\/\/superbydot.com\/wp-content\/uploads\/2023\/04\/logotipo_super_blanco.svg","caption":"Super by Dot"},"image":{"@id":"https:\/\/superbydot.com\/#\/schema\/logo\/image\/"}}]}},"_links":{"self":[{"href":"https:\/\/superbydot.com\/en\/wp-json\/wp\/v2\/product\/22961","targetHints":{"allow":["GET"]}}],"collection":[{"href":"https:\/\/superbydot.com\/en\/wp-json\/wp\/v2\/product"}],"about":[{"href":"https:\/\/superbydot.com\/en\/wp-json\/wp\/v2\/types\/product"}],"wp:featuredmedia":[{"embeddable":true,"href":"https:\/\/superbydot.com\/en\/wp-json\/wp\/v2\/media\/22962"}],"wp:attachment":[{"href":"https:\/\/superbydot.com\/en\/wp-json\/wp\/v2\/media?parent=22961"}],"wp:term":[{"taxonomy":"product_brand","embeddable":true,"href":"https:\/\/superbydot.com\/en\/wp-json\/wp\/v2\/product_brand?post=22961"},{"taxonomy":"product_cat","embeddable":true,"href":"https:\/\/superbydot.com\/en\/wp-json\/wp\/v2\/product_cat?post=22961"},{"taxonomy":"product_tag","embeddable":true,"href":"https:\/\/superbydot.com\/en\/wp-json\/wp\/v2\/product_tag?post=22961"}],"curies":[{"name":"wp","href":"https:\/\/api.w.org\/{rel}","templated":true}]}}