{"id":4233,"date":"2023-06-28T14:42:50","date_gmt":"2023-06-28T14:42:50","guid":{"rendered":"https:\/\/superbydot.com\/?post_type=product&#038;p=4233"},"modified":"2026-02-21T13:29:40","modified_gmt":"2026-02-21T12:29:40","slug":"jabon-de-castilla-menta","status":"publish","type":"product","link":"https:\/\/superbydot.com\/en\/tienda\/home\/cosmetics\/jabon-de-castilla-menta\/","title":{"rendered":"Jab\u00f3n de Castilla Menta &#8211; Dr Bronner&#8217;s"},"content":{"rendered":"<p>Elaborado con aceites vegetales y sin ning\u00fan tipo de espumantes, solidificantes ni detergentes sint\u00e9ticos. Puede utilizarse tanto para higiene personal como para la limpieza del hogar. Los jabones est\u00e1n aromatizado con un 2% de aceites esenciales o de extractos naturales, libres de fragancias artificiales<\/p>\n<p>Formato 140g<\/p>\n<p>Ingredientes: Sodium Cocoate (Saponified Coconut Oil), Sodium Palmate (Saponified Palm Oil), Aqua, Glycerin, Mentha Arvensis Leaf Oil, Sodium Olivate (Saponified Olive Oil), Cannabis Sativa Seed Oil (Hemp Oil), Simmondsia Chinensis Seed Oil (Jojoba Oil), Mentha Piperita Oil (Peppermint Oil), Maris Salt (Sea Salt), Citric Acid, Tocopherol (Vitamin E), Helianthus Annuus Seed Oil (Sunflower Oil), Limonene.<\/p>\n","protected":false},"excerpt":{"rendered":"<p>Elaborado con aceites vegetales y sin ning\u00fan tipo de espumantes, solidificantes ni detergentes sint\u00e9ticos. Puede utilizarse tanto para higiene personal como para la limpieza del hogar. Los jabones est\u00e1n aromatizado con un 2% de aceites esenciales o de extractos naturales, libres de fragancias artificiales Formato 140g Ingredientes: Sodium Cocoate (Saponified Coconut Oil), Sodium Palmate (Saponified [&hellip;]<\/p>\n","protected":false},"featured_media":17853,"template":"","meta":{"site-sidebar-layout":"default","site-content-layout":"default","ast-site-content-layout":"default","site-content-style":"default","site-sidebar-style":"default","ast-global-header-display":"","ast-banner-title-visibility":"","ast-main-header-display":"","ast-hfb-above-header-display":"","ast-hfb-below-header-display":"","ast-hfb-mobile-header-display":"","site-post-title":"","ast-breadcrumbs-content":"","ast-featured-img":"","footer-sml-layout":"","ast-disable-related-posts":"","theme-transparent-header-meta":"default","adv-header-id-meta":"","stick-header-meta":"","header-above-stick-meta":"","header-main-stick-meta":"","header-below-stick-meta":"","astra-migrate-meta-layouts":"set","ast-page-background-enabled":"default","ast-page-background-meta":{"desktop":{"background-color":"var(--ast-global-color-4)","background-image":"","background-repeat":"repeat","background-position":"center center","background-size":"auto","background-attachment":"scroll","background-type":"","background-media":"","overlay-type":"","overlay-color":"","overlay-opacity":"","overlay-gradient":""},"tablet":{"background-color":"","background-image":"","background-repeat":"repeat","background-position":"center center","background-size":"auto","background-attachment":"scroll","background-type":"","background-media":"","overlay-type":"","overlay-color":"","overlay-opacity":"","overlay-gradient":""},"mobile":{"background-color":"","background-image":"","background-repeat":"repeat","background-position":"center center","background-size":"auto","background-attachment":"scroll","background-type":"","background-media":"","overlay-type":"","overlay-color":"","overlay-opacity":"","overlay-gradient":""}},"ast-content-background-meta":{"desktop":{"background-color":"var(--ast-global-color-5)","background-image":"","background-repeat":"repeat","background-position":"center center","background-size":"auto","background-attachment":"scroll","background-type":"","background-media":"","overlay-type":"","overlay-color":"","overlay-opacity":"","overlay-gradient":""},"tablet":{"background-color":"var(--ast-global-color-5)","background-image":"","background-repeat":"repeat","background-position":"center center","background-size":"auto","background-attachment":"scroll","background-type":"","background-media":"","overlay-type":"","overlay-color":"","overlay-opacity":"","overlay-gradient":""},"mobile":{"background-color":"var(--ast-global-color-5)","background-image":"","background-repeat":"repeat","background-position":"center center","background-size":"auto","background-attachment":"scroll","background-type":"","background-media":"","overlay-type":"","overlay-color":"","overlay-opacity":"","overlay-gradient":""}}},"product_brand":[],"product_cat":[53,71],"product_tag":[],"class_list":{"0":"post-4233","1":"product","2":"type-product","3":"status-publish","4":"has-post-thumbnail","6":"product_cat-casa","7":"product_cat-cosmetica","8":"yith_product_brand-dr-bronners","9":"desktop-align-left","10":"tablet-align-left","11":"mobile-align-left","13":"first","14":"instock","15":"taxable","16":"shipping-taxable","17":"purchasable","18":"product-type-simple"},"bundled_by":[],"bundle_stock_status":"instock","bundle_stock_quantity":3,"bundle_virtual":false,"bundle_layout":"","bundle_add_to_cart_form_location":"","bundle_editable_in_cart":false,"bundle_sold_individually_context":"","bundle_item_grouping":"","bundle_min_size":"","bundle_max_size":"","bundle_price":[],"bundled_items":[],"bundle_sell_ids":[],"yoast_head":"<!-- This site is optimized with the Yoast SEO plugin v27.3 - https:\/\/yoast.com\/product\/yoast-seo-wordpress\/ -->\n<title>Jab\u00f3n de Castilla Menta - Dr Bronner&#039;s - Super by Dot<\/title>\n<meta name=\"robots\" content=\"index, follow, max-snippet:-1, max-image-preview:large, max-video-preview:-1\" \/>\n<link rel=\"canonical\" href=\"https:\/\/superbydot.com\/tienda\/casa\/cosmetica\/jabon-de-castilla-menta\/\" \/>\n<meta property=\"og:locale\" content=\"en_US\" \/>\n<meta property=\"og:type\" content=\"article\" \/>\n<meta property=\"og:title\" content=\"Jab\u00f3n de Castilla Menta - Dr Bronner&#039;s - Super by Dot\" \/>\n<meta property=\"og:description\" content=\"Elaborado con aceites vegetales y sin ning\u00fan tipo de espumantes, solidificantes ni detergentes sint\u00e9ticos. Puede utilizarse tanto para higiene personal como para la limpieza del hogar. Los jabones est\u00e1n aromatizado con un 2% de aceites esenciales o de extractos naturales, libres de fragancias artificiales Formato 140g Ingredientes: Sodium Cocoate (Saponified Coconut Oil), Sodium Palmate (Saponified [&hellip;]\" \/>\n<meta property=\"og:url\" content=\"https:\/\/superbydot.com\/tienda\/casa\/cosmetica\/jabon-de-castilla-menta\/\" \/>\n<meta property=\"og:site_name\" content=\"Super by Dot\" \/>\n<meta property=\"article:modified_time\" content=\"2026-02-21T12:29:40+00:00\" \/>\n<meta property=\"og:image\" content=\"https:\/\/superbydot.com\/wp-content\/uploads\/2023\/06\/castilesoap-peppermint.jpg\" \/>\n\t<meta property=\"og:image:width\" content=\"1080\" \/>\n\t<meta property=\"og:image:height\" content=\"1080\" \/>\n\t<meta property=\"og:image:type\" content=\"image\/jpeg\" \/>\n<meta name=\"twitter:card\" content=\"summary_large_image\" \/>\n<meta name=\"twitter:label1\" content=\"Est. reading time\" \/>\n\t<meta name=\"twitter:data1\" content=\"1 minute\" \/>\n<script type=\"application\/ld+json\" class=\"yoast-schema-graph\">{\"@context\":\"https:\\\/\\\/schema.org\",\"@graph\":[{\"@type\":\"WebPage\",\"@id\":\"https:\\\/\\\/superbydot.com\\\/tienda\\\/casa\\\/cosmetica\\\/jabon-de-castilla-menta\\\/\",\"url\":\"https:\\\/\\\/superbydot.com\\\/tienda\\\/casa\\\/cosmetica\\\/jabon-de-castilla-menta\\\/\",\"name\":\"Jab\u00f3n de Castilla Menta - Dr Bronner's - Super by Dot\",\"isPartOf\":{\"@id\":\"https:\\\/\\\/superbydot.com\\\/#website\"},\"primaryImageOfPage\":{\"@id\":\"https:\\\/\\\/superbydot.com\\\/tienda\\\/casa\\\/cosmetica\\\/jabon-de-castilla-menta\\\/#primaryimage\"},\"image\":{\"@id\":\"https:\\\/\\\/superbydot.com\\\/tienda\\\/casa\\\/cosmetica\\\/jabon-de-castilla-menta\\\/#primaryimage\"},\"thumbnailUrl\":\"https:\\\/\\\/superbydot.com\\\/wp-content\\\/uploads\\\/2023\\\/06\\\/castilesoap-peppermint.jpg\",\"datePublished\":\"2023-06-28T14:42:50+00:00\",\"dateModified\":\"2026-02-21T12:29:40+00:00\",\"breadcrumb\":{\"@id\":\"https:\\\/\\\/superbydot.com\\\/tienda\\\/casa\\\/cosmetica\\\/jabon-de-castilla-menta\\\/#breadcrumb\"},\"inLanguage\":\"en-US\",\"potentialAction\":[{\"@type\":\"ReadAction\",\"target\":[\"https:\\\/\\\/superbydot.com\\\/tienda\\\/casa\\\/cosmetica\\\/jabon-de-castilla-menta\\\/\"]}]},{\"@type\":\"ImageObject\",\"inLanguage\":\"en-US\",\"@id\":\"https:\\\/\\\/superbydot.com\\\/tienda\\\/casa\\\/cosmetica\\\/jabon-de-castilla-menta\\\/#primaryimage\",\"url\":\"https:\\\/\\\/superbydot.com\\\/wp-content\\\/uploads\\\/2023\\\/06\\\/castilesoap-peppermint.jpg\",\"contentUrl\":\"https:\\\/\\\/superbydot.com\\\/wp-content\\\/uploads\\\/2023\\\/06\\\/castilesoap-peppermint.jpg\",\"width\":1080,\"height\":1080},{\"@type\":\"BreadcrumbList\",\"@id\":\"https:\\\/\\\/superbydot.com\\\/tienda\\\/casa\\\/cosmetica\\\/jabon-de-castilla-menta\\\/#breadcrumb\",\"itemListElement\":[{\"@type\":\"ListItem\",\"position\":1,\"name\":\"Portada\",\"item\":\"https:\\\/\\\/superbydot.com\\\/\"},{\"@type\":\"ListItem\",\"position\":2,\"name\":\"EN Tienda\",\"item\":\"https:\\\/\\\/superbydot.com\\\/en\\\/store\\\/\"},{\"@type\":\"ListItem\",\"position\":3,\"name\":\"Jab\u00f3n de Castilla Menta &#8211; Dr Bronner&#8217;s\"}]},{\"@type\":\"WebSite\",\"@id\":\"https:\\\/\\\/superbydot.com\\\/#website\",\"url\":\"https:\\\/\\\/superbydot.com\\\/\",\"name\":\"Super by Dot\",\"description\":\"SUPER es un SUPER de barrio\",\"publisher\":{\"@id\":\"https:\\\/\\\/superbydot.com\\\/#organization\"},\"potentialAction\":[{\"@type\":\"SearchAction\",\"target\":{\"@type\":\"EntryPoint\",\"urlTemplate\":\"https:\\\/\\\/superbydot.com\\\/?s={search_term_string}\"},\"query-input\":{\"@type\":\"PropertyValueSpecification\",\"valueRequired\":true,\"valueName\":\"search_term_string\"}}],\"inLanguage\":\"en-US\"},{\"@type\":\"Organization\",\"@id\":\"https:\\\/\\\/superbydot.com\\\/#organization\",\"name\":\"Super by Dot\",\"url\":\"https:\\\/\\\/superbydot.com\\\/\",\"logo\":{\"@type\":\"ImageObject\",\"inLanguage\":\"en-US\",\"@id\":\"https:\\\/\\\/superbydot.com\\\/#\\\/schema\\\/logo\\\/image\\\/\",\"url\":\"https:\\\/\\\/superbydot.com\\\/wp-content\\\/uploads\\\/2023\\\/04\\\/logotipo_super_blanco.svg\",\"contentUrl\":\"https:\\\/\\\/superbydot.com\\\/wp-content\\\/uploads\\\/2023\\\/04\\\/logotipo_super_blanco.svg\",\"caption\":\"Super by Dot\"},\"image\":{\"@id\":\"https:\\\/\\\/superbydot.com\\\/#\\\/schema\\\/logo\\\/image\\\/\"}}]}<\/script>\n<!-- \/ Yoast SEO plugin. -->","yoast_head_json":{"title":"Jab\u00f3n de Castilla Menta - Dr Bronner's - Super by Dot","robots":{"index":"index","follow":"follow","max-snippet":"max-snippet:-1","max-image-preview":"max-image-preview:large","max-video-preview":"max-video-preview:-1"},"canonical":"https:\/\/superbydot.com\/tienda\/casa\/cosmetica\/jabon-de-castilla-menta\/","og_locale":"en_US","og_type":"article","og_title":"Jab\u00f3n de Castilla Menta - Dr Bronner's - Super by Dot","og_description":"Elaborado con aceites vegetales y sin ning\u00fan tipo de espumantes, solidificantes ni detergentes sint\u00e9ticos. Puede utilizarse tanto para higiene personal como para la limpieza del hogar. Los jabones est\u00e1n aromatizado con un 2% de aceites esenciales o de extractos naturales, libres de fragancias artificiales Formato 140g Ingredientes: Sodium Cocoate (Saponified Coconut Oil), Sodium Palmate (Saponified [&hellip;]","og_url":"https:\/\/superbydot.com\/tienda\/casa\/cosmetica\/jabon-de-castilla-menta\/","og_site_name":"Super by Dot","article_modified_time":"2026-02-21T12:29:40+00:00","og_image":[{"width":1080,"height":1080,"url":"https:\/\/superbydot.com\/wp-content\/uploads\/2023\/06\/castilesoap-peppermint.jpg","type":"image\/jpeg"}],"twitter_card":"summary_large_image","twitter_misc":{"Est. reading time":"1 minute"},"schema":{"@context":"https:\/\/schema.org","@graph":[{"@type":"WebPage","@id":"https:\/\/superbydot.com\/tienda\/casa\/cosmetica\/jabon-de-castilla-menta\/","url":"https:\/\/superbydot.com\/tienda\/casa\/cosmetica\/jabon-de-castilla-menta\/","name":"Jab\u00f3n de Castilla Menta - Dr Bronner's - Super by Dot","isPartOf":{"@id":"https:\/\/superbydot.com\/#website"},"primaryImageOfPage":{"@id":"https:\/\/superbydot.com\/tienda\/casa\/cosmetica\/jabon-de-castilla-menta\/#primaryimage"},"image":{"@id":"https:\/\/superbydot.com\/tienda\/casa\/cosmetica\/jabon-de-castilla-menta\/#primaryimage"},"thumbnailUrl":"https:\/\/superbydot.com\/wp-content\/uploads\/2023\/06\/castilesoap-peppermint.jpg","datePublished":"2023-06-28T14:42:50+00:00","dateModified":"2026-02-21T12:29:40+00:00","breadcrumb":{"@id":"https:\/\/superbydot.com\/tienda\/casa\/cosmetica\/jabon-de-castilla-menta\/#breadcrumb"},"inLanguage":"en-US","potentialAction":[{"@type":"ReadAction","target":["https:\/\/superbydot.com\/tienda\/casa\/cosmetica\/jabon-de-castilla-menta\/"]}]},{"@type":"ImageObject","inLanguage":"en-US","@id":"https:\/\/superbydot.com\/tienda\/casa\/cosmetica\/jabon-de-castilla-menta\/#primaryimage","url":"https:\/\/superbydot.com\/wp-content\/uploads\/2023\/06\/castilesoap-peppermint.jpg","contentUrl":"https:\/\/superbydot.com\/wp-content\/uploads\/2023\/06\/castilesoap-peppermint.jpg","width":1080,"height":1080},{"@type":"BreadcrumbList","@id":"https:\/\/superbydot.com\/tienda\/casa\/cosmetica\/jabon-de-castilla-menta\/#breadcrumb","itemListElement":[{"@type":"ListItem","position":1,"name":"Portada","item":"https:\/\/superbydot.com\/"},{"@type":"ListItem","position":2,"name":"EN Tienda","item":"https:\/\/superbydot.com\/en\/store\/"},{"@type":"ListItem","position":3,"name":"Jab\u00f3n de Castilla Menta &#8211; Dr Bronner&#8217;s"}]},{"@type":"WebSite","@id":"https:\/\/superbydot.com\/#website","url":"https:\/\/superbydot.com\/","name":"Super by Dot","description":"SUPER es un SUPER de barrio","publisher":{"@id":"https:\/\/superbydot.com\/#organization"},"potentialAction":[{"@type":"SearchAction","target":{"@type":"EntryPoint","urlTemplate":"https:\/\/superbydot.com\/?s={search_term_string}"},"query-input":{"@type":"PropertyValueSpecification","valueRequired":true,"valueName":"search_term_string"}}],"inLanguage":"en-US"},{"@type":"Organization","@id":"https:\/\/superbydot.com\/#organization","name":"Super by Dot","url":"https:\/\/superbydot.com\/","logo":{"@type":"ImageObject","inLanguage":"en-US","@id":"https:\/\/superbydot.com\/#\/schema\/logo\/image\/","url":"https:\/\/superbydot.com\/wp-content\/uploads\/2023\/04\/logotipo_super_blanco.svg","contentUrl":"https:\/\/superbydot.com\/wp-content\/uploads\/2023\/04\/logotipo_super_blanco.svg","caption":"Super by Dot"},"image":{"@id":"https:\/\/superbydot.com\/#\/schema\/logo\/image\/"}}]}},"_links":{"self":[{"href":"https:\/\/superbydot.com\/en\/wp-json\/wp\/v2\/product\/4233","targetHints":{"allow":["GET"]}}],"collection":[{"href":"https:\/\/superbydot.com\/en\/wp-json\/wp\/v2\/product"}],"about":[{"href":"https:\/\/superbydot.com\/en\/wp-json\/wp\/v2\/types\/product"}],"wp:featuredmedia":[{"embeddable":true,"href":"https:\/\/superbydot.com\/en\/wp-json\/wp\/v2\/media\/17853"}],"wp:attachment":[{"href":"https:\/\/superbydot.com\/en\/wp-json\/wp\/v2\/media?parent=4233"}],"wp:term":[{"taxonomy":"product_brand","embeddable":true,"href":"https:\/\/superbydot.com\/en\/wp-json\/wp\/v2\/product_brand?post=4233"},{"taxonomy":"product_cat","embeddable":true,"href":"https:\/\/superbydot.com\/en\/wp-json\/wp\/v2\/product_cat?post=4233"},{"taxonomy":"product_tag","embeddable":true,"href":"https:\/\/superbydot.com\/en\/wp-json\/wp\/v2\/product_tag?post=4233"}],"curies":[{"name":"wp","href":"https:\/\/api.w.org\/{rel}","templated":true}]}}