{"id":4782,"date":"2023-07-02T12:19:52","date_gmt":"2023-07-02T12:19:52","guid":{"rendered":"https:\/\/superbydot.com\/?post_type=product&#038;p=4782"},"modified":"2025-12-18T13:45:01","modified_gmt":"2025-12-18T12:45:01","slug":"bowls-broths-caldos-y-sopas-asiaticos-pippa-middlehurst","status":"publish","type":"product","link":"https:\/\/superbydot.com\/en\/tienda\/home\/magazines-paper\/bowls-broths-caldos-y-sopas-asiaticos-pippa-middlehurst\/","title":{"rendered":"Bowls &#038; Broths. Caldos y sopas asi\u00e1ticos &#8211; Pippa Middlehurst"},"content":{"rendered":"<p>Una apetitosa colecci\u00f3n de recetas basadas en caldos y sopas que te ense\u00f1ar\u00e1n a construir capas de sabores, a condimentar y a crear platos vers\u00e1tiles y emocionantes desde cero.<\/p>\n<p>Pippa Middlehurst (@pippyeats) explica c\u00f3mo preparar un bol \u2013con condimentos y salsas, con ingredientes crujientes y arom\u00e1ticos y con hierbas frescas\u2013 y ofrece recetas accesibles que usan estos elementos b\u00e1sicos para multiplicar la potencia de los ingredientes, la textura y el sabor.<\/p>\n<p>Desde ramen hasta boles de arroz, pasando por multitud de especialidades de diversos pa\u00edses de Asia y el sudeste asi\u00e1tico, y con cap\u00edtulos dedicados a dumplings, noodles, hot pot, arroz e incluso postres,\u00a0<em>Bowls &amp; Broths\u00a0<\/em>est\u00e1 repleto de recetas deliciosas que querr\u00e1s preparar una y otra vez.<\/p>\n","protected":false},"excerpt":{"rendered":"<p>Una apetitosa colecci\u00f3n de recetas basadas en caldos y sopas que te ense\u00f1ar\u00e1n a construir capas de sabores, a condimentar y a crear platos vers\u00e1tiles y emocionantes desde cero. Pippa Middlehurst (@pippyeats) explica c\u00f3mo preparar un bol \u2013con condimentos y salsas, con ingredientes crujientes y arom\u00e1ticos y con hierbas frescas\u2013 y ofrece recetas accesibles que [&hellip;]<\/p>\n","protected":false},"featured_media":14502,"template":"","meta":{"site-sidebar-layout":"default","site-content-layout":"default","ast-site-content-layout":"default","site-content-style":"default","site-sidebar-style":"default","ast-global-header-display":"","ast-banner-title-visibility":"","ast-main-header-display":"","ast-hfb-above-header-display":"","ast-hfb-below-header-display":"","ast-hfb-mobile-header-display":"","site-post-title":"","ast-breadcrumbs-content":"","ast-featured-img":"","footer-sml-layout":"","ast-disable-related-posts":"","theme-transparent-header-meta":"default","adv-header-id-meta":"","stick-header-meta":"","header-above-stick-meta":"","header-main-stick-meta":"","header-below-stick-meta":"","astra-migrate-meta-layouts":"set","ast-page-background-enabled":"default","ast-page-background-meta":{"desktop":{"background-color":"var(--ast-global-color-4)","background-image":"","background-repeat":"repeat","background-position":"center center","background-size":"auto","background-attachment":"scroll","background-type":"","background-media":"","overlay-type":"","overlay-color":"","overlay-opacity":"","overlay-gradient":""},"tablet":{"background-color":"","background-image":"","background-repeat":"repeat","background-position":"center center","background-size":"auto","background-attachment":"scroll","background-type":"","background-media":"","overlay-type":"","overlay-color":"","overlay-opacity":"","overlay-gradient":""},"mobile":{"background-color":"","background-image":"","background-repeat":"repeat","background-position":"center center","background-size":"auto","background-attachment":"scroll","background-type":"","background-media":"","overlay-type":"","overlay-color":"","overlay-opacity":"","overlay-gradient":""}},"ast-content-background-meta":{"desktop":{"background-color":"var(--ast-global-color-5)","background-image":"","background-repeat":"repeat","background-position":"center center","background-size":"auto","background-attachment":"scroll","background-type":"","background-media":"","overlay-type":"","overlay-color":"","overlay-opacity":"","overlay-gradient":""},"tablet":{"background-color":"var(--ast-global-color-5)","background-image":"","background-repeat":"repeat","background-position":"center center","background-size":"auto","background-attachment":"scroll","background-type":"","background-media":"","overlay-type":"","overlay-color":"","overlay-opacity":"","overlay-gradient":""},"mobile":{"background-color":"var(--ast-global-color-5)","background-image":"","background-repeat":"repeat","background-position":"center center","background-size":"auto","background-attachment":"scroll","background-type":"","background-media":"","overlay-type":"","overlay-color":"","overlay-opacity":"","overlay-gradient":""}}},"product_brand":[],"product_cat":[53,59],"product_tag":[],"class_list":{"0":"post-4782","1":"product","2":"type-product","3":"status-publish","4":"has-post-thumbnail","6":"product_cat-casa","7":"product_cat-revistas-papeleria","8":"desktop-align-left","9":"tablet-align-left","10":"mobile-align-left","12":"first","13":"instock","14":"taxable","15":"shipping-taxable","16":"purchasable","17":"product-type-simple"},"bundled_by":[],"bundle_stock_status":"instock","bundle_stock_quantity":1,"bundle_virtual":false,"bundle_layout":"","bundle_add_to_cart_form_location":"","bundle_editable_in_cart":false,"bundle_sold_individually_context":"","bundle_item_grouping":"","bundle_min_size":"","bundle_max_size":"","bundle_price":[],"bundled_items":[],"bundle_sell_ids":[],"yoast_head":"<!-- This site is optimized with the Yoast SEO plugin v27.2 - https:\/\/yoast.com\/product\/yoast-seo-wordpress\/ -->\n<title>Bowls &amp; Broths. Caldos y sopas asi\u00e1ticos - Pippa Middlehurst - Super by Dot<\/title>\n<meta name=\"description\" content=\"Una apetitosa colecci\u00f3n de recetas basadas en caldos y sopas que te ense\u00f1ar\u00e1n a construir capas de sabores, a condimentar y a crear platos vers\u00e1tiles y emocionantes desde cero.\" \/>\n<meta name=\"robots\" content=\"index, follow, max-snippet:-1, max-image-preview:large, max-video-preview:-1\" \/>\n<link rel=\"canonical\" href=\"https:\/\/superbydot.com\/tienda\/casa\/revistas-papeleria\/bowls-broths-caldos-y-sopas-asiaticos-pippa-middlehurst\/\" \/>\n<meta property=\"og:locale\" content=\"en_US\" \/>\n<meta property=\"og:type\" content=\"article\" \/>\n<meta property=\"og:title\" content=\"Bowls &amp; Broths. Caldos y sopas asi\u00e1ticos - Pippa Middlehurst - Super by Dot\" \/>\n<meta property=\"og:description\" content=\"Una apetitosa colecci\u00f3n de recetas basadas en caldos y sopas que te ense\u00f1ar\u00e1n a construir capas de sabores, a condimentar y a crear platos vers\u00e1tiles y emocionantes desde cero.\" \/>\n<meta property=\"og:url\" content=\"https:\/\/superbydot.com\/tienda\/casa\/revistas-papeleria\/bowls-broths-caldos-y-sopas-asiaticos-pippa-middlehurst\/\" \/>\n<meta property=\"og:site_name\" content=\"Super by Dot\" \/>\n<meta property=\"article:modified_time\" content=\"2025-12-18T12:45:01+00:00\" \/>\n<meta property=\"og:image\" content=\"https:\/\/superbydot.com\/wp-content\/uploads\/2023\/07\/bowls_broths_01.jpg\" \/>\n\t<meta property=\"og:image:width\" content=\"1080\" \/>\n\t<meta property=\"og:image:height\" content=\"1080\" \/>\n\t<meta property=\"og:image:type\" content=\"image\/jpeg\" \/>\n<meta name=\"twitter:card\" content=\"summary_large_image\" \/>\n<meta name=\"twitter:label1\" content=\"Est. reading time\" \/>\n\t<meta name=\"twitter:data1\" content=\"1 minute\" \/>\n<script type=\"application\/ld+json\" class=\"yoast-schema-graph\">{\"@context\":\"https:\/\/schema.org\",\"@graph\":[{\"@type\":\"WebPage\",\"@id\":\"https:\/\/superbydot.com\/tienda\/casa\/revistas-papeleria\/bowls-broths-caldos-y-sopas-asiaticos-pippa-middlehurst\/\",\"url\":\"https:\/\/superbydot.com\/tienda\/casa\/revistas-papeleria\/bowls-broths-caldos-y-sopas-asiaticos-pippa-middlehurst\/\",\"name\":\"Bowls & Broths. Caldos y sopas asi\u00e1ticos - Pippa Middlehurst - Super by Dot\",\"isPartOf\":{\"@id\":\"https:\/\/superbydot.com\/#website\"},\"primaryImageOfPage\":{\"@id\":\"https:\/\/superbydot.com\/tienda\/casa\/revistas-papeleria\/bowls-broths-caldos-y-sopas-asiaticos-pippa-middlehurst\/#primaryimage\"},\"image\":{\"@id\":\"https:\/\/superbydot.com\/tienda\/casa\/revistas-papeleria\/bowls-broths-caldos-y-sopas-asiaticos-pippa-middlehurst\/#primaryimage\"},\"thumbnailUrl\":\"https:\/\/superbydot.com\/wp-content\/uploads\/2023\/07\/bowls_broths_01.jpg\",\"datePublished\":\"2023-07-02T12:19:52+00:00\",\"dateModified\":\"2025-12-18T12:45:01+00:00\",\"description\":\"Una apetitosa colecci\u00f3n de recetas basadas en caldos y sopas que te ense\u00f1ar\u00e1n a construir capas de sabores, a condimentar y a crear platos vers\u00e1tiles y emocionantes desde cero.\",\"breadcrumb\":{\"@id\":\"https:\/\/superbydot.com\/tienda\/casa\/revistas-papeleria\/bowls-broths-caldos-y-sopas-asiaticos-pippa-middlehurst\/#breadcrumb\"},\"inLanguage\":\"en-US\",\"potentialAction\":[{\"@type\":\"ReadAction\",\"target\":[\"https:\/\/superbydot.com\/tienda\/casa\/revistas-papeleria\/bowls-broths-caldos-y-sopas-asiaticos-pippa-middlehurst\/\"]}]},{\"@type\":\"ImageObject\",\"inLanguage\":\"en-US\",\"@id\":\"https:\/\/superbydot.com\/tienda\/casa\/revistas-papeleria\/bowls-broths-caldos-y-sopas-asiaticos-pippa-middlehurst\/#primaryimage\",\"url\":\"https:\/\/superbydot.com\/wp-content\/uploads\/2023\/07\/bowls_broths_01.jpg\",\"contentUrl\":\"https:\/\/superbydot.com\/wp-content\/uploads\/2023\/07\/bowls_broths_01.jpg\",\"width\":1080,\"height\":1080,\"caption\":\"bowls and broths\"},{\"@type\":\"BreadcrumbList\",\"@id\":\"https:\/\/superbydot.com\/tienda\/casa\/revistas-papeleria\/bowls-broths-caldos-y-sopas-asiaticos-pippa-middlehurst\/#breadcrumb\",\"itemListElement\":[{\"@type\":\"ListItem\",\"position\":1,\"name\":\"Portada\",\"item\":\"https:\/\/superbydot.com\/\"},{\"@type\":\"ListItem\",\"position\":2,\"name\":\"EN Tienda\",\"item\":\"https:\/\/superbydot.com\/en\/store\/\"},{\"@type\":\"ListItem\",\"position\":3,\"name\":\"Bowls &#038; Broths. Caldos y sopas asi\u00e1ticos &#8211; Pippa Middlehurst\"}]},{\"@type\":\"WebSite\",\"@id\":\"https:\/\/superbydot.com\/#website\",\"url\":\"https:\/\/superbydot.com\/\",\"name\":\"Super by Dot\",\"description\":\"SUPER es un SUPER de barrio\",\"publisher\":{\"@id\":\"https:\/\/superbydot.com\/#organization\"},\"potentialAction\":[{\"@type\":\"SearchAction\",\"target\":{\"@type\":\"EntryPoint\",\"urlTemplate\":\"https:\/\/superbydot.com\/?s={search_term_string}\"},\"query-input\":{\"@type\":\"PropertyValueSpecification\",\"valueRequired\":true,\"valueName\":\"search_term_string\"}}],\"inLanguage\":\"en-US\"},{\"@type\":\"Organization\",\"@id\":\"https:\/\/superbydot.com\/#organization\",\"name\":\"Super by Dot\",\"url\":\"https:\/\/superbydot.com\/\",\"logo\":{\"@type\":\"ImageObject\",\"inLanguage\":\"en-US\",\"@id\":\"https:\/\/superbydot.com\/#\/schema\/logo\/image\/\",\"url\":\"https:\/\/superbydot.com\/wp-content\/uploads\/2023\/04\/logotipo_super_blanco.svg\",\"contentUrl\":\"https:\/\/superbydot.com\/wp-content\/uploads\/2023\/04\/logotipo_super_blanco.svg\",\"caption\":\"Super by Dot\"},\"image\":{\"@id\":\"https:\/\/superbydot.com\/#\/schema\/logo\/image\/\"}}]}<\/script>\n<!-- \/ Yoast SEO plugin. -->","yoast_head_json":{"title":"Bowls & Broths. Caldos y sopas asi\u00e1ticos - Pippa Middlehurst - Super by Dot","description":"Una apetitosa colecci\u00f3n de recetas basadas en caldos y sopas que te ense\u00f1ar\u00e1n a construir capas de sabores, a condimentar y a crear platos vers\u00e1tiles y emocionantes desde cero.","robots":{"index":"index","follow":"follow","max-snippet":"max-snippet:-1","max-image-preview":"max-image-preview:large","max-video-preview":"max-video-preview:-1"},"canonical":"https:\/\/superbydot.com\/tienda\/casa\/revistas-papeleria\/bowls-broths-caldos-y-sopas-asiaticos-pippa-middlehurst\/","og_locale":"en_US","og_type":"article","og_title":"Bowls & Broths. Caldos y sopas asi\u00e1ticos - Pippa Middlehurst - Super by Dot","og_description":"Una apetitosa colecci\u00f3n de recetas basadas en caldos y sopas que te ense\u00f1ar\u00e1n a construir capas de sabores, a condimentar y a crear platos vers\u00e1tiles y emocionantes desde cero.","og_url":"https:\/\/superbydot.com\/tienda\/casa\/revistas-papeleria\/bowls-broths-caldos-y-sopas-asiaticos-pippa-middlehurst\/","og_site_name":"Super by Dot","article_modified_time":"2025-12-18T12:45:01+00:00","og_image":[{"width":1080,"height":1080,"url":"https:\/\/superbydot.com\/wp-content\/uploads\/2023\/07\/bowls_broths_01.jpg","type":"image\/jpeg"}],"twitter_card":"summary_large_image","twitter_misc":{"Est. reading time":"1 minute"},"schema":{"@context":"https:\/\/schema.org","@graph":[{"@type":"WebPage","@id":"https:\/\/superbydot.com\/tienda\/casa\/revistas-papeleria\/bowls-broths-caldos-y-sopas-asiaticos-pippa-middlehurst\/","url":"https:\/\/superbydot.com\/tienda\/casa\/revistas-papeleria\/bowls-broths-caldos-y-sopas-asiaticos-pippa-middlehurst\/","name":"Bowls & Broths. Caldos y sopas asi\u00e1ticos - Pippa Middlehurst - Super by Dot","isPartOf":{"@id":"https:\/\/superbydot.com\/#website"},"primaryImageOfPage":{"@id":"https:\/\/superbydot.com\/tienda\/casa\/revistas-papeleria\/bowls-broths-caldos-y-sopas-asiaticos-pippa-middlehurst\/#primaryimage"},"image":{"@id":"https:\/\/superbydot.com\/tienda\/casa\/revistas-papeleria\/bowls-broths-caldos-y-sopas-asiaticos-pippa-middlehurst\/#primaryimage"},"thumbnailUrl":"https:\/\/superbydot.com\/wp-content\/uploads\/2023\/07\/bowls_broths_01.jpg","datePublished":"2023-07-02T12:19:52+00:00","dateModified":"2025-12-18T12:45:01+00:00","description":"Una apetitosa colecci\u00f3n de recetas basadas en caldos y sopas que te ense\u00f1ar\u00e1n a construir capas de sabores, a condimentar y a crear platos vers\u00e1tiles y emocionantes desde cero.","breadcrumb":{"@id":"https:\/\/superbydot.com\/tienda\/casa\/revistas-papeleria\/bowls-broths-caldos-y-sopas-asiaticos-pippa-middlehurst\/#breadcrumb"},"inLanguage":"en-US","potentialAction":[{"@type":"ReadAction","target":["https:\/\/superbydot.com\/tienda\/casa\/revistas-papeleria\/bowls-broths-caldos-y-sopas-asiaticos-pippa-middlehurst\/"]}]},{"@type":"ImageObject","inLanguage":"en-US","@id":"https:\/\/superbydot.com\/tienda\/casa\/revistas-papeleria\/bowls-broths-caldos-y-sopas-asiaticos-pippa-middlehurst\/#primaryimage","url":"https:\/\/superbydot.com\/wp-content\/uploads\/2023\/07\/bowls_broths_01.jpg","contentUrl":"https:\/\/superbydot.com\/wp-content\/uploads\/2023\/07\/bowls_broths_01.jpg","width":1080,"height":1080,"caption":"bowls and broths"},{"@type":"BreadcrumbList","@id":"https:\/\/superbydot.com\/tienda\/casa\/revistas-papeleria\/bowls-broths-caldos-y-sopas-asiaticos-pippa-middlehurst\/#breadcrumb","itemListElement":[{"@type":"ListItem","position":1,"name":"Portada","item":"https:\/\/superbydot.com\/"},{"@type":"ListItem","position":2,"name":"EN Tienda","item":"https:\/\/superbydot.com\/en\/store\/"},{"@type":"ListItem","position":3,"name":"Bowls &#038; Broths. Caldos y sopas asi\u00e1ticos &#8211; Pippa Middlehurst"}]},{"@type":"WebSite","@id":"https:\/\/superbydot.com\/#website","url":"https:\/\/superbydot.com\/","name":"Super by Dot","description":"SUPER es un SUPER de barrio","publisher":{"@id":"https:\/\/superbydot.com\/#organization"},"potentialAction":[{"@type":"SearchAction","target":{"@type":"EntryPoint","urlTemplate":"https:\/\/superbydot.com\/?s={search_term_string}"},"query-input":{"@type":"PropertyValueSpecification","valueRequired":true,"valueName":"search_term_string"}}],"inLanguage":"en-US"},{"@type":"Organization","@id":"https:\/\/superbydot.com\/#organization","name":"Super by Dot","url":"https:\/\/superbydot.com\/","logo":{"@type":"ImageObject","inLanguage":"en-US","@id":"https:\/\/superbydot.com\/#\/schema\/logo\/image\/","url":"https:\/\/superbydot.com\/wp-content\/uploads\/2023\/04\/logotipo_super_blanco.svg","contentUrl":"https:\/\/superbydot.com\/wp-content\/uploads\/2023\/04\/logotipo_super_blanco.svg","caption":"Super by Dot"},"image":{"@id":"https:\/\/superbydot.com\/#\/schema\/logo\/image\/"}}]}},"_links":{"self":[{"href":"https:\/\/superbydot.com\/en\/wp-json\/wp\/v2\/product\/4782","targetHints":{"allow":["GET"]}}],"collection":[{"href":"https:\/\/superbydot.com\/en\/wp-json\/wp\/v2\/product"}],"about":[{"href":"https:\/\/superbydot.com\/en\/wp-json\/wp\/v2\/types\/product"}],"wp:featuredmedia":[{"embeddable":true,"href":"https:\/\/superbydot.com\/en\/wp-json\/wp\/v2\/media\/14502"}],"wp:attachment":[{"href":"https:\/\/superbydot.com\/en\/wp-json\/wp\/v2\/media?parent=4782"}],"wp:term":[{"taxonomy":"product_brand","embeddable":true,"href":"https:\/\/superbydot.com\/en\/wp-json\/wp\/v2\/product_brand?post=4782"},{"taxonomy":"product_cat","embeddable":true,"href":"https:\/\/superbydot.com\/en\/wp-json\/wp\/v2\/product_cat?post=4782"},{"taxonomy":"product_tag","embeddable":true,"href":"https:\/\/superbydot.com\/en\/wp-json\/wp\/v2\/product_tag?post=4782"}],"curies":[{"name":"wp","href":"https:\/\/api.w.org\/{rel}","templated":true}]}}