{"id":7403,"date":"2024-12-14T18:00:54","date_gmt":"2024-12-14T17:00:54","guid":{"rendered":"https:\/\/superbydot.com\/?post_type=product&#038;p=7403"},"modified":"2026-02-19T18:01:40","modified_gmt":"2026-02-19T17:01:40","slug":"crema-de-manos-suavina","status":"publish","type":"product","link":"https:\/\/superbydot.com\/en\/tienda\/home\/personal-care\/crema-de-manos-suavina\/","title":{"rendered":"Crema de manos &#8211; Suavina"},"content":{"rendered":"<p>Crema de manos enriquecida con aceites y extractos de origen vegetal. Textura ligera y r\u00e1pida absorci\u00f3n. Hidrata desde la primera aplicaci\u00f3n. Para uso diario<\/p>\n<p>Formato: 40ml<br \/>\nIngredientes: Aqua, butyrospermum parkiin butter, glycerin, ethylhexyl palmitate, dycaprylyl carbonate, cetearyl alcohol, cetyl alcohol, glyceryl stearate citrate, helianthus annuus seed oil, copernicia cerifera cera, parfum, gardenia tahinensis flower extract, commiphora myrrha resin extract, arganina espinosa kernel oil, cocos nucifera oil, elaeis<\/p>\n","protected":false},"excerpt":{"rendered":"<p>Crema de manos enriquecida con aceites y extractos de origen vegetal. Textura ligera y r\u00e1pida absorci\u00f3n. Hidrata desde la primera aplicaci\u00f3n. Para uso diario Formato: 40ml Ingredientes: Aqua, butyrospermum parkiin butter, glycerin, ethylhexyl palmitate, dycaprylyl carbonate, cetearyl alcohol, cetyl alcohol, glyceryl stearate citrate, helianthus annuus seed oil, copernicia cerifera cera, parfum, gardenia tahinensis flower extract, [&hellip;]<\/p>\n","protected":false},"featured_media":17061,"template":"","meta":{"site-sidebar-layout":"default","site-content-layout":"","ast-site-content-layout":"default","site-content-style":"default","site-sidebar-style":"default","ast-global-header-display":"","ast-banner-title-visibility":"","ast-main-header-display":"","ast-hfb-above-header-display":"","ast-hfb-below-header-display":"","ast-hfb-mobile-header-display":"","site-post-title":"","ast-breadcrumbs-content":"","ast-featured-img":"","footer-sml-layout":"","ast-disable-related-posts":"","theme-transparent-header-meta":"default","adv-header-id-meta":"","stick-header-meta":"","header-above-stick-meta":"","header-main-stick-meta":"","header-below-stick-meta":"","astra-migrate-meta-layouts":"set","ast-page-background-enabled":"default","ast-page-background-meta":{"desktop":{"background-color":"var(--ast-global-color-4)","background-image":"","background-repeat":"repeat","background-position":"center center","background-size":"auto","background-attachment":"scroll","background-type":"","background-media":"","overlay-type":"","overlay-color":"","overlay-opacity":"","overlay-gradient":""},"tablet":{"background-color":"","background-image":"","background-repeat":"repeat","background-position":"center center","background-size":"auto","background-attachment":"scroll","background-type":"","background-media":"","overlay-type":"","overlay-color":"","overlay-opacity":"","overlay-gradient":""},"mobile":{"background-color":"","background-image":"","background-repeat":"repeat","background-position":"center center","background-size":"auto","background-attachment":"scroll","background-type":"","background-media":"","overlay-type":"","overlay-color":"","overlay-opacity":"","overlay-gradient":""}},"ast-content-background-meta":{"desktop":{"background-color":"var(--ast-global-color-5)","background-image":"","background-repeat":"repeat","background-position":"center center","background-size":"auto","background-attachment":"scroll","background-type":"","background-media":"","overlay-type":"","overlay-color":"","overlay-opacity":"","overlay-gradient":""},"tablet":{"background-color":"var(--ast-global-color-5)","background-image":"","background-repeat":"repeat","background-position":"center center","background-size":"auto","background-attachment":"scroll","background-type":"","background-media":"","overlay-type":"","overlay-color":"","overlay-opacity":"","overlay-gradient":""},"mobile":{"background-color":"var(--ast-global-color-5)","background-image":"","background-repeat":"repeat","background-position":"center center","background-size":"auto","background-attachment":"scroll","background-type":"","background-media":"","overlay-type":"","overlay-color":"","overlay-opacity":"","overlay-gradient":""}}},"product_brand":[],"product_cat":[53,57],"product_tag":[],"class_list":{"0":"post-7403","1":"product","2":"type-product","3":"status-publish","4":"has-post-thumbnail","6":"product_cat-casa","7":"product_cat-cuidado-personal","8":"yith_product_brand-suavina","9":"desktop-align-left","10":"tablet-align-left","11":"mobile-align-left","13":"first","14":"instock","15":"taxable","16":"shipping-taxable","17":"purchasable","18":"product-type-simple"},"bundled_by":[],"bundle_stock_status":"instock","bundle_stock_quantity":6,"bundle_virtual":false,"bundle_layout":"","bundle_add_to_cart_form_location":"","bundle_editable_in_cart":false,"bundle_sold_individually_context":"","bundle_item_grouping":"","bundle_min_size":"","bundle_max_size":"","bundle_price":[],"bundled_items":[],"bundle_sell_ids":[],"yoast_head":"<!-- This site is optimized with the Yoast SEO plugin v27.3 - https:\/\/yoast.com\/product\/yoast-seo-wordpress\/ -->\n<title>Crema de manos - Suavina - Super by Dot<\/title>\n<meta name=\"robots\" content=\"index, follow, max-snippet:-1, max-image-preview:large, max-video-preview:-1\" \/>\n<link rel=\"canonical\" href=\"https:\/\/superbydot.com\/tienda\/casa\/cuidado-personal\/crema-de-manos-suavina\/\" \/>\n<meta property=\"og:locale\" content=\"en_US\" \/>\n<meta property=\"og:type\" content=\"article\" \/>\n<meta property=\"og:title\" content=\"Crema de manos - Suavina - Super by Dot\" \/>\n<meta property=\"og:description\" content=\"Crema de manos enriquecida con aceites y extractos de origen vegetal. Textura ligera y r\u00e1pida absorci\u00f3n. Hidrata desde la primera aplicaci\u00f3n. Para uso diario Formato: 40ml Ingredientes: Aqua, butyrospermum parkiin butter, glycerin, ethylhexyl palmitate, dycaprylyl carbonate, cetearyl alcohol, cetyl alcohol, glyceryl stearate citrate, helianthus annuus seed oil, copernicia cerifera cera, parfum, gardenia tahinensis flower extract, [&hellip;]\" \/>\n<meta property=\"og:url\" content=\"https:\/\/superbydot.com\/tienda\/casa\/cuidado-personal\/crema-de-manos-suavina\/\" \/>\n<meta property=\"og:site_name\" content=\"Super by Dot\" \/>\n<meta property=\"article:modified_time\" content=\"2026-02-19T17:01:40+00:00\" \/>\n<meta property=\"og:image\" content=\"https:\/\/superbydot.com\/wp-content\/uploads\/2024\/12\/cremamanos-suavina.jpg\" \/>\n\t<meta property=\"og:image:width\" content=\"1080\" \/>\n\t<meta property=\"og:image:height\" content=\"1080\" \/>\n\t<meta property=\"og:image:type\" content=\"image\/jpeg\" \/>\n<meta name=\"twitter:card\" content=\"summary_large_image\" \/>\n<meta name=\"twitter:label1\" content=\"Est. reading time\" \/>\n\t<meta name=\"twitter:data1\" content=\"1 minute\" \/>\n<script type=\"application\/ld+json\" class=\"yoast-schema-graph\">{\"@context\":\"https:\\\/\\\/schema.org\",\"@graph\":[{\"@type\":\"WebPage\",\"@id\":\"https:\\\/\\\/superbydot.com\\\/tienda\\\/casa\\\/cuidado-personal\\\/crema-de-manos-suavina\\\/\",\"url\":\"https:\\\/\\\/superbydot.com\\\/tienda\\\/casa\\\/cuidado-personal\\\/crema-de-manos-suavina\\\/\",\"name\":\"Crema de manos - Suavina - Super by Dot\",\"isPartOf\":{\"@id\":\"https:\\\/\\\/superbydot.com\\\/#website\"},\"primaryImageOfPage\":{\"@id\":\"https:\\\/\\\/superbydot.com\\\/tienda\\\/casa\\\/cuidado-personal\\\/crema-de-manos-suavina\\\/#primaryimage\"},\"image\":{\"@id\":\"https:\\\/\\\/superbydot.com\\\/tienda\\\/casa\\\/cuidado-personal\\\/crema-de-manos-suavina\\\/#primaryimage\"},\"thumbnailUrl\":\"https:\\\/\\\/superbydot.com\\\/wp-content\\\/uploads\\\/2024\\\/12\\\/cremamanos-suavina.jpg\",\"datePublished\":\"2024-12-14T17:00:54+00:00\",\"dateModified\":\"2026-02-19T17:01:40+00:00\",\"breadcrumb\":{\"@id\":\"https:\\\/\\\/superbydot.com\\\/tienda\\\/casa\\\/cuidado-personal\\\/crema-de-manos-suavina\\\/#breadcrumb\"},\"inLanguage\":\"en-US\",\"potentialAction\":[{\"@type\":\"ReadAction\",\"target\":[\"https:\\\/\\\/superbydot.com\\\/tienda\\\/casa\\\/cuidado-personal\\\/crema-de-manos-suavina\\\/\"]}]},{\"@type\":\"ImageObject\",\"inLanguage\":\"en-US\",\"@id\":\"https:\\\/\\\/superbydot.com\\\/tienda\\\/casa\\\/cuidado-personal\\\/crema-de-manos-suavina\\\/#primaryimage\",\"url\":\"https:\\\/\\\/superbydot.com\\\/wp-content\\\/uploads\\\/2024\\\/12\\\/cremamanos-suavina.jpg\",\"contentUrl\":\"https:\\\/\\\/superbydot.com\\\/wp-content\\\/uploads\\\/2024\\\/12\\\/cremamanos-suavina.jpg\",\"width\":1080,\"height\":1080},{\"@type\":\"BreadcrumbList\",\"@id\":\"https:\\\/\\\/superbydot.com\\\/tienda\\\/casa\\\/cuidado-personal\\\/crema-de-manos-suavina\\\/#breadcrumb\",\"itemListElement\":[{\"@type\":\"ListItem\",\"position\":1,\"name\":\"Portada\",\"item\":\"https:\\\/\\\/superbydot.com\\\/\"},{\"@type\":\"ListItem\",\"position\":2,\"name\":\"EN Tienda\",\"item\":\"https:\\\/\\\/superbydot.com\\\/en\\\/store\\\/\"},{\"@type\":\"ListItem\",\"position\":3,\"name\":\"Crema de manos &#8211; Suavina\"}]},{\"@type\":\"WebSite\",\"@id\":\"https:\\\/\\\/superbydot.com\\\/#website\",\"url\":\"https:\\\/\\\/superbydot.com\\\/\",\"name\":\"Super by Dot\",\"description\":\"SUPER es un SUPER de barrio\",\"publisher\":{\"@id\":\"https:\\\/\\\/superbydot.com\\\/#organization\"},\"potentialAction\":[{\"@type\":\"SearchAction\",\"target\":{\"@type\":\"EntryPoint\",\"urlTemplate\":\"https:\\\/\\\/superbydot.com\\\/?s={search_term_string}\"},\"query-input\":{\"@type\":\"PropertyValueSpecification\",\"valueRequired\":true,\"valueName\":\"search_term_string\"}}],\"inLanguage\":\"en-US\"},{\"@type\":\"Organization\",\"@id\":\"https:\\\/\\\/superbydot.com\\\/#organization\",\"name\":\"Super by Dot\",\"url\":\"https:\\\/\\\/superbydot.com\\\/\",\"logo\":{\"@type\":\"ImageObject\",\"inLanguage\":\"en-US\",\"@id\":\"https:\\\/\\\/superbydot.com\\\/#\\\/schema\\\/logo\\\/image\\\/\",\"url\":\"https:\\\/\\\/superbydot.com\\\/wp-content\\\/uploads\\\/2023\\\/04\\\/logotipo_super_blanco.svg\",\"contentUrl\":\"https:\\\/\\\/superbydot.com\\\/wp-content\\\/uploads\\\/2023\\\/04\\\/logotipo_super_blanco.svg\",\"caption\":\"Super by Dot\"},\"image\":{\"@id\":\"https:\\\/\\\/superbydot.com\\\/#\\\/schema\\\/logo\\\/image\\\/\"}}]}<\/script>\n<!-- \/ Yoast SEO plugin. -->","yoast_head_json":{"title":"Crema de manos - Suavina - Super by Dot","robots":{"index":"index","follow":"follow","max-snippet":"max-snippet:-1","max-image-preview":"max-image-preview:large","max-video-preview":"max-video-preview:-1"},"canonical":"https:\/\/superbydot.com\/tienda\/casa\/cuidado-personal\/crema-de-manos-suavina\/","og_locale":"en_US","og_type":"article","og_title":"Crema de manos - Suavina - Super by Dot","og_description":"Crema de manos enriquecida con aceites y extractos de origen vegetal. Textura ligera y r\u00e1pida absorci\u00f3n. Hidrata desde la primera aplicaci\u00f3n. Para uso diario Formato: 40ml Ingredientes: Aqua, butyrospermum parkiin butter, glycerin, ethylhexyl palmitate, dycaprylyl carbonate, cetearyl alcohol, cetyl alcohol, glyceryl stearate citrate, helianthus annuus seed oil, copernicia cerifera cera, parfum, gardenia tahinensis flower extract, [&hellip;]","og_url":"https:\/\/superbydot.com\/tienda\/casa\/cuidado-personal\/crema-de-manos-suavina\/","og_site_name":"Super by Dot","article_modified_time":"2026-02-19T17:01:40+00:00","og_image":[{"width":1080,"height":1080,"url":"https:\/\/superbydot.com\/wp-content\/uploads\/2024\/12\/cremamanos-suavina.jpg","type":"image\/jpeg"}],"twitter_card":"summary_large_image","twitter_misc":{"Est. reading time":"1 minute"},"schema":{"@context":"https:\/\/schema.org","@graph":[{"@type":"WebPage","@id":"https:\/\/superbydot.com\/tienda\/casa\/cuidado-personal\/crema-de-manos-suavina\/","url":"https:\/\/superbydot.com\/tienda\/casa\/cuidado-personal\/crema-de-manos-suavina\/","name":"Crema de manos - Suavina - Super by Dot","isPartOf":{"@id":"https:\/\/superbydot.com\/#website"},"primaryImageOfPage":{"@id":"https:\/\/superbydot.com\/tienda\/casa\/cuidado-personal\/crema-de-manos-suavina\/#primaryimage"},"image":{"@id":"https:\/\/superbydot.com\/tienda\/casa\/cuidado-personal\/crema-de-manos-suavina\/#primaryimage"},"thumbnailUrl":"https:\/\/superbydot.com\/wp-content\/uploads\/2024\/12\/cremamanos-suavina.jpg","datePublished":"2024-12-14T17:00:54+00:00","dateModified":"2026-02-19T17:01:40+00:00","breadcrumb":{"@id":"https:\/\/superbydot.com\/tienda\/casa\/cuidado-personal\/crema-de-manos-suavina\/#breadcrumb"},"inLanguage":"en-US","potentialAction":[{"@type":"ReadAction","target":["https:\/\/superbydot.com\/tienda\/casa\/cuidado-personal\/crema-de-manos-suavina\/"]}]},{"@type":"ImageObject","inLanguage":"en-US","@id":"https:\/\/superbydot.com\/tienda\/casa\/cuidado-personal\/crema-de-manos-suavina\/#primaryimage","url":"https:\/\/superbydot.com\/wp-content\/uploads\/2024\/12\/cremamanos-suavina.jpg","contentUrl":"https:\/\/superbydot.com\/wp-content\/uploads\/2024\/12\/cremamanos-suavina.jpg","width":1080,"height":1080},{"@type":"BreadcrumbList","@id":"https:\/\/superbydot.com\/tienda\/casa\/cuidado-personal\/crema-de-manos-suavina\/#breadcrumb","itemListElement":[{"@type":"ListItem","position":1,"name":"Portada","item":"https:\/\/superbydot.com\/"},{"@type":"ListItem","position":2,"name":"EN Tienda","item":"https:\/\/superbydot.com\/en\/store\/"},{"@type":"ListItem","position":3,"name":"Crema de manos &#8211; Suavina"}]},{"@type":"WebSite","@id":"https:\/\/superbydot.com\/#website","url":"https:\/\/superbydot.com\/","name":"Super by Dot","description":"SUPER es un SUPER de barrio","publisher":{"@id":"https:\/\/superbydot.com\/#organization"},"potentialAction":[{"@type":"SearchAction","target":{"@type":"EntryPoint","urlTemplate":"https:\/\/superbydot.com\/?s={search_term_string}"},"query-input":{"@type":"PropertyValueSpecification","valueRequired":true,"valueName":"search_term_string"}}],"inLanguage":"en-US"},{"@type":"Organization","@id":"https:\/\/superbydot.com\/#organization","name":"Super by Dot","url":"https:\/\/superbydot.com\/","logo":{"@type":"ImageObject","inLanguage":"en-US","@id":"https:\/\/superbydot.com\/#\/schema\/logo\/image\/","url":"https:\/\/superbydot.com\/wp-content\/uploads\/2023\/04\/logotipo_super_blanco.svg","contentUrl":"https:\/\/superbydot.com\/wp-content\/uploads\/2023\/04\/logotipo_super_blanco.svg","caption":"Super by Dot"},"image":{"@id":"https:\/\/superbydot.com\/#\/schema\/logo\/image\/"}}]}},"_links":{"self":[{"href":"https:\/\/superbydot.com\/en\/wp-json\/wp\/v2\/product\/7403","targetHints":{"allow":["GET"]}}],"collection":[{"href":"https:\/\/superbydot.com\/en\/wp-json\/wp\/v2\/product"}],"about":[{"href":"https:\/\/superbydot.com\/en\/wp-json\/wp\/v2\/types\/product"}],"wp:featuredmedia":[{"embeddable":true,"href":"https:\/\/superbydot.com\/en\/wp-json\/wp\/v2\/media\/17061"}],"wp:attachment":[{"href":"https:\/\/superbydot.com\/en\/wp-json\/wp\/v2\/media?parent=7403"}],"wp:term":[{"taxonomy":"product_brand","embeddable":true,"href":"https:\/\/superbydot.com\/en\/wp-json\/wp\/v2\/product_brand?post=7403"},{"taxonomy":"product_cat","embeddable":true,"href":"https:\/\/superbydot.com\/en\/wp-json\/wp\/v2\/product_cat?post=7403"},{"taxonomy":"product_tag","embeddable":true,"href":"https:\/\/superbydot.com\/en\/wp-json\/wp\/v2\/product_tag?post=7403"}],"curies":[{"name":"wp","href":"https:\/\/api.w.org\/{rel}","templated":true}]}}