{"id":8662,"date":"2024-01-10T18:42:46","date_gmt":"2024-01-10T17:42:46","guid":{"rendered":"https:\/\/superbydot.com\/?post_type=product&#038;p=8662"},"modified":"2025-12-19T20:04:36","modified_gmt":"2025-12-19T19:04:36","slug":"el-mejor-cafe-en-casa-james-hoffmann","status":"publish","type":"product","link":"https:\/\/superbydot.com\/en\/tienda\/home\/magazines-paper\/el-mejor-cafe-en-casa-james-hoffmann\/","title":{"rendered":"El mejor caf\u00e9 en casa &#8211; James Hoffmann"},"content":{"rendered":"<p>S\u00ed, las cafeter\u00edas son un lugar fant\u00e1stico en el que disfrutar de un caf\u00e9 excelente, pero \u00bfno te gustar\u00eda poder recrear esos caf\u00e9s desde la comodidad de tu hogar? Un libro para sacarle el mejor partido a tu caf\u00e9 desde casa.<\/p>\n<p class=\"p1\">El experto cafetero James Hoffmann te ense\u00f1ar\u00e1 a preparar un caf\u00e9 excelente en casa, con recetas replicables a las que podr\u00e1s recurrir tanto si te acabas de iniciar en el mundo del caf\u00e9 como si quieres perfeccionar lo que ya sabes. Puedes encontrar muchos de los accesorios que aparecen en el libro los puedes encontrar <a href=\"https:\/\/superbydot.com\/tienda\/categoria\/casa\/accesorios-para-cafe\/\" target=\"_blank\" rel=\"noopener\">aqu\u00ed<\/a>.<\/p>\n<p class=\"p1\">Estos son solo algunos de los temas que aborda en este libro:<\/p>\n<p class=\"p2\">\u2022 Los elementos clave, desde el agua hasta el nivel de extracci\u00f3n del caf\u00e9.<\/p>\n<p class=\"p2\">\u2022 Conceptos b\u00e1sicos de la percolaci\u00f3n, con tutoriales para los principales tipos de cafetera (de \u00e9mbolo, AeroPress o italianas, entre otras).<\/p>\n<p class=\"p2\">\u2022 C\u00f3mo sacar el m\u00e1ximo provecho al molinillo de caf\u00e9.<\/p>\n<p class=\"p2\">\u2022 Comprar bien en funci\u00f3n de tus necesidades.<\/p>\n<p class=\"p2\">\u2022 Entender las distintas bebidas de caf\u00e9, desde el flat white hasta el macchiato.<\/p>\n<p class=\"p2\">\u2022 Lograr un\u00a0<i>espresso\u00a0<\/i>perfecto.<\/p>\n<p>Octubre de 2023, tapa dura, 224 p\u00e1ginas, 21,6 \u00d7 15,5 cm<\/p>\n","protected":false},"excerpt":{"rendered":"<p>S\u00ed, las cafeter\u00edas son un lugar fant\u00e1stico en el que disfrutar de un caf\u00e9 excelente, pero \u00bfno te gustar\u00eda poder recrear esos caf\u00e9s desde la comodidad de tu hogar? Un libro para sacarle el mejor partido a tu caf\u00e9 desde casa. El experto cafetero James Hoffmann te ense\u00f1ar\u00e1 a preparar un caf\u00e9 excelente en casa, [&hellip;]<\/p>\n","protected":false},"featured_media":14402,"template":"","meta":{"site-sidebar-layout":"default","site-content-layout":"","ast-site-content-layout":"default","site-content-style":"default","site-sidebar-style":"default","ast-global-header-display":"","ast-banner-title-visibility":"","ast-main-header-display":"","ast-hfb-above-header-display":"","ast-hfb-below-header-display":"","ast-hfb-mobile-header-display":"","site-post-title":"","ast-breadcrumbs-content":"","ast-featured-img":"","footer-sml-layout":"","ast-disable-related-posts":"","theme-transparent-header-meta":"default","adv-header-id-meta":"","stick-header-meta":"","header-above-stick-meta":"","header-main-stick-meta":"","header-below-stick-meta":"","astra-migrate-meta-layouts":"set","ast-page-background-enabled":"default","ast-page-background-meta":{"desktop":{"background-color":"var(--ast-global-color-4)","background-image":"","background-repeat":"repeat","background-position":"center center","background-size":"auto","background-attachment":"scroll","background-type":"","background-media":"","overlay-type":"","overlay-color":"","overlay-opacity":"","overlay-gradient":""},"tablet":{"background-color":"","background-image":"","background-repeat":"repeat","background-position":"center center","background-size":"auto","background-attachment":"scroll","background-type":"","background-media":"","overlay-type":"","overlay-color":"","overlay-opacity":"","overlay-gradient":""},"mobile":{"background-color":"","background-image":"","background-repeat":"repeat","background-position":"center center","background-size":"auto","background-attachment":"scroll","background-type":"","background-media":"","overlay-type":"","overlay-color":"","overlay-opacity":"","overlay-gradient":""}},"ast-content-background-meta":{"desktop":{"background-color":"var(--ast-global-color-5)","background-image":"","background-repeat":"repeat","background-position":"center center","background-size":"auto","background-attachment":"scroll","background-type":"","background-media":"","overlay-type":"","overlay-color":"","overlay-opacity":"","overlay-gradient":""},"tablet":{"background-color":"var(--ast-global-color-5)","background-image":"","background-repeat":"repeat","background-position":"center center","background-size":"auto","background-attachment":"scroll","background-type":"","background-media":"","overlay-type":"","overlay-color":"","overlay-opacity":"","overlay-gradient":""},"mobile":{"background-color":"var(--ast-global-color-5)","background-image":"","background-repeat":"repeat","background-position":"center center","background-size":"auto","background-attachment":"scroll","background-type":"","background-media":"","overlay-type":"","overlay-color":"","overlay-opacity":"","overlay-gradient":""}}},"product_brand":[],"product_cat":[53,59],"product_tag":[],"class_list":{"0":"post-8662","1":"product","2":"type-product","3":"status-publish","4":"has-post-thumbnail","6":"product_cat-casa","7":"product_cat-revistas-papeleria","8":"desktop-align-left","9":"tablet-align-left","10":"mobile-align-left","12":"first","13":"instock","14":"taxable","15":"shipping-taxable","16":"purchasable","17":"product-type-simple"},"bundled_by":[],"bundle_stock_status":"instock","bundle_stock_quantity":2,"bundle_virtual":false,"bundle_layout":"","bundle_add_to_cart_form_location":"","bundle_editable_in_cart":false,"bundle_sold_individually_context":"","bundle_item_grouping":"","bundle_min_size":"","bundle_max_size":"","bundle_price":[],"bundled_items":[],"bundle_sell_ids":[],"yoast_head":"<!-- This site is optimized with the Yoast SEO plugin v27.2 - https:\/\/yoast.com\/product\/yoast-seo-wordpress\/ -->\n<title>El mejor caf\u00e9 en casa - James Hoffmann - Super by Dot<\/title>\n<meta name=\"description\" content=\"El experto cafetero James Hoffmann te ense\u00f1ar\u00e1 a preparar un caf\u00e9 excelente en casa, con recetas replicables a las que podr\u00e1s recurrir tanto si te acabas de iniciar en el mundo del caf\u00e9 como si quieres perfeccionar lo que ya sabes. Un libro para sacarle el mejor partido a tu caf\u00e9 desde casa.\" \/>\n<meta name=\"robots\" content=\"index, follow, max-snippet:-1, max-image-preview:large, max-video-preview:-1\" \/>\n<link rel=\"canonical\" href=\"https:\/\/superbydot.com\/tienda\/casa\/revistas-papeleria\/el-mejor-cafe-en-casa-james-hoffmann\/\" \/>\n<meta property=\"og:locale\" content=\"en_US\" \/>\n<meta property=\"og:type\" content=\"article\" \/>\n<meta property=\"og:title\" content=\"El mejor caf\u00e9 en casa - James Hoffmann - Super by Dot\" \/>\n<meta property=\"og:description\" content=\"El experto cafetero James Hoffmann te ense\u00f1ar\u00e1 a preparar un caf\u00e9 excelente en casa, con recetas replicables a las que podr\u00e1s recurrir tanto si te acabas de iniciar en el mundo del caf\u00e9 como si quieres perfeccionar lo que ya sabes. Un libro para sacarle el mejor partido a tu caf\u00e9 desde casa.\" \/>\n<meta property=\"og:url\" content=\"https:\/\/superbydot.com\/tienda\/casa\/revistas-papeleria\/el-mejor-cafe-en-casa-james-hoffmann\/\" \/>\n<meta property=\"og:site_name\" content=\"Super by Dot\" \/>\n<meta property=\"article:modified_time\" content=\"2025-12-19T19:04:36+00:00\" \/>\n<meta property=\"og:image\" content=\"https:\/\/superbydot.com\/wp-content\/uploads\/2024\/01\/el-mejor-cafe_01.jpg\" \/>\n\t<meta property=\"og:image:width\" content=\"1080\" \/>\n\t<meta property=\"og:image:height\" content=\"1080\" \/>\n\t<meta property=\"og:image:type\" content=\"image\/jpeg\" \/>\n<meta name=\"twitter:card\" content=\"summary_large_image\" \/>\n<meta name=\"twitter:label1\" content=\"Est. reading time\" \/>\n\t<meta name=\"twitter:data1\" content=\"2 minutes\" \/>\n<script type=\"application\/ld+json\" class=\"yoast-schema-graph\">{\"@context\":\"https:\/\/schema.org\",\"@graph\":[{\"@type\":\"WebPage\",\"@id\":\"https:\/\/superbydot.com\/tienda\/casa\/revistas-papeleria\/el-mejor-cafe-en-casa-james-hoffmann\/\",\"url\":\"https:\/\/superbydot.com\/tienda\/casa\/revistas-papeleria\/el-mejor-cafe-en-casa-james-hoffmann\/\",\"name\":\"El mejor caf\u00e9 en casa - James Hoffmann - Super by Dot\",\"isPartOf\":{\"@id\":\"https:\/\/superbydot.com\/#website\"},\"primaryImageOfPage\":{\"@id\":\"https:\/\/superbydot.com\/tienda\/casa\/revistas-papeleria\/el-mejor-cafe-en-casa-james-hoffmann\/#primaryimage\"},\"image\":{\"@id\":\"https:\/\/superbydot.com\/tienda\/casa\/revistas-papeleria\/el-mejor-cafe-en-casa-james-hoffmann\/#primaryimage\"},\"thumbnailUrl\":\"https:\/\/superbydot.com\/wp-content\/uploads\/2024\/01\/el-mejor-cafe_01.jpg\",\"datePublished\":\"2024-01-10T17:42:46+00:00\",\"dateModified\":\"2025-12-19T19:04:36+00:00\",\"description\":\"El experto cafetero James Hoffmann te ense\u00f1ar\u00e1 a preparar un caf\u00e9 excelente en casa, con recetas replicables a las que podr\u00e1s recurrir tanto si te acabas de iniciar en el mundo del caf\u00e9 como si quieres perfeccionar lo que ya sabes. Un libro para sacarle el mejor partido a tu caf\u00e9 desde casa.\",\"breadcrumb\":{\"@id\":\"https:\/\/superbydot.com\/tienda\/casa\/revistas-papeleria\/el-mejor-cafe-en-casa-james-hoffmann\/#breadcrumb\"},\"inLanguage\":\"en-US\",\"potentialAction\":[{\"@type\":\"ReadAction\",\"target\":[\"https:\/\/superbydot.com\/tienda\/casa\/revistas-papeleria\/el-mejor-cafe-en-casa-james-hoffmann\/\"]}]},{\"@type\":\"ImageObject\",\"inLanguage\":\"en-US\",\"@id\":\"https:\/\/superbydot.com\/tienda\/casa\/revistas-papeleria\/el-mejor-cafe-en-casa-james-hoffmann\/#primaryimage\",\"url\":\"https:\/\/superbydot.com\/wp-content\/uploads\/2024\/01\/el-mejor-cafe_01.jpg\",\"contentUrl\":\"https:\/\/superbydot.com\/wp-content\/uploads\/2024\/01\/el-mejor-cafe_01.jpg\",\"width\":1080,\"height\":1080,\"caption\":\"el mejor cafe james hoffmann\"},{\"@type\":\"BreadcrumbList\",\"@id\":\"https:\/\/superbydot.com\/tienda\/casa\/revistas-papeleria\/el-mejor-cafe-en-casa-james-hoffmann\/#breadcrumb\",\"itemListElement\":[{\"@type\":\"ListItem\",\"position\":1,\"name\":\"Portada\",\"item\":\"https:\/\/superbydot.com\/\"},{\"@type\":\"ListItem\",\"position\":2,\"name\":\"EN Tienda\",\"item\":\"https:\/\/superbydot.com\/en\/store\/\"},{\"@type\":\"ListItem\",\"position\":3,\"name\":\"El mejor caf\u00e9 en casa &#8211; James Hoffmann\"}]},{\"@type\":\"WebSite\",\"@id\":\"https:\/\/superbydot.com\/#website\",\"url\":\"https:\/\/superbydot.com\/\",\"name\":\"Super by Dot\",\"description\":\"SUPER es un SUPER de barrio\",\"publisher\":{\"@id\":\"https:\/\/superbydot.com\/#organization\"},\"potentialAction\":[{\"@type\":\"SearchAction\",\"target\":{\"@type\":\"EntryPoint\",\"urlTemplate\":\"https:\/\/superbydot.com\/?s={search_term_string}\"},\"query-input\":{\"@type\":\"PropertyValueSpecification\",\"valueRequired\":true,\"valueName\":\"search_term_string\"}}],\"inLanguage\":\"en-US\"},{\"@type\":\"Organization\",\"@id\":\"https:\/\/superbydot.com\/#organization\",\"name\":\"Super by Dot\",\"url\":\"https:\/\/superbydot.com\/\",\"logo\":{\"@type\":\"ImageObject\",\"inLanguage\":\"en-US\",\"@id\":\"https:\/\/superbydot.com\/#\/schema\/logo\/image\/\",\"url\":\"https:\/\/superbydot.com\/wp-content\/uploads\/2023\/04\/logotipo_super_blanco.svg\",\"contentUrl\":\"https:\/\/superbydot.com\/wp-content\/uploads\/2023\/04\/logotipo_super_blanco.svg\",\"caption\":\"Super by Dot\"},\"image\":{\"@id\":\"https:\/\/superbydot.com\/#\/schema\/logo\/image\/\"}}]}<\/script>\n<!-- \/ Yoast SEO plugin. -->","yoast_head_json":{"title":"El mejor caf\u00e9 en casa - James Hoffmann - Super by Dot","description":"El experto cafetero James Hoffmann te ense\u00f1ar\u00e1 a preparar un caf\u00e9 excelente en casa, con recetas replicables a las que podr\u00e1s recurrir tanto si te acabas de iniciar en el mundo del caf\u00e9 como si quieres perfeccionar lo que ya sabes. Un libro para sacarle el mejor partido a tu caf\u00e9 desde casa.","robots":{"index":"index","follow":"follow","max-snippet":"max-snippet:-1","max-image-preview":"max-image-preview:large","max-video-preview":"max-video-preview:-1"},"canonical":"https:\/\/superbydot.com\/tienda\/casa\/revistas-papeleria\/el-mejor-cafe-en-casa-james-hoffmann\/","og_locale":"en_US","og_type":"article","og_title":"El mejor caf\u00e9 en casa - James Hoffmann - Super by Dot","og_description":"El experto cafetero James Hoffmann te ense\u00f1ar\u00e1 a preparar un caf\u00e9 excelente en casa, con recetas replicables a las que podr\u00e1s recurrir tanto si te acabas de iniciar en el mundo del caf\u00e9 como si quieres perfeccionar lo que ya sabes. Un libro para sacarle el mejor partido a tu caf\u00e9 desde casa.","og_url":"https:\/\/superbydot.com\/tienda\/casa\/revistas-papeleria\/el-mejor-cafe-en-casa-james-hoffmann\/","og_site_name":"Super by Dot","article_modified_time":"2025-12-19T19:04:36+00:00","og_image":[{"width":1080,"height":1080,"url":"https:\/\/superbydot.com\/wp-content\/uploads\/2024\/01\/el-mejor-cafe_01.jpg","type":"image\/jpeg"}],"twitter_card":"summary_large_image","twitter_misc":{"Est. reading time":"2 minutes"},"schema":{"@context":"https:\/\/schema.org","@graph":[{"@type":"WebPage","@id":"https:\/\/superbydot.com\/tienda\/casa\/revistas-papeleria\/el-mejor-cafe-en-casa-james-hoffmann\/","url":"https:\/\/superbydot.com\/tienda\/casa\/revistas-papeleria\/el-mejor-cafe-en-casa-james-hoffmann\/","name":"El mejor caf\u00e9 en casa - James Hoffmann - Super by Dot","isPartOf":{"@id":"https:\/\/superbydot.com\/#website"},"primaryImageOfPage":{"@id":"https:\/\/superbydot.com\/tienda\/casa\/revistas-papeleria\/el-mejor-cafe-en-casa-james-hoffmann\/#primaryimage"},"image":{"@id":"https:\/\/superbydot.com\/tienda\/casa\/revistas-papeleria\/el-mejor-cafe-en-casa-james-hoffmann\/#primaryimage"},"thumbnailUrl":"https:\/\/superbydot.com\/wp-content\/uploads\/2024\/01\/el-mejor-cafe_01.jpg","datePublished":"2024-01-10T17:42:46+00:00","dateModified":"2025-12-19T19:04:36+00:00","description":"El experto cafetero James Hoffmann te ense\u00f1ar\u00e1 a preparar un caf\u00e9 excelente en casa, con recetas replicables a las que podr\u00e1s recurrir tanto si te acabas de iniciar en el mundo del caf\u00e9 como si quieres perfeccionar lo que ya sabes. Un libro para sacarle el mejor partido a tu caf\u00e9 desde casa.","breadcrumb":{"@id":"https:\/\/superbydot.com\/tienda\/casa\/revistas-papeleria\/el-mejor-cafe-en-casa-james-hoffmann\/#breadcrumb"},"inLanguage":"en-US","potentialAction":[{"@type":"ReadAction","target":["https:\/\/superbydot.com\/tienda\/casa\/revistas-papeleria\/el-mejor-cafe-en-casa-james-hoffmann\/"]}]},{"@type":"ImageObject","inLanguage":"en-US","@id":"https:\/\/superbydot.com\/tienda\/casa\/revistas-papeleria\/el-mejor-cafe-en-casa-james-hoffmann\/#primaryimage","url":"https:\/\/superbydot.com\/wp-content\/uploads\/2024\/01\/el-mejor-cafe_01.jpg","contentUrl":"https:\/\/superbydot.com\/wp-content\/uploads\/2024\/01\/el-mejor-cafe_01.jpg","width":1080,"height":1080,"caption":"el mejor cafe james hoffmann"},{"@type":"BreadcrumbList","@id":"https:\/\/superbydot.com\/tienda\/casa\/revistas-papeleria\/el-mejor-cafe-en-casa-james-hoffmann\/#breadcrumb","itemListElement":[{"@type":"ListItem","position":1,"name":"Portada","item":"https:\/\/superbydot.com\/"},{"@type":"ListItem","position":2,"name":"EN Tienda","item":"https:\/\/superbydot.com\/en\/store\/"},{"@type":"ListItem","position":3,"name":"El mejor caf\u00e9 en casa &#8211; James Hoffmann"}]},{"@type":"WebSite","@id":"https:\/\/superbydot.com\/#website","url":"https:\/\/superbydot.com\/","name":"Super by Dot","description":"SUPER es un SUPER de barrio","publisher":{"@id":"https:\/\/superbydot.com\/#organization"},"potentialAction":[{"@type":"SearchAction","target":{"@type":"EntryPoint","urlTemplate":"https:\/\/superbydot.com\/?s={search_term_string}"},"query-input":{"@type":"PropertyValueSpecification","valueRequired":true,"valueName":"search_term_string"}}],"inLanguage":"en-US"},{"@type":"Organization","@id":"https:\/\/superbydot.com\/#organization","name":"Super by Dot","url":"https:\/\/superbydot.com\/","logo":{"@type":"ImageObject","inLanguage":"en-US","@id":"https:\/\/superbydot.com\/#\/schema\/logo\/image\/","url":"https:\/\/superbydot.com\/wp-content\/uploads\/2023\/04\/logotipo_super_blanco.svg","contentUrl":"https:\/\/superbydot.com\/wp-content\/uploads\/2023\/04\/logotipo_super_blanco.svg","caption":"Super by Dot"},"image":{"@id":"https:\/\/superbydot.com\/#\/schema\/logo\/image\/"}}]}},"_links":{"self":[{"href":"https:\/\/superbydot.com\/en\/wp-json\/wp\/v2\/product\/8662","targetHints":{"allow":["GET"]}}],"collection":[{"href":"https:\/\/superbydot.com\/en\/wp-json\/wp\/v2\/product"}],"about":[{"href":"https:\/\/superbydot.com\/en\/wp-json\/wp\/v2\/types\/product"}],"wp:featuredmedia":[{"embeddable":true,"href":"https:\/\/superbydot.com\/en\/wp-json\/wp\/v2\/media\/14402"}],"wp:attachment":[{"href":"https:\/\/superbydot.com\/en\/wp-json\/wp\/v2\/media?parent=8662"}],"wp:term":[{"taxonomy":"product_brand","embeddable":true,"href":"https:\/\/superbydot.com\/en\/wp-json\/wp\/v2\/product_brand?post=8662"},{"taxonomy":"product_cat","embeddable":true,"href":"https:\/\/superbydot.com\/en\/wp-json\/wp\/v2\/product_cat?post=8662"},{"taxonomy":"product_tag","embeddable":true,"href":"https:\/\/superbydot.com\/en\/wp-json\/wp\/v2\/product_tag?post=8662"}],"curies":[{"name":"wp","href":"https:\/\/api.w.org\/{rel}","templated":true}]}}