{"id":943,"date":"2023-03-31T10:37:11","date_gmt":"2023-03-31T10:37:11","guid":{"rendered":"https:\/\/superbydot.com\/?post_type=product&#038;p=943"},"modified":"2026-01-24T13:08:07","modified_gmt":"2026-01-24T12:08:07","slug":"pate-de-necora","status":"publish","type":"product","link":"https:\/\/superbydot.com\/en\/tienda\/food\/preserves\/pate-de-necora\/","title":{"rendered":"Pat\u00e9 de N\u00e9cora &#8211; La Curiosa"},"content":{"rendered":"<p>Marisco, aroma de laurel y un toque cremoso de mayonesa.<\/p>\n<p>Ingredientes: Mariscos (n\u00e9cora, gamba, almeja, berberecho, mejill\u00f3n), mayonesa en salsa suave (agua, aceite de soja), vinagre de vino, almid\u00f3n de trigo, yema de huevo, az\u00facar, sal, jarabe de glucosa deshidratado, almid\u00f3n modificado de ma\u00edz, espesantes (goma de garrof\u00edn, goma guar), conservador (\u00e1cido s\u00f3rbico), colorantes (carotenos), habas trituradas y laurel triturado.<\/p>\n","protected":false},"excerpt":{"rendered":"<p>Marisco, aroma de laurel y un toque cremoso de mayonesa. Ingredientes: Mariscos (n\u00e9cora, gamba, almeja, berberecho, mejill\u00f3n), mayonesa en salsa suave (agua, aceite de soja), vinagre de vino, almid\u00f3n de trigo, yema de huevo, az\u00facar, sal, jarabe de glucosa deshidratado, almid\u00f3n modificado de ma\u00edz, espesantes (goma de garrof\u00edn, goma guar), conservador (\u00e1cido s\u00f3rbico), colorantes (carotenos), [&hellip;]<\/p>\n","protected":false},"featured_media":19906,"template":"","meta":{"site-sidebar-layout":"default","site-content-layout":"default","ast-site-content-layout":"default","site-content-style":"default","site-sidebar-style":"default","ast-global-header-display":"","ast-banner-title-visibility":"","ast-main-header-display":"","ast-hfb-above-header-display":"","ast-hfb-below-header-display":"","ast-hfb-mobile-header-display":"","site-post-title":"","ast-breadcrumbs-content":"","ast-featured-img":"","footer-sml-layout":"","ast-disable-related-posts":"","theme-transparent-header-meta":"default","adv-header-id-meta":"","stick-header-meta":"","header-above-stick-meta":"","header-main-stick-meta":"","header-below-stick-meta":"","astra-migrate-meta-layouts":"set","ast-page-background-enabled":"default","ast-page-background-meta":{"desktop":{"background-color":"var(--ast-global-color-4)","background-image":"","background-repeat":"repeat","background-position":"center center","background-size":"auto","background-attachment":"scroll","background-type":"","background-media":"","overlay-type":"","overlay-color":"","overlay-opacity":"","overlay-gradient":""},"tablet":{"background-color":"","background-image":"","background-repeat":"repeat","background-position":"center center","background-size":"auto","background-attachment":"scroll","background-type":"","background-media":"","overlay-type":"","overlay-color":"","overlay-opacity":"","overlay-gradient":""},"mobile":{"background-color":"","background-image":"","background-repeat":"repeat","background-position":"center center","background-size":"auto","background-attachment":"scroll","background-type":"","background-media":"","overlay-type":"","overlay-color":"","overlay-opacity":"","overlay-gradient":""}},"ast-content-background-meta":{"desktop":{"background-color":"var(--ast-global-color-5)","background-image":"","background-repeat":"repeat","background-position":"center center","background-size":"auto","background-attachment":"scroll","background-type":"","background-media":"","overlay-type":"","overlay-color":"","overlay-opacity":"","overlay-gradient":""},"tablet":{"background-color":"var(--ast-global-color-5)","background-image":"","background-repeat":"repeat","background-position":"center center","background-size":"auto","background-attachment":"scroll","background-type":"","background-media":"","overlay-type":"","overlay-color":"","overlay-opacity":"","overlay-gradient":""},"mobile":{"background-color":"var(--ast-global-color-5)","background-image":"","background-repeat":"repeat","background-position":"center center","background-size":"auto","background-attachment":"scroll","background-type":"","background-media":"","overlay-type":"","overlay-color":"","overlay-opacity":"","overlay-gradient":""}}},"product_brand":[],"product_cat":[48,68],"product_tag":[],"class_list":{"0":"post-943","1":"product","2":"type-product","3":"status-publish","4":"has-post-thumbnail","6":"product_cat-comida","7":"product_cat-conservas","8":"yith_product_brand-la-curiosa","9":"desktop-align-left","10":"tablet-align-left","11":"mobile-align-left","13":"first","14":"instock","15":"taxable","16":"shipping-taxable","17":"purchasable","18":"product-type-simple"},"bundled_by":[],"bundle_stock_status":"instock","bundle_stock_quantity":10,"bundle_virtual":false,"bundle_layout":"","bundle_add_to_cart_form_location":"","bundle_editable_in_cart":false,"bundle_sold_individually_context":"","bundle_item_grouping":"","bundle_min_size":"","bundle_max_size":"","bundle_price":[],"bundled_items":[],"bundle_sell_ids":[],"yoast_head":"<!-- This site is optimized with the Yoast SEO plugin v27.2 - https:\/\/yoast.com\/product\/yoast-seo-wordpress\/ -->\n<title>Pat\u00e9 de N\u00e9cora - La Curiosa - Super by Dot<\/title>\n<meta name=\"robots\" content=\"index, follow, max-snippet:-1, max-image-preview:large, max-video-preview:-1\" \/>\n<link rel=\"canonical\" href=\"https:\/\/superbydot.com\/tienda\/comida\/conservas\/pate-de-necora\/\" \/>\n<meta property=\"og:locale\" content=\"en_US\" \/>\n<meta property=\"og:type\" content=\"article\" \/>\n<meta property=\"og:title\" content=\"Pat\u00e9 de N\u00e9cora - La Curiosa - Super by Dot\" \/>\n<meta property=\"og:description\" content=\"Marisco, aroma de laurel y un toque cremoso de mayonesa. Ingredientes: Mariscos (n\u00e9cora, gamba, almeja, berberecho, mejill\u00f3n), mayonesa en salsa suave (agua, aceite de soja), vinagre de vino, almid\u00f3n de trigo, yema de huevo, az\u00facar, sal, jarabe de glucosa deshidratado, almid\u00f3n modificado de ma\u00edz, espesantes (goma de garrof\u00edn, goma guar), conservador (\u00e1cido s\u00f3rbico), colorantes (carotenos), [&hellip;]\" \/>\n<meta property=\"og:url\" content=\"https:\/\/superbydot.com\/tienda\/comida\/conservas\/pate-de-necora\/\" \/>\n<meta property=\"og:site_name\" content=\"Super by Dot\" \/>\n<meta property=\"article:modified_time\" content=\"2026-01-24T12:08:07+00:00\" \/>\n<meta property=\"og:image\" content=\"https:\/\/superbydot.com\/wp-content\/uploads\/2023\/03\/patenecorao-lacuriosa.jpg\" \/>\n\t<meta property=\"og:image:width\" content=\"1080\" \/>\n\t<meta property=\"og:image:height\" content=\"1080\" \/>\n\t<meta property=\"og:image:type\" content=\"image\/jpeg\" \/>\n<meta name=\"twitter:card\" content=\"summary_large_image\" \/>\n<meta name=\"twitter:label1\" content=\"Est. reading time\" \/>\n\t<meta name=\"twitter:data1\" content=\"1 minute\" \/>\n<script type=\"application\/ld+json\" class=\"yoast-schema-graph\">{\"@context\":\"https:\/\/schema.org\",\"@graph\":[{\"@type\":\"WebPage\",\"@id\":\"https:\/\/superbydot.com\/tienda\/comida\/conservas\/pate-de-necora\/\",\"url\":\"https:\/\/superbydot.com\/tienda\/comida\/conservas\/pate-de-necora\/\",\"name\":\"Pat\u00e9 de N\u00e9cora - La Curiosa - Super by Dot\",\"isPartOf\":{\"@id\":\"https:\/\/superbydot.com\/#website\"},\"primaryImageOfPage\":{\"@id\":\"https:\/\/superbydot.com\/tienda\/comida\/conservas\/pate-de-necora\/#primaryimage\"},\"image\":{\"@id\":\"https:\/\/superbydot.com\/tienda\/comida\/conservas\/pate-de-necora\/#primaryimage\"},\"thumbnailUrl\":\"https:\/\/superbydot.com\/wp-content\/uploads\/2023\/03\/patenecorao-lacuriosa.jpg\",\"datePublished\":\"2023-03-31T10:37:11+00:00\",\"dateModified\":\"2026-01-24T12:08:07+00:00\",\"breadcrumb\":{\"@id\":\"https:\/\/superbydot.com\/tienda\/comida\/conservas\/pate-de-necora\/#breadcrumb\"},\"inLanguage\":\"en-US\",\"potentialAction\":[{\"@type\":\"ReadAction\",\"target\":[\"https:\/\/superbydot.com\/tienda\/comida\/conservas\/pate-de-necora\/\"]}]},{\"@type\":\"ImageObject\",\"inLanguage\":\"en-US\",\"@id\":\"https:\/\/superbydot.com\/tienda\/comida\/conservas\/pate-de-necora\/#primaryimage\",\"url\":\"https:\/\/superbydot.com\/wp-content\/uploads\/2023\/03\/patenecorao-lacuriosa.jpg\",\"contentUrl\":\"https:\/\/superbydot.com\/wp-content\/uploads\/2023\/03\/patenecorao-lacuriosa.jpg\",\"width\":1080,\"height\":1080},{\"@type\":\"BreadcrumbList\",\"@id\":\"https:\/\/superbydot.com\/tienda\/comida\/conservas\/pate-de-necora\/#breadcrumb\",\"itemListElement\":[{\"@type\":\"ListItem\",\"position\":1,\"name\":\"Portada\",\"item\":\"https:\/\/superbydot.com\/\"},{\"@type\":\"ListItem\",\"position\":2,\"name\":\"EN Tienda\",\"item\":\"https:\/\/superbydot.com\/en\/store\/\"},{\"@type\":\"ListItem\",\"position\":3,\"name\":\"Pat\u00e9 de N\u00e9cora &#8211; La Curiosa\"}]},{\"@type\":\"WebSite\",\"@id\":\"https:\/\/superbydot.com\/#website\",\"url\":\"https:\/\/superbydot.com\/\",\"name\":\"Super by Dot\",\"description\":\"SUPER es un SUPER de barrio\",\"publisher\":{\"@id\":\"https:\/\/superbydot.com\/#organization\"},\"potentialAction\":[{\"@type\":\"SearchAction\",\"target\":{\"@type\":\"EntryPoint\",\"urlTemplate\":\"https:\/\/superbydot.com\/?s={search_term_string}\"},\"query-input\":{\"@type\":\"PropertyValueSpecification\",\"valueRequired\":true,\"valueName\":\"search_term_string\"}}],\"inLanguage\":\"en-US\"},{\"@type\":\"Organization\",\"@id\":\"https:\/\/superbydot.com\/#organization\",\"name\":\"Super by Dot\",\"url\":\"https:\/\/superbydot.com\/\",\"logo\":{\"@type\":\"ImageObject\",\"inLanguage\":\"en-US\",\"@id\":\"https:\/\/superbydot.com\/#\/schema\/logo\/image\/\",\"url\":\"https:\/\/superbydot.com\/wp-content\/uploads\/2023\/04\/logotipo_super_blanco.svg\",\"contentUrl\":\"https:\/\/superbydot.com\/wp-content\/uploads\/2023\/04\/logotipo_super_blanco.svg\",\"caption\":\"Super by Dot\"},\"image\":{\"@id\":\"https:\/\/superbydot.com\/#\/schema\/logo\/image\/\"}}]}<\/script>\n<!-- \/ Yoast SEO plugin. -->","yoast_head_json":{"title":"Pat\u00e9 de N\u00e9cora - La Curiosa - Super by Dot","robots":{"index":"index","follow":"follow","max-snippet":"max-snippet:-1","max-image-preview":"max-image-preview:large","max-video-preview":"max-video-preview:-1"},"canonical":"https:\/\/superbydot.com\/tienda\/comida\/conservas\/pate-de-necora\/","og_locale":"en_US","og_type":"article","og_title":"Pat\u00e9 de N\u00e9cora - La Curiosa - Super by Dot","og_description":"Marisco, aroma de laurel y un toque cremoso de mayonesa. Ingredientes: Mariscos (n\u00e9cora, gamba, almeja, berberecho, mejill\u00f3n), mayonesa en salsa suave (agua, aceite de soja), vinagre de vino, almid\u00f3n de trigo, yema de huevo, az\u00facar, sal, jarabe de glucosa deshidratado, almid\u00f3n modificado de ma\u00edz, espesantes (goma de garrof\u00edn, goma guar), conservador (\u00e1cido s\u00f3rbico), colorantes (carotenos), [&hellip;]","og_url":"https:\/\/superbydot.com\/tienda\/comida\/conservas\/pate-de-necora\/","og_site_name":"Super by Dot","article_modified_time":"2026-01-24T12:08:07+00:00","og_image":[{"width":1080,"height":1080,"url":"https:\/\/superbydot.com\/wp-content\/uploads\/2023\/03\/patenecorao-lacuriosa.jpg","type":"image\/jpeg"}],"twitter_card":"summary_large_image","twitter_misc":{"Est. reading time":"1 minute"},"schema":{"@context":"https:\/\/schema.org","@graph":[{"@type":"WebPage","@id":"https:\/\/superbydot.com\/tienda\/comida\/conservas\/pate-de-necora\/","url":"https:\/\/superbydot.com\/tienda\/comida\/conservas\/pate-de-necora\/","name":"Pat\u00e9 de N\u00e9cora - La Curiosa - Super by Dot","isPartOf":{"@id":"https:\/\/superbydot.com\/#website"},"primaryImageOfPage":{"@id":"https:\/\/superbydot.com\/tienda\/comida\/conservas\/pate-de-necora\/#primaryimage"},"image":{"@id":"https:\/\/superbydot.com\/tienda\/comida\/conservas\/pate-de-necora\/#primaryimage"},"thumbnailUrl":"https:\/\/superbydot.com\/wp-content\/uploads\/2023\/03\/patenecorao-lacuriosa.jpg","datePublished":"2023-03-31T10:37:11+00:00","dateModified":"2026-01-24T12:08:07+00:00","breadcrumb":{"@id":"https:\/\/superbydot.com\/tienda\/comida\/conservas\/pate-de-necora\/#breadcrumb"},"inLanguage":"en-US","potentialAction":[{"@type":"ReadAction","target":["https:\/\/superbydot.com\/tienda\/comida\/conservas\/pate-de-necora\/"]}]},{"@type":"ImageObject","inLanguage":"en-US","@id":"https:\/\/superbydot.com\/tienda\/comida\/conservas\/pate-de-necora\/#primaryimage","url":"https:\/\/superbydot.com\/wp-content\/uploads\/2023\/03\/patenecorao-lacuriosa.jpg","contentUrl":"https:\/\/superbydot.com\/wp-content\/uploads\/2023\/03\/patenecorao-lacuriosa.jpg","width":1080,"height":1080},{"@type":"BreadcrumbList","@id":"https:\/\/superbydot.com\/tienda\/comida\/conservas\/pate-de-necora\/#breadcrumb","itemListElement":[{"@type":"ListItem","position":1,"name":"Portada","item":"https:\/\/superbydot.com\/"},{"@type":"ListItem","position":2,"name":"EN Tienda","item":"https:\/\/superbydot.com\/en\/store\/"},{"@type":"ListItem","position":3,"name":"Pat\u00e9 de N\u00e9cora &#8211; La Curiosa"}]},{"@type":"WebSite","@id":"https:\/\/superbydot.com\/#website","url":"https:\/\/superbydot.com\/","name":"Super by Dot","description":"SUPER es un SUPER de barrio","publisher":{"@id":"https:\/\/superbydot.com\/#organization"},"potentialAction":[{"@type":"SearchAction","target":{"@type":"EntryPoint","urlTemplate":"https:\/\/superbydot.com\/?s={search_term_string}"},"query-input":{"@type":"PropertyValueSpecification","valueRequired":true,"valueName":"search_term_string"}}],"inLanguage":"en-US"},{"@type":"Organization","@id":"https:\/\/superbydot.com\/#organization","name":"Super by Dot","url":"https:\/\/superbydot.com\/","logo":{"@type":"ImageObject","inLanguage":"en-US","@id":"https:\/\/superbydot.com\/#\/schema\/logo\/image\/","url":"https:\/\/superbydot.com\/wp-content\/uploads\/2023\/04\/logotipo_super_blanco.svg","contentUrl":"https:\/\/superbydot.com\/wp-content\/uploads\/2023\/04\/logotipo_super_blanco.svg","caption":"Super by Dot"},"image":{"@id":"https:\/\/superbydot.com\/#\/schema\/logo\/image\/"}}]}},"_links":{"self":[{"href":"https:\/\/superbydot.com\/en\/wp-json\/wp\/v2\/product\/943","targetHints":{"allow":["GET"]}}],"collection":[{"href":"https:\/\/superbydot.com\/en\/wp-json\/wp\/v2\/product"}],"about":[{"href":"https:\/\/superbydot.com\/en\/wp-json\/wp\/v2\/types\/product"}],"wp:featuredmedia":[{"embeddable":true,"href":"https:\/\/superbydot.com\/en\/wp-json\/wp\/v2\/media\/19906"}],"wp:attachment":[{"href":"https:\/\/superbydot.com\/en\/wp-json\/wp\/v2\/media?parent=943"}],"wp:term":[{"taxonomy":"product_brand","embeddable":true,"href":"https:\/\/superbydot.com\/en\/wp-json\/wp\/v2\/product_brand?post=943"},{"taxonomy":"product_cat","embeddable":true,"href":"https:\/\/superbydot.com\/en\/wp-json\/wp\/v2\/product_cat?post=943"},{"taxonomy":"product_tag","embeddable":true,"href":"https:\/\/superbydot.com\/en\/wp-json\/wp\/v2\/product_tag?post=943"}],"curies":[{"name":"wp","href":"https:\/\/api.w.org\/{rel}","templated":true}]}}